{"id":936,"date":"2020-09-15T10:31:40","date_gmt":"2020-09-15T08:31:40","guid":{"rendered":"https:\/\/old.m2act.ch\/impressum\/"},"modified":"2024-02-14T14:41:30","modified_gmt":"2024-02-14T13:41:30","slug":"impressum","status":"publish","type":"page","link":"https:\/\/old.m2act.ch\/it\/impressum\/","title":{"rendered":"Impressum"},"content":{"rendered":"\n<p>Federazione delle Cooperative Migros<\/p>\n\n\n\n<p><\/p>\n\n\n\n<p><strong><strong>Responsabilit\u00e0 generale<\/strong><\/strong><br>Hedy Graber, Responsabile della Direzione Societ\u00e0 e cultura<br><\/p>\n\n\n\n<p><strong>Percento culturale Migros m2act<\/strong><br>Saima S\u00e4gesser, Direzione Percento culturale Migros m2act<br>Federazione delle Cooperative Migros<br> Direzione Societ\u00e0 e cultura <br>L\u00f6wenbr\u00e4ukunst-Areal<br>Limmatstrasse 270<br>Casella postale 1766<br>CH-8031 Z\u00fcrich<\/p>\n\n\n\n<p><strong>Contatto<\/strong><br><a href=\"mailto:m2act@mgb.ch\">m2act@mgb.ch<\/a><\/p>\n\n\n\n<p>Concetto e design sito web:&nbsp;<a rel=\"noreferrer noopener\" href=\"http:\/\/www.sonjastuder.ch\/\" target=\"_blank\">Sonja Studer<\/a><br>Programmazione sito web:&nbsp;<a href=\"http:\/\/www.aleaiactadigital.ch\/\">alea iacta digital<\/a><br>Testo: team m2act e Patrick Ilg<\/p>\n\n\n\n<p><\/p>\n\n\n\n<p><strong>Foto<\/strong><br>Key Visual 2024: Daniela Ruocco \u00a9 Mali Lazell \/ Firma f\u00fcr Zwischenbereiche: &#8220;Meine Heidi, deine Heidi&#8221; \u00a9 Ketty Bertossi<\/p>\n\n\n\n<p>Key Visuals 2023: BRUNING ISSUES 2020 \u00a9 Rebecca R\u00fctten \/ Sciopero delle donne 2019 \u00a9 Eleni Kougionis<\/p>\n\n\n\n<p>Key Visuals 2022: \u00abSoya the Cow\u00bb \u00a9 Olivia Schenker \/ fotogramma dell&#8217;installazione video \u00abAnimal Remains\u00bb, 2018, Badel\/Sarbach<\/p>\n\n\n\n<p>Key Visuals 2021: Kinda Gozo, Cie Linga: &#8220;Sottovoce&#8221; \u00a9 Gregory Batardon \/ Cie Greffe: &#8220;Elementen III &#8211; Blazing Wreck&#8221; \u00a9 Christian Lutz<\/p>\n\n\n\n<p>Key Visuals 2020: Manaka Empowerment Prod.: &#8220;Black. Space. Race&#8221; \u00a9 Janosch Abel \/ Unplush: &#8220;Of Humans and other Artifacts&#8221; \u00a9 Roman Brunner<\/p>\n\n\n\n<p>Foto m2act@S\u00fcdpol 2020 \u00a9 Nicolas Gysin<br>Foto m2act@Gessnerallee 2021 \u00a9 Nicolas Gysin<br>Foto m2act@grange-unil 2022 \u00a9 Nora Rupp<br>Foto m2act x Burning Issues 2023 \u00a9 Nora Rupp<\/p>\n","protected":false},"excerpt":{"rendered":"<p>Federazione delle Cooperative Migros Responsabilit\u00e0 generaleHedy Graber, Responsabile della Direzione Societ\u00e0 e cultura Percento culturale Migros m2actSaima S\u00e4gesser, Direzione Percento culturale Migros m2actFederazione delle Cooperative Migros Direzione Societ\u00e0 e cultura L\u00f6wenbr\u00e4ukunst-ArealLimmatstrasse 270Casella postale 1766CH-8031 Z\u00fcrich Contattom2act@mgb.ch Concetto e design sito web:&nbsp;Sonja StuderProgrammazione sito web:&nbsp;alea iacta digitalTesto: team m2act e Patrick Ilg FotoKey Visual 2024: Daniela [&hellip;]<\/p>\n","protected":false},"author":1,"featured_media":0,"parent":0,"menu_order":85,"comment_status":"closed","ping_status":"closed","template":"","meta":{"_acf_changed":false,"footnotes":""},"class_list":["post-936","page","type-page","status-publish","hentry"],"acf":[],"yoast_head":"<!-- This site is optimized with the Yoast SEO plugin v23.3 - https:\/\/yoast.com\/wordpress\/plugins\/seo\/ -->\n<title>Impressum - M2ACT<\/title>\n<meta name=\"robots\" content=\"index, follow, max-snippet:-1, max-image-preview:large, max-video-preview:-1\" \/>\n<link rel=\"canonical\" href=\"https:\/\/www.m2act.ch\/it\/impressum\/\" \/>\n<meta property=\"og:locale\" content=\"it_IT\" \/>\n<meta property=\"og:type\" content=\"article\" \/>\n<meta property=\"og:title\" content=\"Impressum - M2ACT\" \/>\n<meta property=\"og:description\" content=\"Federazione delle Cooperative Migros Responsabilit\u00e0 generaleHedy Graber, Responsabile della Direzione Societ\u00e0 e cultura Percento culturale Migros m2actSaima S\u00e4gesser, Direzione Percento culturale Migros m2actFederazione delle Cooperative Migros Direzione Societ\u00e0 e cultura L\u00f6wenbr\u00e4ukunst-ArealLimmatstrasse 270Casella postale 1766CH-8031 Z\u00fcrich Contattom2act@mgb.ch Concetto e design sito web:&nbsp;Sonja StuderProgrammazione sito web:&nbsp;alea iacta digitalTesto: team m2act e Patrick Ilg FotoKey Visual 2024: Daniela [&hellip;]\" \/>\n<meta property=\"og:url\" content=\"https:\/\/www.m2act.ch\/it\/impressum\/\" \/>\n<meta property=\"og:site_name\" content=\"M2ACT\" \/>\n<meta property=\"article:modified_time\" content=\"2024-02-14T13:41:30+00:00\" \/>\n<meta property=\"og:image\" content=\"https:\/\/old.m2act.ch\/wp-content\/uploads\/2023\/03\/M2ACT_KEYVISUAL_2023_DAMPFZENTRALE_1800x800.jpg\" \/>\n\t<meta property=\"og:image:width\" content=\"1800\" \/>\n\t<meta property=\"og:image:height\" content=\"801\" \/>\n\t<meta property=\"og:image:type\" content=\"image\/jpeg\" \/>\n<meta name=\"twitter:card\" content=\"summary_large_image\" \/>\n<meta name=\"twitter:label1\" content=\"Tempo di lettura stimato\" \/>\n\t<meta name=\"twitter:data1\" content=\"2 minuti\" \/>\n<script type=\"application\/ld+json\" class=\"yoast-schema-graph\">{\"@context\":\"https:\/\/schema.org\",\"@graph\":[{\"@type\":\"WebPage\",\"@id\":\"https:\/\/www.m2act.ch\/it\/impressum\/\",\"url\":\"https:\/\/www.m2act.ch\/it\/impressum\/\",\"name\":\"Impressum - M2ACT\",\"isPartOf\":{\"@id\":\"https:\/\/www.m2act.ch\/#website\"},\"datePublished\":\"2020-09-15T08:31:40+00:00\",\"dateModified\":\"2024-02-14T13:41:30+00:00\",\"breadcrumb\":{\"@id\":\"https:\/\/www.m2act.ch\/it\/impressum\/#breadcrumb\"},\"inLanguage\":\"it-IT\",\"potentialAction\":[{\"@type\":\"ReadAction\",\"target\":[\"https:\/\/www.m2act.ch\/it\/impressum\/\"]}]},{\"@type\":\"BreadcrumbList\",\"@id\":\"https:\/\/www.m2act.ch\/it\/impressum\/#breadcrumb\",\"itemListElement\":[{\"@type\":\"ListItem\",\"position\":1,\"name\":\"Startseite\",\"item\":\"https:\/\/www.m2act.ch\/it\/\"},{\"@type\":\"ListItem\",\"position\":2,\"name\":\"Impressum\"}]},{\"@type\":\"WebSite\",\"@id\":\"https:\/\/www.m2act.ch\/#website\",\"url\":\"https:\/\/www.m2act.ch\/\",\"name\":\"M2ACT\",\"description\":\"Ein Projekt von Migros Kulturprozent\",\"potentialAction\":[{\"@type\":\"SearchAction\",\"target\":{\"@type\":\"EntryPoint\",\"urlTemplate\":\"https:\/\/www.m2act.ch\/?s={search_term_string}\"},\"query-input\":\"required name=search_term_string\"}],\"inLanguage\":\"it-IT\"}]}<\/script>\n<!-- \/ Yoast SEO plugin. -->","yoast_head_json":{"title":"Impressum - M2ACT","robots":{"index":"index","follow":"follow","max-snippet":"max-snippet:-1","max-image-preview":"max-image-preview:large","max-video-preview":"max-video-preview:-1"},"canonical":"https:\/\/www.m2act.ch\/it\/impressum\/","og_locale":"it_IT","og_type":"article","og_title":"Impressum - M2ACT","og_description":"Federazione delle Cooperative Migros Responsabilit\u00e0 generaleHedy Graber, Responsabile della Direzione Societ\u00e0 e cultura Percento culturale Migros m2actSaima S\u00e4gesser, Direzione Percento culturale Migros m2actFederazione delle Cooperative Migros Direzione Societ\u00e0 e cultura L\u00f6wenbr\u00e4ukunst-ArealLimmatstrasse 270Casella postale 1766CH-8031 Z\u00fcrich Contattom2act@mgb.ch Concetto e design sito web:&nbsp;Sonja StuderProgrammazione sito web:&nbsp;alea iacta digitalTesto: team m2act e Patrick Ilg FotoKey Visual 2024: Daniela [&hellip;]","og_url":"https:\/\/www.m2act.ch\/it\/impressum\/","og_site_name":"M2ACT","article_modified_time":"2024-02-14T13:41:30+00:00","og_image":[{"width":1800,"height":801,"url":"https:\/\/old.m2act.ch\/wp-content\/uploads\/2023\/03\/M2ACT_KEYVISUAL_2023_DAMPFZENTRALE_1800x800.jpg","type":"image\/jpeg"}],"twitter_card":"summary_large_image","twitter_misc":{"Tempo di lettura stimato":"2 minuti"},"schema":{"@context":"https:\/\/schema.org","@graph":[{"@type":"WebPage","@id":"https:\/\/www.m2act.ch\/it\/impressum\/","url":"https:\/\/www.m2act.ch\/it\/impressum\/","name":"Impressum - M2ACT","isPartOf":{"@id":"https:\/\/www.m2act.ch\/#website"},"datePublished":"2020-09-15T08:31:40+00:00","dateModified":"2024-02-14T13:41:30+00:00","breadcrumb":{"@id":"https:\/\/www.m2act.ch\/it\/impressum\/#breadcrumb"},"inLanguage":"it-IT","potentialAction":[{"@type":"ReadAction","target":["https:\/\/www.m2act.ch\/it\/impressum\/"]}]},{"@type":"BreadcrumbList","@id":"https:\/\/www.m2act.ch\/it\/impressum\/#breadcrumb","itemListElement":[{"@type":"ListItem","position":1,"name":"Startseite","item":"https:\/\/www.m2act.ch\/it\/"},{"@type":"ListItem","position":2,"name":"Impressum"}]},{"@type":"WebSite","@id":"https:\/\/www.m2act.ch\/#website","url":"https:\/\/www.m2act.ch\/","name":"M2ACT","description":"Ein Projekt von Migros Kulturprozent","potentialAction":[{"@type":"SearchAction","target":{"@type":"EntryPoint","urlTemplate":"https:\/\/www.m2act.ch\/?s={search_term_string}"},"query-input":"required name=search_term_string"}],"inLanguage":"it-IT"}]}},"_links":{"self":[{"href":"https:\/\/old.m2act.ch\/it\/wp-json\/wp\/v2\/pages\/936"}],"collection":[{"href":"https:\/\/old.m2act.ch\/it\/wp-json\/wp\/v2\/pages"}],"about":[{"href":"https:\/\/old.m2act.ch\/it\/wp-json\/wp\/v2\/types\/page"}],"author":[{"embeddable":true,"href":"https:\/\/old.m2act.ch\/it\/wp-json\/wp\/v2\/users\/1"}],"replies":[{"embeddable":true,"href":"https:\/\/old.m2act.ch\/it\/wp-json\/wp\/v2\/comments?post=936"}],"version-history":[{"count":11,"href":"https:\/\/old.m2act.ch\/it\/wp-json\/wp\/v2\/pages\/936\/revisions"}],"predecessor-version":[{"id":9244,"href":"https:\/\/old.m2act.ch\/it\/wp-json\/wp\/v2\/pages\/936\/revisions\/9244"}],"wp:attachment":[{"href":"https:\/\/old.m2act.ch\/it\/wp-json\/wp\/v2\/media?parent=936"}],"curies":[{"name":"wp","href":"https:\/\/api.w.org\/{rel}","templated":true}]}}