{"id":931,"date":"2020-09-25T10:32:56","date_gmt":"2020-09-25T08:32:56","guid":{"rendered":"https:\/\/old.m2act.ch\/glossar\/"},"modified":"2022-03-03T09:42:19","modified_gmt":"2022-03-03T08:42:19","slug":"glossar","status":"publish","type":"page","link":"https:\/\/old.m2act.ch\/it\/glossar\/","title":{"rendered":"Glossario"},"content":{"rendered":"\n<p>Le definizioni di questo glossario non sono da intendersi in modo dogmatico, ma vanno interpretate in senso dinamico: i concetti vengono ripensati e ulteriormente sviluppati attraverso le attivit\u00e0 e i progetti, nei quali trovano realizzazione come \u00abesempi vissuti\u00bb.<\/p>\n\n\n\n<p><\/p>\n\n\n\n<h3 class=\"wp-block-heading\" id=\"faire-praxis\">Prassi equa<\/h3>\n\n\n\n<p>La collaborazione e&nbsp;il comportamento&nbsp;si basano sulle pari opportunit\u00e0, sull\u2019equit\u00e0 sociale e di genere, sulla solidariet\u00e0, sull\u2019inclusione e sulla sostenibilit\u00e0. Tali principi si rispecchiano nella politica retributiva, nei processi, nelle strutture e nelle condizioni quadro nonch\u00e9 nell\u2019adeguato compenso di tutte le parti coinvolte. La prassi equa attribuisce importanza a un buon equilibrio tra vita lavorativa e familiare, portando l\u2019attenzione verso s\u00e9 stessi e gli altri. Una prassi equa nelle arti della scena significa essere consapevoli del proprio ruolo, agire di conseguenza e impegnarsi a far s\u00ec che le operatrici e gli operatori culturali e il pubblico si adoperino in favore di una societ\u00e0 improntata all\u2019equit\u00e0 sociale e alla sostenibilit\u00e0. La prassi equa \u00e8 una condizione fondamentale nonch\u00e9 una componente imprescindibile di qualsiasi attivit\u00e0, collaborazione e promozione di progetti nell\u2019ambito di m2act.<\/p>\n\n\n\n<p><\/p>\n\n\n\n<h3 class=\"wp-block-heading\" id=\"kulturelle-ko-kreation\">Co-creazione culturale<\/h3>\n\n\n\n<p>Nel contesto di m2act, la co-creazione culturale per la collaborazione di attrici e attori su base paritaria \u00e8 gi\u00e0 presente nel processo di genesi e\/o nell\u2019attuazione di progetti culturali. Al centro dell\u2019attenzione vi sono progetti&nbsp;sviluppati e realizzati da operatrici e operatori culturali e\/o istituzioni culturali, in modo paritario e in collaborazione con specialiste e specialisti di altre discipline, sulla base delle loro competenze e abilit\u00e0 specifiche.&nbsp;Le modalit\u00e0 di lavoro artistico vengono associate a metodi e approcci scientifici e\/o orientati alla prassi mutuati da altri campi e settori, come affari sociali, economia, societ\u00e0, ricerca, scienza e politica. Una collaborazione che intreccia diversi settori racchiude un grande potenziale di creazione culturale innovativa e di qualit\u00e0 elevata sia nei processi sia nei formati che ne derivano.<br><\/p>\n\n\n\n<p><\/p>\n\n\n\n<h3 class=\"wp-block-heading\" id=\"nachhaltige-strukturen\">Strutture sostenibili<\/h3>\n\n\n\n<p>Condizioni quadro, processi e contesti lavorativi devono essere a prova di futuro. Essi si orientano ai principi di una prassi equa e si fondano su un utilizzo sostenibile delle risorse naturali, economiche e umane. Agire in modo sostenibile nelle arti della scena significa tutelare l\u2019ambiente, creare condizioni di lavoro eque e inclusive e&nbsp;gestire&nbsp;le risorse finanziarie in modo consapevole. Al tempo stesso le operatrici e gli operatori culturali coinvolgono il pubblico nel loro impegno e lo informano in modo trasparente. Le strutture sostenibili forniscono un importante contributo&nbsp;a una maggiore coscientizzazione ecologica nelle&nbsp;arti della scena e al miglioramento della situazione socioeconomica delle operatrici e degli operatori culturali, creando le condizioni fondamentali per rafforzare il radicamento e la rilevanza delle arti della scena nella societ\u00e0.<\/p>\n\n\n\n<p><\/p>\n\n\n\n<h3 class=\"wp-block-heading\" id=\"offener-wissenstransfer\">Condivisione aperta di conoscenze<\/h3>\n\n\n\n<p>La condivisione e lo scambio di esperienze e conoscenze in modo aperto e gratuito fanno parte del DNA di m2act. Tale scambio nasce nell\u2019ambito di svariati formati e progetti artistici, sperimentali e discorsivi nonch\u00e9 sulla base di diversi metodi. Gli approfondimenti e i risultati vengono condivisi, documentati e resi accessibili ad altre persone affinch\u00e9 possano riutilizzarli e svilupparli ulteriormente in modo libero. La condivisione aperta delle conoscenze ha luogo tra esperte\/i e interessate\/i, tra specialiste\/i di diversi settori nonch\u00e9 tra artiste\/i e pubblico. Rappresenta l\u2019essenza e il presupposto della collaborazione co-creativa e consente un apprendimento comune e paritetico. La condivisione aperta delle conoscenze \u2013 in particolare alla base e come base di una prassi equa \u2013 consente e asseconda un cambiamento delle strutture, delle modalit\u00e0 di lavoro e dei processi nelle arti della scena, in modo sostenibile e orientato al futuro.<\/p>\n\n\n\n<p><\/p>\n\n\n\n<h3 class=\"wp-block-heading\">Orientamento all\u2019impatto<\/h3>\n\n\n\n<p>Orientamento all&#8217;impatto significa che un progetto \u00e8 concepito e attuato in maniera tale da ottenere realmente l&#8217;effetto desiderato. Si tratta di esplicitare le ipotesi che permettono di realizzare con successo la trasformazione. Come riferimento si veda la <a href=\"https:\/\/old.m2act.ch\/it\/toolbox\/impact-guide\/\">Impact guide del Fondo pionieristico Migros<\/a>, in particolare il modello della catena degli impatti. Quest&#8217;ultima evidenzia che un&#8217;offerta (output) capace di generare un cambiamento nel comportamento del gruppo target (outcome) si basa su tutta una serie di ipotesi.<\/p>\n","protected":false},"excerpt":{"rendered":"<p>Le definizioni di questo glossario non sono da intendersi in modo dogmatico, ma vanno interpretate in senso dinamico: i concetti vengono ripensati e ulteriormente sviluppati attraverso le attivit\u00e0 e i progetti, nei quali trovano realizzazione come \u00abesempi vissuti\u00bb. Prassi equa La collaborazione e&nbsp;il comportamento&nbsp;si basano sulle pari opportunit\u00e0, sull\u2019equit\u00e0 sociale e di genere, sulla solidariet\u00e0, [&hellip;]<\/p>\n","protected":false},"author":1,"featured_media":0,"parent":0,"menu_order":51,"comment_status":"closed","ping_status":"closed","template":"","meta":{"_acf_changed":false,"footnotes":""},"class_list":["post-931","page","type-page","status-publish","hentry"],"acf":[],"yoast_head":"<!-- This site is optimized with the Yoast SEO plugin v23.3 - https:\/\/yoast.com\/wordpress\/plugins\/seo\/ -->\n<title>Glossario - M2ACT<\/title>\n<meta name=\"robots\" content=\"index, follow, max-snippet:-1, max-image-preview:large, max-video-preview:-1\" \/>\n<link rel=\"canonical\" href=\"https:\/\/www.m2act.ch\/it\/glossar\/\" \/>\n<meta property=\"og:locale\" content=\"it_IT\" \/>\n<meta property=\"og:type\" content=\"article\" \/>\n<meta property=\"og:title\" content=\"Glossario - M2ACT\" \/>\n<meta property=\"og:description\" content=\"Le definizioni di questo glossario non sono da intendersi in modo dogmatico, ma vanno interpretate in senso dinamico: i concetti vengono ripensati e ulteriormente sviluppati attraverso le attivit\u00e0 e i progetti, nei quali trovano realizzazione come \u00abesempi vissuti\u00bb. Prassi equa La collaborazione e&nbsp;il comportamento&nbsp;si basano sulle pari opportunit\u00e0, sull\u2019equit\u00e0 sociale e di genere, sulla solidariet\u00e0, [&hellip;]\" \/>\n<meta property=\"og:url\" content=\"https:\/\/www.m2act.ch\/it\/glossar\/\" \/>\n<meta property=\"og:site_name\" content=\"M2ACT\" \/>\n<meta property=\"article:modified_time\" content=\"2022-03-03T08:42:19+00:00\" \/>\n<meta property=\"og:image\" content=\"https:\/\/old.m2act.ch\/wp-content\/uploads\/2023\/03\/M2ACT_KEYVISUAL_2023_DAMPFZENTRALE_1800x800.jpg\" \/>\n\t<meta property=\"og:image:width\" content=\"1800\" \/>\n\t<meta property=\"og:image:height\" content=\"801\" \/>\n\t<meta property=\"og:image:type\" content=\"image\/jpeg\" \/>\n<meta name=\"twitter:card\" content=\"summary_large_image\" \/>\n<meta name=\"twitter:label1\" content=\"Tempo di lettura stimato\" \/>\n\t<meta name=\"twitter:data1\" content=\"4 minuti\" \/>\n<script type=\"application\/ld+json\" class=\"yoast-schema-graph\">{\"@context\":\"https:\/\/schema.org\",\"@graph\":[{\"@type\":\"WebPage\",\"@id\":\"https:\/\/www.m2act.ch\/it\/glossar\/\",\"url\":\"https:\/\/www.m2act.ch\/it\/glossar\/\",\"name\":\"Glossario - M2ACT\",\"isPartOf\":{\"@id\":\"https:\/\/www.m2act.ch\/#website\"},\"datePublished\":\"2020-09-25T08:32:56+00:00\",\"dateModified\":\"2022-03-03T08:42:19+00:00\",\"breadcrumb\":{\"@id\":\"https:\/\/www.m2act.ch\/it\/glossar\/#breadcrumb\"},\"inLanguage\":\"it-IT\",\"potentialAction\":[{\"@type\":\"ReadAction\",\"target\":[\"https:\/\/www.m2act.ch\/it\/glossar\/\"]}]},{\"@type\":\"BreadcrumbList\",\"@id\":\"https:\/\/www.m2act.ch\/it\/glossar\/#breadcrumb\",\"itemListElement\":[{\"@type\":\"ListItem\",\"position\":1,\"name\":\"Startseite\",\"item\":\"https:\/\/www.m2act.ch\/it\/\"},{\"@type\":\"ListItem\",\"position\":2,\"name\":\"Glossario\"}]},{\"@type\":\"WebSite\",\"@id\":\"https:\/\/www.m2act.ch\/#website\",\"url\":\"https:\/\/www.m2act.ch\/\",\"name\":\"M2ACT\",\"description\":\"Ein Projekt von Migros Kulturprozent\",\"potentialAction\":[{\"@type\":\"SearchAction\",\"target\":{\"@type\":\"EntryPoint\",\"urlTemplate\":\"https:\/\/www.m2act.ch\/?s={search_term_string}\"},\"query-input\":\"required name=search_term_string\"}],\"inLanguage\":\"it-IT\"}]}<\/script>\n<!-- \/ Yoast SEO plugin. -->","yoast_head_json":{"title":"Glossario - M2ACT","robots":{"index":"index","follow":"follow","max-snippet":"max-snippet:-1","max-image-preview":"max-image-preview:large","max-video-preview":"max-video-preview:-1"},"canonical":"https:\/\/www.m2act.ch\/it\/glossar\/","og_locale":"it_IT","og_type":"article","og_title":"Glossario - M2ACT","og_description":"Le definizioni di questo glossario non sono da intendersi in modo dogmatico, ma vanno interpretate in senso dinamico: i concetti vengono ripensati e ulteriormente sviluppati attraverso le attivit\u00e0 e i progetti, nei quali trovano realizzazione come \u00abesempi vissuti\u00bb. Prassi equa La collaborazione e&nbsp;il comportamento&nbsp;si basano sulle pari opportunit\u00e0, sull\u2019equit\u00e0 sociale e di genere, sulla solidariet\u00e0, [&hellip;]","og_url":"https:\/\/www.m2act.ch\/it\/glossar\/","og_site_name":"M2ACT","article_modified_time":"2022-03-03T08:42:19+00:00","og_image":[{"width":1800,"height":801,"url":"https:\/\/old.m2act.ch\/wp-content\/uploads\/2023\/03\/M2ACT_KEYVISUAL_2023_DAMPFZENTRALE_1800x800.jpg","type":"image\/jpeg"}],"twitter_card":"summary_large_image","twitter_misc":{"Tempo di lettura stimato":"4 minuti"},"schema":{"@context":"https:\/\/schema.org","@graph":[{"@type":"WebPage","@id":"https:\/\/www.m2act.ch\/it\/glossar\/","url":"https:\/\/www.m2act.ch\/it\/glossar\/","name":"Glossario - M2ACT","isPartOf":{"@id":"https:\/\/www.m2act.ch\/#website"},"datePublished":"2020-09-25T08:32:56+00:00","dateModified":"2022-03-03T08:42:19+00:00","breadcrumb":{"@id":"https:\/\/www.m2act.ch\/it\/glossar\/#breadcrumb"},"inLanguage":"it-IT","potentialAction":[{"@type":"ReadAction","target":["https:\/\/www.m2act.ch\/it\/glossar\/"]}]},{"@type":"BreadcrumbList","@id":"https:\/\/www.m2act.ch\/it\/glossar\/#breadcrumb","itemListElement":[{"@type":"ListItem","position":1,"name":"Startseite","item":"https:\/\/www.m2act.ch\/it\/"},{"@type":"ListItem","position":2,"name":"Glossario"}]},{"@type":"WebSite","@id":"https:\/\/www.m2act.ch\/#website","url":"https:\/\/www.m2act.ch\/","name":"M2ACT","description":"Ein Projekt von Migros Kulturprozent","potentialAction":[{"@type":"SearchAction","target":{"@type":"EntryPoint","urlTemplate":"https:\/\/www.m2act.ch\/?s={search_term_string}"},"query-input":"required name=search_term_string"}],"inLanguage":"it-IT"}]}},"_links":{"self":[{"href":"https:\/\/old.m2act.ch\/it\/wp-json\/wp\/v2\/pages\/931"}],"collection":[{"href":"https:\/\/old.m2act.ch\/it\/wp-json\/wp\/v2\/pages"}],"about":[{"href":"https:\/\/old.m2act.ch\/it\/wp-json\/wp\/v2\/types\/page"}],"author":[{"embeddable":true,"href":"https:\/\/old.m2act.ch\/it\/wp-json\/wp\/v2\/users\/1"}],"replies":[{"embeddable":true,"href":"https:\/\/old.m2act.ch\/it\/wp-json\/wp\/v2\/comments?post=931"}],"version-history":[{"count":13,"href":"https:\/\/old.m2act.ch\/it\/wp-json\/wp\/v2\/pages\/931\/revisions"}],"predecessor-version":[{"id":5324,"href":"https:\/\/old.m2act.ch\/it\/wp-json\/wp\/v2\/pages\/931\/revisions\/5324"}],"wp:attachment":[{"href":"https:\/\/old.m2act.ch\/it\/wp-json\/wp\/v2\/media?parent=931"}],"curies":[{"name":"wp","href":"https:\/\/api.w.org\/{rel}","templated":true}]}}