{"id":925,"date":"2020-09-30T09:40:52","date_gmt":"2020-09-30T07:40:52","guid":{"rendered":"https:\/\/old.m2act.ch\/team\/"},"modified":"2024-09-03T12:54:02","modified_gmt":"2024-09-03T10:54:02","slug":"team","status":"publish","type":"page","link":"https:\/\/old.m2act.ch\/it\/team\/","title":{"rendered":"Team"},"content":{"rendered":"<div id=\"bild-slider-block_cc82b4637f76d783cf0887efa559a7a7\" class=\"mod-bild-slider\">\n\t\t\t\t\t            <div class=\"slider\">\n\t\t\t\t                        <div class=\"slide\">\n                            <img decoding=\"async\" class=\"slide-image\"\n                                 srcset=\"https:\/\/old.m2act.ch\/wp-content\/uploads\/2024\/06\/Teamfoto-m2act-4.6.24-2-e1717590281702-1580x920c.jpg 2x, https:\/\/old.m2act.ch\/wp-content\/uploads\/2024\/06\/Teamfoto-m2act-4.6.24-2-e1717590281702-790x460c.jpg 1x\"\n                                 src=\"https:\/\/old.m2act.ch\/wp-content\/uploads\/2024\/06\/Teamfoto-m2act-4.6.24-2-e1717590281702-150x150c.jpg\"\n                                 alt=\"\"\n                            >\n                        <\/div>\n\t\t\t\t\t            <\/div>\n\t\t\t<\/div>\n\n\n\n<p><\/p>\n\n\n\n<p>da sinistra a destra<\/p>\n\n\n\n<p><strong>Belinda Schweizer<\/strong>, comunicazione m2act <br><br><strong>Lisa M\u00f6sli<\/strong>, operazione di coordinamento sostegno m2act<br><br><strong>Regula Schr\u00f6ter<\/strong>, co-sviluppo progettuale e consulenza sui contenuti m2act<br><br><strong>Saima S\u00e4gesser<\/strong>, responsabile m2act<br><br><strong>Dino Radoncic<\/strong>, stage Percento culturale Migros<br><br><strong>Anna Trombini<\/strong>, gestione della produzione m2act<br><br><\/p>\n\n\n\n<div style=\"height:100px\" aria-hidden=\"true\" class=\"wp-block-spacer\"><\/div>\n\n\n\n<h3 class=\"wp-block-heading\">Contatto:<\/h3>\n\n\n\n<p><a href=\"mailto:m2act@mgb.ch\" target=\"_blank\" rel=\"noreferrer noopener\">m2act@mgb.ch<\/a><\/p>\n\n\n\n<div style=\"height:100px\" aria-hidden=\"true\" class=\"wp-block-spacer\"><\/div>\n\n\n\n<div id=\"testimonial-block_fc24909df3b65a9806e0fff044138d32\" class=\"mod-stoerer-button\">\n    <a href=\"https:\/\/teams.microsoft.com\/l\/meetup-join\/19:meeting_NDQyM2IyMjktMGIyZi00YTllLTg2MmEtOGE4MjJmZTJkOTg0@thread.v2\/0?context=%7B%22Tid%22:%2235aa8c5b-ac0a-4b15-9788-ff6dfa22901f%22,%22Oid%22:%22a4f05bec-f7f5-464f-91bc-453d86e84572%22%7D\" target=\"_blank\" class=\"inner\">\n        <span class=\"title\">\n            partecipa al call        <\/span>\n        <span class=\"more\">\n                        <\/span>\n    <\/a>\n<\/div>\n\n\n    <div id=\"text-shadow-box-block_97745790c81c487788845145db750378\" class=\"mod-text-shadow-box\" data-scheme=\"white\">\n\t\t<h3>m2act <span class=\"TextRun Underlined SCXW98414832 BCX0\" lang=\"FR-CH\" xml:lang=\"FR-CH\" data-contrast=\"none\"><span class=\"NormalTextRun SpellingErrorV2Themed SpellingErrorHighlight SCXW98414832 BCX0\">Permanenza<\/span><\/span><\/h3>\n<p><span class=\"TextRun SCXW191859421 BCX0\" lang=\"IT-CH\" xml:lang=\"IT-CH\" data-contrast=\"none\"><span class=\"NormalTextRun SCXW191859421 BCX0\">Vuoi sapere esattamente cosa facciamo? Hai domande sul supporto di m2act? Hai idee su processi equi e sostenibili che vorresti discutere? Oppure vuoi fissare un appuntamento individuale? Siamo qui per te!<\/span><\/span><span class=\"EOP SCXW191859421 BCX0\" data-ccp-props=\"{&quot;201341983&quot;:0,&quot;335559739&quot;:0,&quot;335559740&quot;:259}\">\u00a0<\/span><br \/>\n<strong><br \/>\n<span class=\"TextRun SCXW44539421 BCX0\" lang=\"IT-CH\" xml:lang=\"IT-CH\" data-contrast=\"none\"><span class=\"NormalTextRun SCXW44539421 BCX0\">Ogni primo luned\u00ec del mese\u00a0<\/span><span class=\"NormalTextRun SCXW44539421 BCX0\">11<\/span><span class=\"NormalTextRun SCXW44539421 BCX0\">.00<\/span><span class=\"NormalTextRun SCXW44539421 BCX0\"> alle 12<\/span><span class=\"NormalTextRun SCXW44539421 BCX0\">.00<\/span><span class=\"NormalTextRun SCXW44539421 BCX0\"> su MS Teams!<br \/>\n<\/span><\/span><\/strong><span class=\"TextRun SCXW44539421 BCX0\" lang=\"IT-CH\" xml:lang=\"IT-CH\" data-contrast=\"none\"><span class=\"NormalTextRun SCXW44539421 BCX0\">Dati: <span class=\"TrackChangeTextInsertion TrackedChange SCXW4422093 BCX0\"><span class=\"TextRun SCXW4422093 BCX0\" lang=\"DE-DE\" xml:lang=\"DE-DE\" data-contrast=\"auto\"><span class=\"NormalTextRun SCXW4422093 BCX0\">02.09.2024, 07<\/span><\/span><\/span><span class=\"TrackChangeTextInsertion TrackedChange SCXW4422093 BCX0\"><span class=\"TextRun SCXW4422093 BCX0\" lang=\"DE-DE\" xml:lang=\"DE-DE\" data-contrast=\"auto\"><span class=\"NormalTextRun SCXW4422093 BCX0\">.10.2024, 04.11.2024, 02.12.2024<\/span><\/span><\/span><\/span><\/span><\/p>\n<ul>\n<li><strong><a class=\"Hyperlink SCXW237226685 BCX0\" href=\"https:\/\/teams.microsoft.com\/l\/meetup-join\/19:meeting_NDQyM2IyMjktMGIyZi00YTllLTg2MmEtOGE4MjJmZTJkOTg0@thread.v2\/0?context=%7B%22Tid%22:%2235aa8c5b-ac0a-4b15-9788-ff6dfa22901f%22,%22Oid%22:%22a4f05bec-f7f5-464f-91bc-453d86e84572%22%7D\" target=\"_blank\" rel=\"noreferrer noopener\"><span class=\"TextRun Underlined SCXW237226685 BCX0\" lang=\"IT-CH\" xml:lang=\"IT-CH\" data-contrast=\"none\"><span class=\"NormalTextRun SCXW237226685 BCX0\" data-ccp-charstyle=\"Hyperlink\">partecipa al call su MS Teams<\/span><\/span><\/a><\/strong><\/li>\n<\/ul>\n<p><span class=\"TextRun SCXW227727545 BCX0\" lang=\"IT-CH\" xml:lang=\"IT-CH\" data-contrast=\"none\"><span class=\"NormalTextRun SCXW227727545 BCX0\">Parliamo francese, tedesco, italiano, inglese e finlandese.<\/span><\/span><br \/>\n<span class=\"TextRun SCXW212346783 BCX0\" lang=\"IT-CH\" xml:lang=\"IT-CH\" data-contrast=\"none\"><span class=\"NormalTextRun SCXW212346783 BCX0\">Se non siamo disponibili per ferie o malattia, te lo faremo sapere su <\/span><\/span><a class=\"Hyperlink SCXW212346783 BCX0\" href=\"https:\/\/www.instagram.com\/dev.m2act.ch\/\" target=\"_blank\" rel=\"noreferrer noopener\"><span class=\"FieldRange SCXW212346783 BCX0\"><span class=\"TextRun Underlined SCXW212346783 BCX0\" lang=\"IT-CH\" xml:lang=\"IT-CH\" data-contrast=\"none\"><span class=\"NormalTextRun SCXW212346783 BCX0\" data-ccp-charstyle=\"Hyperlink\"><span style=\"text-decoration: underline;\"><strong>Instagram<\/strong><\/span><\/span><\/span><\/span><\/a><span class=\"TextRun SCXW212346783 BCX0\" lang=\"IT-CH\" xml:lang=\"IT-CH\" data-contrast=\"none\"><span class=\"NormalTextRun SCXW212346783 BCX0\">.<\/span><\/span><\/p>\n<p>&nbsp;<\/p>\n    <\/div>\n","protected":false},"excerpt":{"rendered":"<p>da sinistra a destra Belinda Schweizer, comunicazione m2act Lisa M\u00f6sli, operazione di coordinamento sostegno m2act Regula Schr\u00f6ter, co-sviluppo progettuale e consulenza sui contenuti m2act Saima S\u00e4gesser, responsabile m2act Dino Radoncic, stage Percento culturale Migros Anna Trombini, gestione della produzione m2act Contatto: m2act@mgb.ch<\/p>\n","protected":false},"author":2,"featured_media":9532,"parent":0,"menu_order":47,"comment_status":"closed","ping_status":"closed","template":"index.php","meta":{"_acf_changed":false,"footnotes":""},"class_list":["post-925","page","type-page","status-publish","has-post-thumbnail","hentry"],"acf":[],"yoast_head":"<!-- This site is optimized with the Yoast SEO plugin v23.3 - https:\/\/yoast.com\/wordpress\/plugins\/seo\/ -->\n<title>Team - M2ACT<\/title>\n<meta name=\"robots\" content=\"index, follow, max-snippet:-1, max-image-preview:large, max-video-preview:-1\" \/>\n<link rel=\"canonical\" href=\"https:\/\/www.m2act.ch\/it\/team\/\" \/>\n<meta property=\"og:locale\" content=\"it_IT\" \/>\n<meta property=\"og:type\" content=\"article\" \/>\n<meta property=\"og:title\" content=\"Team - M2ACT\" \/>\n<meta property=\"og:description\" content=\"da sinistra a destra Belinda Schweizer, comunicazione m2act Lisa M\u00f6sli, operazione di coordinamento sostegno m2act Regula Schr\u00f6ter, co-sviluppo progettuale e consulenza sui contenuti m2act Saima S\u00e4gesser, responsabile m2act Dino Radoncic, stage Percento culturale Migros Anna Trombini, gestione della produzione m2act Contatto: m2act@mgb.ch\" \/>\n<meta property=\"og:url\" content=\"https:\/\/www.m2act.ch\/it\/team\/\" \/>\n<meta property=\"og:site_name\" content=\"M2ACT\" \/>\n<meta property=\"article:modified_time\" content=\"2024-09-03T10:54:02+00:00\" \/>\n<meta property=\"og:image\" content=\"https:\/\/www.m2act.ch\/wp-content\/uploads\/2024\/06\/Teamfoto-m2act-4.6.24-1-scaled.jpg\" \/>\n\t<meta property=\"og:image:width\" content=\"2560\" \/>\n\t<meta property=\"og:image:height\" content=\"1707\" \/>\n\t<meta property=\"og:image:type\" content=\"image\/jpeg\" \/>\n<meta name=\"twitter:card\" content=\"summary_large_image\" \/>\n<meta name=\"twitter:label1\" content=\"Tempo di lettura stimato\" \/>\n\t<meta name=\"twitter:data1\" content=\"1 minuto\" \/>\n<script type=\"application\/ld+json\" class=\"yoast-schema-graph\">{\"@context\":\"https:\/\/schema.org\",\"@graph\":[{\"@type\":\"WebPage\",\"@id\":\"https:\/\/www.m2act.ch\/it\/team\/\",\"url\":\"https:\/\/www.m2act.ch\/it\/team\/\",\"name\":\"Team - M2ACT\",\"isPartOf\":{\"@id\":\"https:\/\/www.m2act.ch\/#website\"},\"primaryImageOfPage\":{\"@id\":\"https:\/\/www.m2act.ch\/it\/team\/#primaryimage\"},\"image\":{\"@id\":\"https:\/\/www.m2act.ch\/it\/team\/#primaryimage\"},\"thumbnailUrl\":\"https:\/\/old.m2act.ch\/wp-content\/uploads\/2024\/06\/Teamfoto-m2act-4.6.24-1-scaled.jpg\",\"datePublished\":\"2020-09-30T07:40:52+00:00\",\"dateModified\":\"2024-09-03T10:54:02+00:00\",\"breadcrumb\":{\"@id\":\"https:\/\/www.m2act.ch\/it\/team\/#breadcrumb\"},\"inLanguage\":\"it-IT\",\"potentialAction\":[{\"@type\":\"ReadAction\",\"target\":[\"https:\/\/www.m2act.ch\/it\/team\/\"]}]},{\"@type\":\"ImageObject\",\"inLanguage\":\"it-IT\",\"@id\":\"https:\/\/www.m2act.ch\/it\/team\/#primaryimage\",\"url\":\"https:\/\/old.m2act.ch\/wp-content\/uploads\/2024\/06\/Teamfoto-m2act-4.6.24-1-scaled.jpg\",\"contentUrl\":\"https:\/\/old.m2act.ch\/wp-content\/uploads\/2024\/06\/Teamfoto-m2act-4.6.24-1-scaled.jpg\",\"width\":2560,\"height\":1707},{\"@type\":\"BreadcrumbList\",\"@id\":\"https:\/\/www.m2act.ch\/it\/team\/#breadcrumb\",\"itemListElement\":[{\"@type\":\"ListItem\",\"position\":1,\"name\":\"Startseite\",\"item\":\"https:\/\/www.m2act.ch\/it\/\"},{\"@type\":\"ListItem\",\"position\":2,\"name\":\"Team\"}]},{\"@type\":\"WebSite\",\"@id\":\"https:\/\/www.m2act.ch\/#website\",\"url\":\"https:\/\/www.m2act.ch\/\",\"name\":\"M2ACT\",\"description\":\"Ein Projekt von Migros Kulturprozent\",\"potentialAction\":[{\"@type\":\"SearchAction\",\"target\":{\"@type\":\"EntryPoint\",\"urlTemplate\":\"https:\/\/www.m2act.ch\/?s={search_term_string}\"},\"query-input\":\"required name=search_term_string\"}],\"inLanguage\":\"it-IT\"}]}<\/script>\n<!-- \/ Yoast SEO plugin. -->","yoast_head_json":{"title":"Team - M2ACT","robots":{"index":"index","follow":"follow","max-snippet":"max-snippet:-1","max-image-preview":"max-image-preview:large","max-video-preview":"max-video-preview:-1"},"canonical":"https:\/\/www.m2act.ch\/it\/team\/","og_locale":"it_IT","og_type":"article","og_title":"Team - M2ACT","og_description":"da sinistra a destra Belinda Schweizer, comunicazione m2act Lisa M\u00f6sli, operazione di coordinamento sostegno m2act Regula Schr\u00f6ter, co-sviluppo progettuale e consulenza sui contenuti m2act Saima S\u00e4gesser, responsabile m2act Dino Radoncic, stage Percento culturale Migros Anna Trombini, gestione della produzione m2act Contatto: m2act@mgb.ch","og_url":"https:\/\/www.m2act.ch\/it\/team\/","og_site_name":"M2ACT","article_modified_time":"2024-09-03T10:54:02+00:00","og_image":[{"width":2560,"height":1707,"url":"https:\/\/www.m2act.ch\/wp-content\/uploads\/2024\/06\/Teamfoto-m2act-4.6.24-1-scaled.jpg","type":"image\/jpeg"}],"twitter_card":"summary_large_image","twitter_misc":{"Tempo di lettura stimato":"1 minuto"},"schema":{"@context":"https:\/\/schema.org","@graph":[{"@type":"WebPage","@id":"https:\/\/www.m2act.ch\/it\/team\/","url":"https:\/\/www.m2act.ch\/it\/team\/","name":"Team - M2ACT","isPartOf":{"@id":"https:\/\/www.m2act.ch\/#website"},"primaryImageOfPage":{"@id":"https:\/\/www.m2act.ch\/it\/team\/#primaryimage"},"image":{"@id":"https:\/\/www.m2act.ch\/it\/team\/#primaryimage"},"thumbnailUrl":"https:\/\/old.m2act.ch\/wp-content\/uploads\/2024\/06\/Teamfoto-m2act-4.6.24-1-scaled.jpg","datePublished":"2020-09-30T07:40:52+00:00","dateModified":"2024-09-03T10:54:02+00:00","breadcrumb":{"@id":"https:\/\/www.m2act.ch\/it\/team\/#breadcrumb"},"inLanguage":"it-IT","potentialAction":[{"@type":"ReadAction","target":["https:\/\/www.m2act.ch\/it\/team\/"]}]},{"@type":"ImageObject","inLanguage":"it-IT","@id":"https:\/\/www.m2act.ch\/it\/team\/#primaryimage","url":"https:\/\/old.m2act.ch\/wp-content\/uploads\/2024\/06\/Teamfoto-m2act-4.6.24-1-scaled.jpg","contentUrl":"https:\/\/old.m2act.ch\/wp-content\/uploads\/2024\/06\/Teamfoto-m2act-4.6.24-1-scaled.jpg","width":2560,"height":1707},{"@type":"BreadcrumbList","@id":"https:\/\/www.m2act.ch\/it\/team\/#breadcrumb","itemListElement":[{"@type":"ListItem","position":1,"name":"Startseite","item":"https:\/\/www.m2act.ch\/it\/"},{"@type":"ListItem","position":2,"name":"Team"}]},{"@type":"WebSite","@id":"https:\/\/www.m2act.ch\/#website","url":"https:\/\/www.m2act.ch\/","name":"M2ACT","description":"Ein Projekt von Migros Kulturprozent","potentialAction":[{"@type":"SearchAction","target":{"@type":"EntryPoint","urlTemplate":"https:\/\/www.m2act.ch\/?s={search_term_string}"},"query-input":"required name=search_term_string"}],"inLanguage":"it-IT"}]}},"_links":{"self":[{"href":"https:\/\/old.m2act.ch\/it\/wp-json\/wp\/v2\/pages\/925"}],"collection":[{"href":"https:\/\/old.m2act.ch\/it\/wp-json\/wp\/v2\/pages"}],"about":[{"href":"https:\/\/old.m2act.ch\/it\/wp-json\/wp\/v2\/types\/page"}],"author":[{"embeddable":true,"href":"https:\/\/old.m2act.ch\/it\/wp-json\/wp\/v2\/users\/2"}],"replies":[{"embeddable":true,"href":"https:\/\/old.m2act.ch\/it\/wp-json\/wp\/v2\/comments?post=925"}],"version-history":[{"count":59,"href":"https:\/\/old.m2act.ch\/it\/wp-json\/wp\/v2\/pages\/925\/revisions"}],"predecessor-version":[{"id":9816,"href":"https:\/\/old.m2act.ch\/it\/wp-json\/wp\/v2\/pages\/925\/revisions\/9816"}],"wp:featuredmedia":[{"embeddable":true,"href":"https:\/\/old.m2act.ch\/it\/wp-json\/wp\/v2\/media\/9532"}],"wp:attachment":[{"href":"https:\/\/old.m2act.ch\/it\/wp-json\/wp\/v2\/media?parent=925"}],"curies":[{"name":"wp","href":"https:\/\/api.w.org\/{rel}","templated":true}]}}