{"id":9010,"date":"2024-01-30T11:12:02","date_gmt":"2024-01-30T10:12:02","guid":{"rendered":"https:\/\/old.m2act.ch\/?page_id=9010"},"modified":"2024-03-26T14:48:07","modified_gmt":"2024-03-26T13:48:07","slug":"intervista","status":"publish","type":"page","link":"https:\/\/old.m2act.ch\/it\/intervista\/","title":{"rendered":"Intervista"},"content":{"rendered":"\n<h3 class=\"wp-block-heading\">Le Carnet Rose: l&#8217;attivismo culturale prende vita anche dai festival<\/h3>\n\n\n\n<p class=\"has-text-align-left\">Lucrezia Perrig e Noemi Gr\u00fctter, in un&#8217;intervista a cura di Ana Isabel Mazon<\/p>\n\n\n\n<p><\/p>\n\n\n<div class=\"wp-bootstrap-blocks-row row\">\n\t\n\n<div class=\"col-12 col-md-6\">\n\t\t\t\n\n<p><img decoding=\"async\" class=\"wp-image-9018\" style=\"width: 150px;\" src=\"https:\/\/old.m2act.ch\/wp-content\/uploads\/2024\/01\/Lucrezia-Perrig-e1706114356226.jpg\" alt=\"\"><br><strong>Lucrezia Perrig<br><\/strong>Dottoranda Studi di genere<br>Universit\u00e0 di Losanna<\/p>\n\n\t<\/div>\n\n\n\n<div class=\"col-12 col-md-6\">\n\t\t\t\n\n<p><img decoding=\"async\" class=\"wp-image-9014\" style=\"width: 150px;\" src=\"https:\/\/old.m2act.ch\/wp-content\/uploads\/2024\/01\/noemi_gruetter-e1706114390798.jpeg\" alt=\"\"><br><strong>Noemi Gr\u00fctter<br><\/strong>Attivista femminista, DJ &amp;<br>Esperto di diritti umani<\/p>\n\n\t<\/div>\n\n<\/div>\n\n\n\n<p>Nel 2020, Lucrezia Perrig, Sidonie Atg\u00e9-Delbays e Noemi Gr\u00fctter scrivono insieme il \u00ab<a href=\"https:\/\/lescreatives.ch\/le-carnet-rose\/\">Carnet rose<\/a>\u00bb. L&#8217;opera \u00e8 un manuale che, senza pretesa di fornire conclusioni esaustive, raccoglie i risultati scaturiti dal lavoro di ricerca che le tre attiviste hanno portato avanti dal 2018, nell&#8217;ambito del festival ginevrino <em><a href=\"https:\/\/lescreatives.ch\/\" target=\"_blank\" rel=\"noreferrer noopener\">Les Cr\u00e9atives<\/a><\/em>. L&#8217;opera raccoglie testimonianze di prima mano, risorse legali e strumenti, ideati di artisti\/e e per artisti\/e, nonch\u00e9 per istituzioni della Svizzera romanda, con l&#8217;obiettivo di combattere le disuguaglianze di genere in modo pratico, nella quotidianit\u00e0 di ogni giorno.<\/p>\n\n\n\n<p>Il 17 settembre 2023, Lucrezia Perrig e Noemi Gr\u00fctter hanno tenuto un seminario nell&#8217;ambito degli incontri di networking, co-organizzati da m2act e Burning Issues, sui temi della disparit\u00e0 salariale e sulla difficolt\u00e0 di conciliare vita privata e professionale \u2013 due problemi strutturali del mondo del lavoro contemporaneo che non risparmiano il settore culturale. Nella presente intervista, Lucrezia e Noemi ci raccontano la genesi del \u00abCarnet rose\u00bb, ricordandoci inoltre che l&#8217;attivismo prende vita anche \u2013 e soprattutto \u2013 nei momenti di riunione collettiva.<\/p>\n\n\n\n<div style=\"height:100px\" aria-hidden=\"true\" class=\"wp-block-spacer\"><\/div>\n\n\n\n<div id=\"testimonial-block_749fa690da03a85a09836585667027e8\" class=\"mod-stoerer-button\">\n    <a href=\"https:\/\/lescreatives.ch\/le-carnet-rose\/\" target=\"_blank\" class=\"inner\">\n        <span class=\"title\">\n            Le Carnet Rose        <\/span>\n        <span class=\"more\">\n                        <\/span>\n    <\/a>\n<\/div>\n\n\n    <div id=\"text-shadow-box-block_a7360c6d1ac31d82fd565fdca7ff3e6d\" class=\"mod-text-shadow-box\" data-scheme=\"white\">\n\t\t<p style=\"text-align: right;\">10 novembre 2023<\/p>\n<p><strong>Com&#8217;\u00e8 nata l&#8217;idea di creare il \u00abCarnet rose\u00bb e come si \u00e8 sviluppata dal momento in cui \u00e8 stata lanciata l&#8217;iniziativa?<\/strong><\/p>\n<p>L&#8217; idea ci \u00e8 venuta dopo una tavola rotonda che era stata organizzata a Ginevra nel 2018 dal festival <em>Les Cr\u00e9atives<\/em> e che si intitolava proprio \u00abDove sono le donne?\u00bb. L&#8217;obiettivo era quello di discutere seriamente in merito alla questione della disuguaglianza di genere nei vari settori artistici e di trasformare quanto emergesse dallo scambio di vedute in un dibattito di portata generale.<\/p>\n<p>Questo incontro si \u00e8 rivelato essere uno spazio di discussione indispensabile per un gran numero di donne attive nel settore culturale.<\/p>\n<p>Il festival ha poi affidato a una di noi l&#8217;organizzazione di una nuova tavola rotonda nel 2019. L&#8217;incontro si \u00e8 tenuto pochi mesi dopo lo storico sciopero femminista, avuto luogo in Svizzera in giugno di quello stesso anno, e ha riscosso un&#8217;eco ancora pi\u00f9 ampia del previsto.<\/p>\n<p>Intorno a questa seconda tavola rotonda sono stati organizzati workshop incentrati su quattro temi cruciali: le molestie sessuali, l&#8217;uguaglianza e la diversit\u00e0 nella programmazione e nei team, la parit\u00e0 salariale, la possibilit\u00e0 di conciliare vita privata e professionale. A ciascun seminario ha partecipato anche un\/a giurista che era a disposizione per rispondere a domande basate su casi concreti e che ha suggerito possibili vie per agire sul piano legale.<\/p>\n<p>Il \u00abCarnet rose\u00bb \u00e8 nato dalla volont\u00e0 di fissare in una guida quanto era stato discusso nell&#8217;ambito dei workshop. In seguito, abbiamo inviato un questionario a tutte le istituzioni culturali della Svizzera francese in modo da definire il modo e la misura in cui cercassero di compensare le varie disuguaglianze. Da allora, siamo regolarmente invitate a presentare il \u00abCarnet rose\u00bb e il suo approccio, sia in contesti accademici che nell&#8217;ambito di festival artistici.<\/p>\n    <\/div>\n\n\n\n    <div id=\"text-shadow-box-block_4820b0e4e4f0e11fbe5da5c46629f4c2\" class=\"mod-text-shadow-box\" data-scheme=\"white\">\n\t\t<p><strong>Sapete se il vostro iter di consultazione collettiva e di raccolta di esperienze, richieste e proposte lanciato sul campo abbia avuto un impatto sul settore culturale?<\/strong><\/p>\n<p>Da quando si \u00e8 tenuta la prima tavola rotonda, nel 2018, la citt\u00e0 di Ginevra esige che, per i progetti in cui si vuole beneficiare di una convenzione, debba essere introdotta una dichiarazione che attesta la volont\u00e0 di raggiungere la parit\u00e0. \u00c8 un piccolo passo, ma \u00e8 gi\u00e0 qualcosa.<\/p>\n<p>Dopo il primo workshop, tenutosi nel 2019 e incentrato su come equilibrare al meglio il lavoro e la vita privata, il direttore dell&#8217;ensemble di musica contemporanea <em>Contrechamps<\/em>, a Ginevra, ha stanziato 10 000 franchi, dedotti dal bilancio annuale dell&#8217;associazione, per finanziare un pacchetto di misure che consentisse ai dipendenti di conciliare meglio la vita familiare con quella professionale. Tuttavia, malgrado questa facilitazione, ci ha confidato che la somma messa a disposizione in realt\u00e0 \u00e8 stata spesa solo in minima parte.<\/p>\n<p>Siamo convinte che sia necessario sensibilizzare non soltanto coloro che occupano posizioni decisionali, ma anche i dipendenti, affinch\u00e9 si sentano legittimati e sappiano di potersi avvalere delle misure e delle risorse messe a loro disposizione, senza avere la sensazione che tali pretese siano percepite negativamente.<\/p>\n    <\/div>\n\n\n\n    <div id=\"text-shadow-box-block_076d830a59e6db35bfe950392c93d603\" class=\"mod-text-shadow-box\" data-scheme=\"black\">\n\t\t<h2 style=\"text-align: center;\">\u00abDobbiamo sensibilizzare sia i dirigenti che i dipendenti, affinch\u00e9 si sentano legittimati a utilizzare le misure messe a loro disposizione.\u00bb<\/h2>\n    <\/div>\n\n\n\n    <div id=\"text-shadow-box-block_55fda95514fa36e4dec79f7ec836bc7d\" class=\"mod-text-shadow-box\" data-scheme=\"white\">\n\t\t<p><strong>Il \u00abCarnet rose\u00bb \u00e8 dunque uno strumento che ha preso forma in seguito alle tavole rotonde organizzate nell&#8217;ambito di un festival. Questi incontri hanno permesso di identificare un&#8217;esigenza, creare una dinamica e persino generare risultati concreti \u2013 tutto ci\u00f2 \u00e8 molto incoraggiante! Il vostro approccio ha fatto parte anche degli incontri di networking M2ACT x BURNING ISSUES, tenutisi a Berna il 15, il 16 e il 17 settembre 2023 e che hanno riunito per la prima volta circa 400 operatori culturali provenienti da tutta la Svizzera e anche dalla Germania, dall&#8217;Austria e dall&#8217;Italia.<\/strong><\/p>\n<p><strong>Come definireste oggi il vostro ruolo, nella cornice di questi eventi effimeri, siano essi festival o incontri di networking?<\/strong><\/p>\n<p>Nell&#8217;ambito di questi eventi, il nostro ruolo \u00e8 quello di riportare delle informazioni. Nel nostro Carnet abbiamo raccolto le voci che ci sono state confidate. Ci rivolgiamo ai professionisti del settore che si trovano ad affrontare nuove situazioni di discriminazione con le quali non per forza ci siamo confrontate prima e che forse non avremmo mai nemmeno potuto immaginare.<\/p>\n<p>Di solito, iniziamo i nostri seminari menzionando le cifre relative alle disuguaglianze di genere nel settore culturale, per mobilitare il legittimo senso di ingiustizia dei partecipanti e per consentire loro di rendersi conto della portata di tali disparit\u00e0.<br \/>\nIn seguito, effettuiamo una valutazione pi\u00f9 qualitativa, chiedendo ai partecipanti quali misure stiano adottando per affrontare tali disuguaglianze a livello personale. Partiamo dalla premessa che ognuno faccia le cose a modo suo e, insieme, cerchiamo di creare una piattaforma che riunisca queste azioni.<\/p>\n    <\/div>\n\n\n\n    <div id=\"text-shadow-box-block_cb0665f4a24d26dfa6f592201f1c69fd\" class=\"mod-text-shadow-box\" data-scheme=\"black\">\n\t\t<h2 style=\"text-align: center;\">\u00abStiamo cercando di creare insieme una piattaforma che riunisca azioni contro la disuguaglianza.\u00bb<\/h2>\n    <\/div>\n\n\n\n    <div id=\"text-shadow-box-block_452d76b4c206bf2c2256613e880e586d\" class=\"mod-text-shadow-box\" data-scheme=\"white\">\n\t\t<p><strong>Che cosa si pu\u00f2 fare per rendere questi incontri di networking ancora pi\u00f9 efficaci?<\/strong><\/p>\n<p>Il pi\u00f9 delle volte, da queste riunioni scaturisce una grande creativit\u00e0 e anche tanta voglia di agire con risolutezza. L&#8217;unica cosa che manca \u00e8 un maggiore coinvolgimento da parte della sfera politica, manca la disponibilit\u00e0 da parte dei politici di mettersi all&#8217;ascolto dell&#8217;intelligenza collettiva e di cogliere l&#8217;opportunit\u00e0 che questi eventi offrono loro per raccogliere le diverse proposte formulate dai protagonisti del settore, sintetizzati da chi anima i workshop. Dovremmo cercare di mobilitare il maggior numero possibile di professionisti del lobbismo politico.<\/p>\n<p>Dobbiamo inoltre coinvolgere le giovani generazioni di artisti e operatori culturali, promuovendo campagne di sensibilizzazione nelle scuole d&#8217;arte e tra le diverse discipline professionali.<\/p>\n    <\/div>\n\n\n\n    <div id=\"text-shadow-box-block_df4b7e2a39f4c2199be6ce14a5e71845\" class=\"mod-text-shadow-box\" data-scheme=\"black\">\n\t\t<h2>\u00abL&#8217;unica cosa che manca \u00e8 un maggiore coinvolgimento da parte della sfera politica.\u00bb<\/h2>\n    <\/div>\n\n\n\n    <div id=\"text-shadow-box-block_c2fbf6ac8ffc0ab79b3b785df0286f31\" class=\"mod-text-shadow-box\" data-scheme=\"white\">\n\t\t<p><strong>Le istituzioni scelgono sempre pi\u00f9 spesso di giocare la carta delle buone pratiche, il che sembra una buona cosa. Come fare affinch\u00e9 esse permettano all&#8217;insieme dei lavoratori di appropriarsi di questi strumenti e di integrarli nella loro vita lavorativa quotidiana?<\/strong><\/p>\n<p>Naturalmente, incoraggiamo ogni istituzione a redigere i propri documenti: una carta per l&#8217;inclusivit\u00e0, la diversit\u00e0, l&#8217;antirazzismo, il femminismo, la sostenibilit\u00e0 ecc. Ma le incoraggiamo anche a desacralizzare i testi scritti, che a volte appaiono come strumenti gravati nella pietra. L&#8217;invito \u00e8 insomma quello di farli vivere, adattandoli alle diverse realt\u00e0 e ai contesti in evoluzione. Questi scritti spesso restano lettera morta non appena chi li ha introdotti nelle rispettive istituzioni cambia lavoro o lascia la struttura. Come la maggior parte dei capitoli del \u00abCarnet rose\u00bb, andrebbero praticamente redatti ex novo ogni anno per poter essere mantenuti aggiornati e per riflettere la complessit\u00e0 di ogni situazione.<\/p>\n<p>Ancora una volta, questi workshop e incontri devono continuare ad agire su pi\u00f9 fronti, incoraggiando tutti i partecipanti a riporre sempre pi\u00f9 fiducia nella creativit\u00e0 e nell&#8217;intelligenza collettiva, e dando loro l&#8217;impulso necessario per presentare sia le loro richieste che le loro soluzioni innovative a tutti i livelli dell&#8217;ecosistema istituzionale, culturale e politico.<\/p>\n    <\/div>\n\n\n\n    <div id=\"text-shadow-box-block_7231f94d38002e41e5f12118d9e1f998\" class=\"mod-text-shadow-box\" data-scheme=\"yellow\">\n\t\t<p><strong>Noemi Gr\u00fctter<\/strong> \u00e8 un&#8217;attivista femminista e un&#8217;esperta in diritti umani. Il suo lavoro femminista \u00e8 fonte di ispirazione per le istituzioni locali, nazionali e internazionali, oltre che all&#8217;interno di club e sulla strada. Con il festival <em>Les Cr\u00e9atives<\/em> ha collaborato all\u2019ideazione e alla redazione del \u00abCarnet rose\u00bb per una maggiore parit\u00e0 nel mondo dell&#8217;arte e della cultura. Lavora anche come DJ (DJ AL\u00c9L\u00c9FI) e fa parte del collettivo \u00abCats Calling Back\u00bb.<\/p>\n<p><strong>Lucrezia Perrig<\/strong> ha studiato filosofia e scienze politiche. Attualmente sta svolgendo un dottorato sui matrimoni <em>queer<\/em> in Svizzera, presso il Centro di Studi di Genere dell&#8217;Universit\u00e0 di Losanna, sotto la supervisione di Marta Roca i Escoda. \u00c8 coautrice del \u00abCarnet rose\u00bb, la guida svizzera per la parit\u00e0 di genere nella cultura, messa a punto nell\u2019ambito del festival femminista <em>Les Cr\u00e9atives<\/em> di Ginevra.<\/p>\n    <\/div>\n","protected":false},"excerpt":{"rendered":"<p>Le Carnet Rose: l&#8217;attivismo culturale prende vita anche dai festival Lucrezia Perrig e Noemi Gr\u00fctter, in un&#8217;intervista a cura di Ana Isabel Mazon Nel 2020, Lucrezia Perrig, Sidonie Atg\u00e9-Delbays e Noemi Gr\u00fctter scrivono insieme il \u00abCarnet rose\u00bb. L&#8217;opera \u00e8 un manuale che, senza pretesa di fornire conclusioni esaustive, raccoglie i risultati scaturiti dal lavoro di [&hellip;]<\/p>\n","protected":false},"author":2,"featured_media":0,"parent":0,"menu_order":74,"comment_status":"closed","ping_status":"closed","template":"","meta":{"_acf_changed":false,"footnotes":""},"class_list":["post-9010","page","type-page","status-publish","hentry"],"acf":[],"yoast_head":"<!-- This site is optimized with the Yoast SEO plugin v23.3 - https:\/\/yoast.com\/wordpress\/plugins\/seo\/ -->\n<title>Intervista - M2ACT<\/title>\n<meta name=\"robots\" content=\"index, follow, max-snippet:-1, max-image-preview:large, max-video-preview:-1\" \/>\n<link rel=\"canonical\" href=\"https:\/\/www.m2act.ch\/it\/intervista\/\" \/>\n<meta property=\"og:locale\" content=\"it_IT\" \/>\n<meta property=\"og:type\" content=\"article\" \/>\n<meta property=\"og:title\" content=\"Intervista - M2ACT\" \/>\n<meta property=\"og:description\" content=\"Le Carnet Rose: l&#8217;attivismo culturale prende vita anche dai festival Lucrezia Perrig e Noemi Gr\u00fctter, in un&#8217;intervista a cura di Ana Isabel Mazon Nel 2020, Lucrezia Perrig, Sidonie Atg\u00e9-Delbays e Noemi Gr\u00fctter scrivono insieme il \u00abCarnet rose\u00bb. L&#8217;opera \u00e8 un manuale che, senza pretesa di fornire conclusioni esaustive, raccoglie i risultati scaturiti dal lavoro di [&hellip;]\" \/>\n<meta property=\"og:url\" content=\"https:\/\/www.m2act.ch\/it\/intervista\/\" \/>\n<meta property=\"og:site_name\" content=\"M2ACT\" \/>\n<meta property=\"article:modified_time\" content=\"2024-03-26T13:48:07+00:00\" \/>\n<meta property=\"og:image\" content=\"https:\/\/www.m2act.ch\/wp-content\/uploads\/2024\/01\/Lucrezia-Perrig-e1706114356226.jpg\" \/>\n<meta name=\"twitter:card\" content=\"summary_large_image\" \/>\n<meta name=\"twitter:label1\" content=\"Tempo di lettura stimato\" \/>\n\t<meta name=\"twitter:data1\" content=\"2 minuti\" \/>\n<script type=\"application\/ld+json\" class=\"yoast-schema-graph\">{\"@context\":\"https:\/\/schema.org\",\"@graph\":[{\"@type\":\"WebPage\",\"@id\":\"https:\/\/www.m2act.ch\/it\/intervista\/\",\"url\":\"https:\/\/www.m2act.ch\/it\/intervista\/\",\"name\":\"Intervista - M2ACT\",\"isPartOf\":{\"@id\":\"https:\/\/www.m2act.ch\/#website\"},\"primaryImageOfPage\":{\"@id\":\"https:\/\/www.m2act.ch\/it\/intervista\/#primaryimage\"},\"image\":{\"@id\":\"https:\/\/www.m2act.ch\/it\/intervista\/#primaryimage\"},\"thumbnailUrl\":\"https:\/\/old.m2act.ch\/wp-content\/uploads\/2024\/01\/Lucrezia-Perrig-e1706114356226.jpg\",\"datePublished\":\"2024-01-30T10:12:02+00:00\",\"dateModified\":\"2024-03-26T13:48:07+00:00\",\"breadcrumb\":{\"@id\":\"https:\/\/www.m2act.ch\/it\/intervista\/#breadcrumb\"},\"inLanguage\":\"it-IT\",\"potentialAction\":[{\"@type\":\"ReadAction\",\"target\":[\"https:\/\/www.m2act.ch\/it\/intervista\/\"]}]},{\"@type\":\"ImageObject\",\"inLanguage\":\"it-IT\",\"@id\":\"https:\/\/www.m2act.ch\/it\/intervista\/#primaryimage\",\"url\":\"https:\/\/old.m2act.ch\/wp-content\/uploads\/2024\/01\/Lucrezia-Perrig-e1706114356226.jpg\",\"contentUrl\":\"https:\/\/old.m2act.ch\/wp-content\/uploads\/2024\/01\/Lucrezia-Perrig-e1706114356226.jpg\"},{\"@type\":\"BreadcrumbList\",\"@id\":\"https:\/\/www.m2act.ch\/it\/intervista\/#breadcrumb\",\"itemListElement\":[{\"@type\":\"ListItem\",\"position\":1,\"name\":\"Startseite\",\"item\":\"https:\/\/www.m2act.ch\/it\/\"},{\"@type\":\"ListItem\",\"position\":2,\"name\":\"Intervista\"}]},{\"@type\":\"WebSite\",\"@id\":\"https:\/\/www.m2act.ch\/#website\",\"url\":\"https:\/\/www.m2act.ch\/\",\"name\":\"M2ACT\",\"description\":\"Ein Projekt von Migros Kulturprozent\",\"potentialAction\":[{\"@type\":\"SearchAction\",\"target\":{\"@type\":\"EntryPoint\",\"urlTemplate\":\"https:\/\/www.m2act.ch\/?s={search_term_string}\"},\"query-input\":\"required name=search_term_string\"}],\"inLanguage\":\"it-IT\"}]}<\/script>\n<!-- \/ Yoast SEO plugin. -->","yoast_head_json":{"title":"Intervista - M2ACT","robots":{"index":"index","follow":"follow","max-snippet":"max-snippet:-1","max-image-preview":"max-image-preview:large","max-video-preview":"max-video-preview:-1"},"canonical":"https:\/\/www.m2act.ch\/it\/intervista\/","og_locale":"it_IT","og_type":"article","og_title":"Intervista - M2ACT","og_description":"Le Carnet Rose: l&#8217;attivismo culturale prende vita anche dai festival Lucrezia Perrig e Noemi Gr\u00fctter, in un&#8217;intervista a cura di Ana Isabel Mazon Nel 2020, Lucrezia Perrig, Sidonie Atg\u00e9-Delbays e Noemi Gr\u00fctter scrivono insieme il \u00abCarnet rose\u00bb. L&#8217;opera \u00e8 un manuale che, senza pretesa di fornire conclusioni esaustive, raccoglie i risultati scaturiti dal lavoro di [&hellip;]","og_url":"https:\/\/www.m2act.ch\/it\/intervista\/","og_site_name":"M2ACT","article_modified_time":"2024-03-26T13:48:07+00:00","og_image":[{"url":"https:\/\/www.m2act.ch\/wp-content\/uploads\/2024\/01\/Lucrezia-Perrig-e1706114356226.jpg"}],"twitter_card":"summary_large_image","twitter_misc":{"Tempo di lettura stimato":"2 minuti"},"schema":{"@context":"https:\/\/schema.org","@graph":[{"@type":"WebPage","@id":"https:\/\/www.m2act.ch\/it\/intervista\/","url":"https:\/\/www.m2act.ch\/it\/intervista\/","name":"Intervista - M2ACT","isPartOf":{"@id":"https:\/\/www.m2act.ch\/#website"},"primaryImageOfPage":{"@id":"https:\/\/www.m2act.ch\/it\/intervista\/#primaryimage"},"image":{"@id":"https:\/\/www.m2act.ch\/it\/intervista\/#primaryimage"},"thumbnailUrl":"https:\/\/old.m2act.ch\/wp-content\/uploads\/2024\/01\/Lucrezia-Perrig-e1706114356226.jpg","datePublished":"2024-01-30T10:12:02+00:00","dateModified":"2024-03-26T13:48:07+00:00","breadcrumb":{"@id":"https:\/\/www.m2act.ch\/it\/intervista\/#breadcrumb"},"inLanguage":"it-IT","potentialAction":[{"@type":"ReadAction","target":["https:\/\/www.m2act.ch\/it\/intervista\/"]}]},{"@type":"ImageObject","inLanguage":"it-IT","@id":"https:\/\/www.m2act.ch\/it\/intervista\/#primaryimage","url":"https:\/\/old.m2act.ch\/wp-content\/uploads\/2024\/01\/Lucrezia-Perrig-e1706114356226.jpg","contentUrl":"https:\/\/old.m2act.ch\/wp-content\/uploads\/2024\/01\/Lucrezia-Perrig-e1706114356226.jpg"},{"@type":"BreadcrumbList","@id":"https:\/\/www.m2act.ch\/it\/intervista\/#breadcrumb","itemListElement":[{"@type":"ListItem","position":1,"name":"Startseite","item":"https:\/\/www.m2act.ch\/it\/"},{"@type":"ListItem","position":2,"name":"Intervista"}]},{"@type":"WebSite","@id":"https:\/\/www.m2act.ch\/#website","url":"https:\/\/www.m2act.ch\/","name":"M2ACT","description":"Ein Projekt von Migros Kulturprozent","potentialAction":[{"@type":"SearchAction","target":{"@type":"EntryPoint","urlTemplate":"https:\/\/www.m2act.ch\/?s={search_term_string}"},"query-input":"required name=search_term_string"}],"inLanguage":"it-IT"}]}},"_links":{"self":[{"href":"https:\/\/old.m2act.ch\/it\/wp-json\/wp\/v2\/pages\/9010"}],"collection":[{"href":"https:\/\/old.m2act.ch\/it\/wp-json\/wp\/v2\/pages"}],"about":[{"href":"https:\/\/old.m2act.ch\/it\/wp-json\/wp\/v2\/types\/page"}],"author":[{"embeddable":true,"href":"https:\/\/old.m2act.ch\/it\/wp-json\/wp\/v2\/users\/2"}],"replies":[{"embeddable":true,"href":"https:\/\/old.m2act.ch\/it\/wp-json\/wp\/v2\/comments?post=9010"}],"version-history":[{"count":4,"href":"https:\/\/old.m2act.ch\/it\/wp-json\/wp\/v2\/pages\/9010\/revisions"}],"predecessor-version":[{"id":9381,"href":"https:\/\/old.m2act.ch\/it\/wp-json\/wp\/v2\/pages\/9010\/revisions\/9381"}],"wp:attachment":[{"href":"https:\/\/old.m2act.ch\/it\/wp-json\/wp\/v2\/media?parent=9010"}],"curies":[{"name":"wp","href":"https:\/\/api.w.org\/{rel}","templated":true}]}}