{"id":3626,"date":"2021-08-16T11:43:20","date_gmt":"2021-08-16T09:43:20","guid":{"rendered":"https:\/\/old.m2act.ch\/?page_id=3626"},"modified":"2021-08-23T11:01:28","modified_gmt":"2021-08-23T09:01:28","slug":"dialog-02","status":"publish","type":"page","link":"https:\/\/old.m2act.ch\/it\/dialog-02\/","title":{"rendered":"Dialogo #02"},"content":{"rendered":"\n<p>n.b. La versione francese si trova qui sotto. Una traduzione in italiano non esiste ancora.<br><br><meta charset=\"utf-8\"><\/p>\n\n\n\n<h3 class=\"wp-block-heading\">\u00abUn bon \u00e9quilibre entre audace, humilit\u00e9, cr\u00e9ativit\u00e9 et pragmatisme\u00bb<\/h3>\n\n\n\n<p class=\"has-text-align-left\">Rebecca Frey et Bj\u00f6rn M\u00fcller \u00e0 propos des processus de transformation dans les arts de la sc\u00e8ne<\/p>\n\n\n\n<p><\/p>\n\n\n<div class=\"wp-bootstrap-blocks-row row\">\n\t\n\n<div class=\"col-12 col-md-6\">\n\t\t\t\n\n<p><img loading=\"lazy\" decoding=\"async\" width=\"150\" height=\"157\" class=\"wp-image-3035\" style=\"width: 150px;\" src=\"https:\/\/old.m2act.ch\/wp-content\/uploads\/2021\/07\/REBECCA_FREI_2.jpg\" alt=\"\"><br><strong>Rebecca Frey<br><\/strong>Danseuse<br>Communication m2act<\/p>\n\n\t<\/div>\n\n\n\n<div class=\"col-12 col-md-6\">\n\t\t\t\n\n<p><img loading=\"lazy\" decoding=\"async\" width=\"150\" height=\"157\" class=\"wp-image-3039\" style=\"width: 150px;\" src=\"https:\/\/old.m2act.ch\/wp-content\/uploads\/2021\/07\/BM_4.jpg\" alt=\"\"><br><strong>Bj\u00f6rn M\u00fcller<br><\/strong>Sociologue de la transformation<br>Stride \u2013 the unSchool<\/p>\n\n\t<\/div>\n\n<\/div>\n\n\n\n    <div id=\"text-shadow-box-block_60e31c480b13a\" class=\"mod-text-shadow-box\" data-scheme=\"white\">\n\t\t<p style=\"text-align: right;\">Dialogue #02, juin 2021<\/p>\n<p>Cher Bj\u00f6rn,<\/p>\n<p>m2act soutient les actrices et acteurs culturels d\u00e9sireux de pr\u00e9parer les arts de la sc\u00e8ne \u00e0 l\u2019avenir et d\u2019en d\u00e9velopper la diversit\u00e9 et l\u2019\u00e9quit\u00e9. Comment appr\u00e9hender cette transformation ensemble et s\u2019assurer que ses effets soient durables?<\/p>\n<p><strong>Transformer signifie modifier l\u2019interaction entre les structures et la fa\u00e7on de penser. L\u2019on part souvent du principe que les structures sont fixes, que nous leur sommes assujettis. Or, je plaide en faveur d\u2019une perception diff\u00e9rente: voyons les structures comme quelque chose de mobile, cr\u00e9\u00e9es par nous-m\u00eames. Ce n\u2019est qu\u2019en consid\u00e9rant que les structures se d\u00e9veloppent et que nous les reproduisons sans cesse \u00e0 travers nos actions quotidiennes, que nous pouvons les influencer et les modifier \u00e0 notre guise.<\/strong><\/p>\n<p>Cela exige une forte initiative personnelle et la volont\u00e9 de cr\u00e9er quelque chose. C\u2019est pr\u00e9cis\u00e9ment \u00e0 ce niveau qu\u2019agit m2act: nous soutenons les actrices et acteurs culturels d\u00e8s la phase d\u2019initialisation de leurs id\u00e9es. <a href=\"https:\/\/old.m2act.ch\/it\/gefoerderte-vorhaben\/\"><span style=\"text-decoration: underline;\">Huit id\u00e9es ont \u00e9t\u00e9 s\u00e9lectionn\u00e9es<\/span><\/a> et sont en cours de d\u00e9veloppement. Des collaboratrices et collaborateurs du Schauspielhaus Z\u00fcrich s\u2019engagent par exemple au sein de leur institution en faveur d\u2019une \u00ab<a href=\"https:\/\/old.m2act.ch\/it\/projects\/praxis-der-fuersorge\/\" target=\"_blank\" rel=\"noopener\">Pratique de la sollicitude<\/a>\u00bb dans les relations interpersonnelles, les structures hi\u00e9rarchiques et les m\u00e9thodes de travail.<\/p>\n<p><strong>Ces personnes veulent initier le changement en passant \u00e0 l\u2019action et apprennent en m\u00eame temps. La transformation structurelle se produit toujours \u00abde l\u2019int\u00e9rieur\u00bb. Elles et ils testent des alternatives et les rendent pr\u00e9sentables. En modifiant leur routine, en la montrant au sein de l\u2019organisation et en proposant d\u2019en d\u00e9battre, elles et ils influencent potentiellement les normes, l\u2019infrastructure et le d\u00e9bat. Cela leur permet d\u2019initier un changement fondamental de la vie en soci\u00e9t\u00e9.<\/strong><\/p>\n<p>La plateforme \u00ab<span style=\"text-decoration: underline;\"><a href=\"https:\/\/old.m2act.ch\/it\/projects\/criptonite-access\/\" target=\"_blank\" rel=\"noopener\">Criptonite: ACCESS<\/a><\/span>\u00bb poursuit le m\u00eame objectif: elle rassemble et promeut des ressources en lien avec des techniques et des moyens artistiques inclusifs. Il s\u2019agit notamment des \u00abAesthetics of Access\u00bb, soit des auxiliaires d\u2019accessibilit\u00e9 qui permettent par exemple \u00e0 un public malvoyant ou malentendant d\u2019acc\u00e9der \u00e0 des pi\u00e8ces d\u00e8s leur cr\u00e9ation.<\/p>\n<p><strong>C\u2019est un excellent exemple d\u2019un changement de la pratique par un recours cibl\u00e9 \u00e0 des outils, des technologies et des espaces. Leur qualit\u00e9 se r\u00e9percute sur le comportement des utilisatrices et des utilisateurs. L\u2019inclusion signifie r\u00e9fl\u00e9chir aux besoins vari\u00e9s des groupes cibles d\u00e8s la conception.\u00a0<\/strong><\/p>\n<p>Pour les institutions culturelles qui d\u00e9sirent \u00e9valuer leurs standards actuels et savoir pour qui ils sont con\u00e7us et quel public ils excluent, l\u2019association FemaleAct \u00e9labore une <span style=\"text-decoration: underline;\"><a href=\"https:\/\/old.m2act.ch\/it\/projects\/femaleact-checkliste\/\">liste<\/a><\/span> pratique. Son objectif: modifier la repr\u00e9sentation du genre et de la diversit\u00e9 sur sc\u00e8ne et dans le th\u00e9\u00e2tre.<\/p>\n<p><strong>Ce type d\u2019\u00e9valuation, et la volont\u00e9 qui en d\u00e9coule de travailler avec de nouveaux standards, peut contribuer \u00e0 mieux percevoir et aborder par le \u00abcontexte\u00bb l\u2019interaction entre mise en place consciente et influence inconsciente: quelles structures mettons-nous en place et comment agissent-elles sur nos actions? \u00c0 mon avis, le point crucial est le suivant: la pratique quotidienne se compose d\u2019habitudes et de routines. Nous agissons de fa\u00e7on beaucoup moins consciente que nous le d\u00e9sirons souvent.<\/strong><\/p>\n<p>Il s\u2019agit de modifier et de remettre en question notre mode de pens\u00e9e, nos actions, d\u00e9cisions et productions. Effectuer ce travail au sein de structures organisationnelles qui se sont \u00e9tablies au fil des ans constitue un d\u00e9fi de taille.<\/p>\n<p><strong>Il s\u2019agit de trouver le bon \u00e9quilibre entre d\u2019apparentes contradictions: audace et humilit\u00e9, cr\u00e9ativit\u00e9 et pragmatisme. C\u2019est le seul moyen de modifier une pratique concr\u00e8te au final.<\/strong><\/p>\n<p>Modifier les habitudes, en trouver de nouvelles, ad\u00e9quates, puis les appliquer, demande par ailleurs beaucoup d\u2019endurance. Je me demande sans cesse o\u00f9 nous trouvons l\u2019\u00e9nergie n\u00e9cessaire. Souvent, nos \u00e9checs s\u2019expliquent par le fait que nous aimerions agir de fa\u00e7on totalement diff\u00e9rente de ce que nous faisons dans la pratique.<\/p>\n<p><strong>Le ph\u00e9nom\u00e8ne est bien connu de la recherche sur la transformation. C\u2019est toute la diff\u00e9rence entre ce que l\u2019on sait et ce que l\u2019on fait, entre notre attitude et notre comportement concret. Cette divergence est particuli\u00e8rement frappante lorsqu\u2019il s\u2019agit de comportement durable et \u00e9quitable.<\/strong><\/p>\n<p>Et si l\u2019on d\u00e9butait le plus t\u00f4t possible, d\u00e8s la formation? C\u2019est ce que pr\u00e9voit de faire des professionnel-les de la danse avec une offre compl\u00e9mentaire <span style=\"text-decoration: underline;\"><a href=\"https:\/\/old.m2act.ch\/it\/projects\/curriculum-for-dancer-equity-safety-and-cultural-responsibility\/\">int\u00e9gr\u00e9e au curriculum des hautes \u00e9coles de danse<\/a><\/span>. Les \u00e9tudiant-es se familiariseraient ainsi avec des conditions de travail \u00e9quitables et s\u00fbres et apprendraient \u00e0 les exiger.<\/p>\n<p><strong>C\u2019est une bonne id\u00e9e, car c\u2019est dans les hautes \u00e9coles que les valeurs de la soci\u00e9t\u00e9 sont reproduites, ancr\u00e9es et transmises. La pression des pairs tels que ses coll\u00e8gues de travail ou son cercle de connaissances peut avoir un certain impact. Lorsque des personnes sont habilit\u00e9es \u00e0 s\u2019unir en faveur de meilleures conditions de travail, cela peut se r\u00e9percuter jusqu\u2019au niveau des normes et des r\u00e8gles g\u00e9n\u00e9rales. Et, les standards pour des m\u00e9thodes de travail s\u00fbres finissent par devoir \u00eatre ancr\u00e9s dans la loi.<\/strong><\/p>\n<p>Pour y parvenir, il faut des alli\u00e9s et un r\u00e9seau d\u2019actrices et d\u2019acteurs culturels. Les institutions et les projets de mise en r\u00e9seau qui r\u00e9unissent des personnes dans ce but peuvent faire sensiblement bouger les choses. Que faut-il d\u2019autre pour faire avancer la transformation dans le domaine des arts de la sc\u00e8ne?<\/p>\n<p><strong>Travailler sur la transformation demande de la motivation, de la patience et un nombre croissant d\u2019alli\u00e9s. La patience est requise lorsque les situations n\u2019\u00e9voluent que lentement. On doit appr\u00e9cier la valeur des petits pas. Il faut la force conf\u00e9r\u00e9e par une esp\u00e8ce d\u2019esp\u00e9rance critique qui nous pousse \u00e0 toujours recommencer et \u00e0 r\u00e9essayer sans cesse. Ensemble. Aujourd\u2019hui. Demain. Apr\u00e8s-demain.<\/strong><\/p>\n<p>Merci pour cet entretien, Bj\u00f6rn!<\/p>\n    <\/div>\n\n\n\n    <div id=\"text-shadow-box-block_60f031d26cfab\" class=\"mod-text-shadow-box\" data-scheme=\"yellow\">\n\t\t<p><strong>Bj\u00f6rn M\u00fcller<\/strong> est sociologue de la transformation et cofondateur de <a href=\"https:\/\/www.stride-learning.ch\/de\/\">STRIDE \u2013 the unSchool<\/a> pour l\u2019innovation sociale et la co-cr\u00e9ation. Il a particip\u00e9 au lancement du projet soci\u00e9tal de recherche sur l\u2019action \u00ab<a href=\"https:\/\/www.stride-learning.ch\/de\/transformatik\/\">Transformatik<\/a>\u00bb et est vice-pr\u00e9sident du Conseil de fondation de Science et Cit\u00e9. Depuis de nombreuses ann\u00e9es, il accompagne des projets transformatifs, au croisement entre recherche, art et culture, entreprenariat et activisme, au niveau de leur coop\u00e9ration et des interactions entre structure et libert\u00e9.<\/p>\n<p><strong>Rebecca Frey<\/strong> a \u00e9tudi\u00e9 l\u2019anglais et l\u2019allemand \u00e0 la facult\u00e9 des Lettres de l\u2019Universit\u00e9 de Lausanne, ainsi que l\u2019histoire th\u00e9\u00e2trale et la dramaturgie. Danseuse et dramaturge dans la sc\u00e8ne ind\u00e9pendante, elle \u00e9volue par ailleurs entre la danse, la performance et le f\u00e9minisme. Elle a rejoint l\u2019\u00e9quipe de m2act en 2020 et y est responsable de la communication et du d\u00e9veloppement continu de la bo\u00eete \u00e0 outils.<\/p>\n    <\/div>\n","protected":false},"excerpt":{"rendered":"<p>n.b. La versione francese si trova qui sotto. Una traduzione in italiano non esiste ancora. \u00abUn bon \u00e9quilibre entre audace, humilit\u00e9, cr\u00e9ativit\u00e9 et pragmatisme\u00bb Rebecca Frey et Bj\u00f6rn M\u00fcller \u00e0 propos des processus de transformation dans les arts de la sc\u00e8ne<\/p>\n","protected":false},"author":2,"featured_media":0,"parent":0,"menu_order":102,"comment_status":"closed","ping_status":"closed","template":"","meta":{"_acf_changed":false,"footnotes":""},"class_list":["post-3626","page","type-page","status-publish","hentry"],"acf":[],"yoast_head":"<!-- This site is optimized with the Yoast SEO plugin v23.3 - https:\/\/yoast.com\/wordpress\/plugins\/seo\/ -->\n<title>Dialogo #02 - M2ACT<\/title>\n<meta name=\"robots\" content=\"index, follow, max-snippet:-1, max-image-preview:large, max-video-preview:-1\" \/>\n<link rel=\"canonical\" href=\"https:\/\/www.m2act.ch\/it\/dialog-02\/\" \/>\n<meta property=\"og:locale\" content=\"it_IT\" \/>\n<meta property=\"og:type\" content=\"article\" \/>\n<meta property=\"og:title\" content=\"Dialogo #02 - M2ACT\" \/>\n<meta property=\"og:description\" content=\"n.b. La versione francese si trova qui sotto. Una traduzione in italiano non esiste ancora. \u00abUn bon \u00e9quilibre entre audace, humilit\u00e9, cr\u00e9ativit\u00e9 et pragmatisme\u00bb Rebecca Frey et Bj\u00f6rn M\u00fcller \u00e0 propos des processus de transformation dans les arts de la sc\u00e8ne\" \/>\n<meta property=\"og:url\" content=\"https:\/\/www.m2act.ch\/it\/dialog-02\/\" \/>\n<meta property=\"og:site_name\" content=\"M2ACT\" \/>\n<meta property=\"article:modified_time\" content=\"2021-08-23T09:01:28+00:00\" \/>\n<meta property=\"og:image\" content=\"https:\/\/www.m2act.ch\/wp-content\/uploads\/2021\/07\/REBECCA_FREI_2.jpg\" \/>\n<meta name=\"twitter:card\" content=\"summary_large_image\" \/>\n<meta name=\"twitter:label1\" content=\"Tempo di lettura stimato\" \/>\n\t<meta name=\"twitter:data1\" content=\"1 minuto\" \/>\n<script type=\"application\/ld+json\" class=\"yoast-schema-graph\">{\"@context\":\"https:\/\/schema.org\",\"@graph\":[{\"@type\":\"WebPage\",\"@id\":\"https:\/\/www.m2act.ch\/it\/dialog-02\/\",\"url\":\"https:\/\/www.m2act.ch\/it\/dialog-02\/\",\"name\":\"Dialogo #02 - M2ACT\",\"isPartOf\":{\"@id\":\"https:\/\/www.m2act.ch\/#website\"},\"primaryImageOfPage\":{\"@id\":\"https:\/\/www.m2act.ch\/it\/dialog-02\/#primaryimage\"},\"image\":{\"@id\":\"https:\/\/www.m2act.ch\/it\/dialog-02\/#primaryimage\"},\"thumbnailUrl\":\"https:\/\/old.m2act.ch\/wp-content\/uploads\/2021\/07\/REBECCA_FREI_2.jpg\",\"datePublished\":\"2021-08-16T09:43:20+00:00\",\"dateModified\":\"2021-08-23T09:01:28+00:00\",\"breadcrumb\":{\"@id\":\"https:\/\/www.m2act.ch\/it\/dialog-02\/#breadcrumb\"},\"inLanguage\":\"it-IT\",\"potentialAction\":[{\"@type\":\"ReadAction\",\"target\":[\"https:\/\/www.m2act.ch\/it\/dialog-02\/\"]}]},{\"@type\":\"ImageObject\",\"inLanguage\":\"it-IT\",\"@id\":\"https:\/\/www.m2act.ch\/it\/dialog-02\/#primaryimage\",\"url\":\"https:\/\/old.m2act.ch\/wp-content\/uploads\/2021\/07\/REBECCA_FREI_2.jpg\",\"contentUrl\":\"https:\/\/old.m2act.ch\/wp-content\/uploads\/2021\/07\/REBECCA_FREI_2.jpg\"},{\"@type\":\"BreadcrumbList\",\"@id\":\"https:\/\/www.m2act.ch\/it\/dialog-02\/#breadcrumb\",\"itemListElement\":[{\"@type\":\"ListItem\",\"position\":1,\"name\":\"Startseite\",\"item\":\"https:\/\/www.m2act.ch\/it\/\"},{\"@type\":\"ListItem\",\"position\":2,\"name\":\"Dialogo #02\"}]},{\"@type\":\"WebSite\",\"@id\":\"https:\/\/www.m2act.ch\/#website\",\"url\":\"https:\/\/www.m2act.ch\/\",\"name\":\"M2ACT\",\"description\":\"Ein Projekt von Migros Kulturprozent\",\"potentialAction\":[{\"@type\":\"SearchAction\",\"target\":{\"@type\":\"EntryPoint\",\"urlTemplate\":\"https:\/\/www.m2act.ch\/?s={search_term_string}\"},\"query-input\":\"required name=search_term_string\"}],\"inLanguage\":\"it-IT\"}]}<\/script>\n<!-- \/ Yoast SEO plugin. -->","yoast_head_json":{"title":"Dialogo #02 - M2ACT","robots":{"index":"index","follow":"follow","max-snippet":"max-snippet:-1","max-image-preview":"max-image-preview:large","max-video-preview":"max-video-preview:-1"},"canonical":"https:\/\/www.m2act.ch\/it\/dialog-02\/","og_locale":"it_IT","og_type":"article","og_title":"Dialogo #02 - M2ACT","og_description":"n.b. La versione francese si trova qui sotto. Una traduzione in italiano non esiste ancora. \u00abUn bon \u00e9quilibre entre audace, humilit\u00e9, cr\u00e9ativit\u00e9 et pragmatisme\u00bb Rebecca Frey et Bj\u00f6rn M\u00fcller \u00e0 propos des processus de transformation dans les arts de la sc\u00e8ne","og_url":"https:\/\/www.m2act.ch\/it\/dialog-02\/","og_site_name":"M2ACT","article_modified_time":"2021-08-23T09:01:28+00:00","og_image":[{"url":"https:\/\/www.m2act.ch\/wp-content\/uploads\/2021\/07\/REBECCA_FREI_2.jpg"}],"twitter_card":"summary_large_image","twitter_misc":{"Tempo di lettura stimato":"1 minuto"},"schema":{"@context":"https:\/\/schema.org","@graph":[{"@type":"WebPage","@id":"https:\/\/www.m2act.ch\/it\/dialog-02\/","url":"https:\/\/www.m2act.ch\/it\/dialog-02\/","name":"Dialogo #02 - M2ACT","isPartOf":{"@id":"https:\/\/www.m2act.ch\/#website"},"primaryImageOfPage":{"@id":"https:\/\/www.m2act.ch\/it\/dialog-02\/#primaryimage"},"image":{"@id":"https:\/\/www.m2act.ch\/it\/dialog-02\/#primaryimage"},"thumbnailUrl":"https:\/\/old.m2act.ch\/wp-content\/uploads\/2021\/07\/REBECCA_FREI_2.jpg","datePublished":"2021-08-16T09:43:20+00:00","dateModified":"2021-08-23T09:01:28+00:00","breadcrumb":{"@id":"https:\/\/www.m2act.ch\/it\/dialog-02\/#breadcrumb"},"inLanguage":"it-IT","potentialAction":[{"@type":"ReadAction","target":["https:\/\/www.m2act.ch\/it\/dialog-02\/"]}]},{"@type":"ImageObject","inLanguage":"it-IT","@id":"https:\/\/www.m2act.ch\/it\/dialog-02\/#primaryimage","url":"https:\/\/old.m2act.ch\/wp-content\/uploads\/2021\/07\/REBECCA_FREI_2.jpg","contentUrl":"https:\/\/old.m2act.ch\/wp-content\/uploads\/2021\/07\/REBECCA_FREI_2.jpg"},{"@type":"BreadcrumbList","@id":"https:\/\/www.m2act.ch\/it\/dialog-02\/#breadcrumb","itemListElement":[{"@type":"ListItem","position":1,"name":"Startseite","item":"https:\/\/www.m2act.ch\/it\/"},{"@type":"ListItem","position":2,"name":"Dialogo #02"}]},{"@type":"WebSite","@id":"https:\/\/www.m2act.ch\/#website","url":"https:\/\/www.m2act.ch\/","name":"M2ACT","description":"Ein Projekt von Migros Kulturprozent","potentialAction":[{"@type":"SearchAction","target":{"@type":"EntryPoint","urlTemplate":"https:\/\/www.m2act.ch\/?s={search_term_string}"},"query-input":"required name=search_term_string"}],"inLanguage":"it-IT"}]}},"_links":{"self":[{"href":"https:\/\/old.m2act.ch\/it\/wp-json\/wp\/v2\/pages\/3626"}],"collection":[{"href":"https:\/\/old.m2act.ch\/it\/wp-json\/wp\/v2\/pages"}],"about":[{"href":"https:\/\/old.m2act.ch\/it\/wp-json\/wp\/v2\/types\/page"}],"author":[{"embeddable":true,"href":"https:\/\/old.m2act.ch\/it\/wp-json\/wp\/v2\/users\/2"}],"replies":[{"embeddable":true,"href":"https:\/\/old.m2act.ch\/it\/wp-json\/wp\/v2\/comments?post=3626"}],"version-history":[{"count":9,"href":"https:\/\/old.m2act.ch\/it\/wp-json\/wp\/v2\/pages\/3626\/revisions"}],"predecessor-version":[{"id":4039,"href":"https:\/\/old.m2act.ch\/it\/wp-json\/wp\/v2\/pages\/3626\/revisions\/4039"}],"wp:attachment":[{"href":"https:\/\/old.m2act.ch\/it\/wp-json\/wp\/v2\/media?parent=3626"}],"curies":[{"name":"wp","href":"https:\/\/api.w.org\/{rel}","templated":true}]}}