{"id":1070,"date":"2020-10-30T17:49:55","date_gmt":"2020-10-30T16:49:55","guid":{"rendered":"https:\/\/old.m2act.ch\/m2actlegruetli\/"},"modified":"2021-08-23T11:57:37","modified_gmt":"2021-08-23T09:57:37","slug":"m2actlegruetli","status":"publish","type":"page","link":"https:\/\/old.m2act.ch\/it\/m2actlegruetli\/","title":{"rendered":"m2act@LeGr\u00fctli"},"content":{"rendered":"\n<h2 class=\"wp-block-heading\">Luned\u00ec, 05.10.2020<\/h2>\n\n\n\n<p><\/p>\n\n\n\n<h6 class=\"wp-block-heading\">19:00 &#8211; 21:00&nbsp;<\/h6>\n\n\n\n<h3 class=\"wp-block-heading\">Strumenti per la co-creazione culturale<\/h3>\n\n\n\n<h6 class=\"wp-block-heading\">Introduzione pratica al metodo g<sup>3<\/sup>&nbsp;(gemeinsam gesellschaft gestalten, costruire la societ\u00e0 insieme)<\/h6>\n\n\n\n<p>In collaborazione con Le Gr\u00fctli di Ginevra, m2act offre un\u2019introduzione pratica al metodo g<sup>3<\/sup>&nbsp;(gemeinsam gesellschaft gestalten, ossia costruire la societ\u00e0 insieme). Questo metodo innovativo ispirato dal design thinking consente agli operatori culturali di sviluppare in modo concreto e orientato alla pratica approcci risolutivi alle sfide attuali (come ad es. partecipazione e condizioni di lavoro eque) delle arti di scena. Sotto la direzione del drammaturgo e ideatore del metodo g<sup>3<\/sup>&nbsp;Moritz von Rappard, in questo incontro di due ore si lavorer\u00e0 a idee immediatamente implementabili nella pratica. Ulteriori informazioni sul metodo g<sup>3<\/sup>&nbsp;sono disponibili&nbsp;<a href=\"https:\/\/old.m2act.ch\/it\/toolbox\/g3\/\" data-type=\"URL\" data-id=\"https:\/\/old.m2act.ch\/it\/toolbox\/g3\/\" target=\"_blank\" rel=\"noreferrer noopener\">qui<\/a>.<\/p>\n\n\n\n<p>La partecipazione al workshop \u00e8 gratuita. Il workshop si svolger\u00e0 in francese e inglese. Il numero di partecipanti \u00e8 limitato.<\/p>\n","protected":false},"excerpt":{"rendered":"<p>Luned\u00ec, 05.10.2020 19:00 &#8211; 21:00&nbsp; Strumenti per la co-creazione culturale Introduzione pratica al metodo g3&nbsp;(gemeinsam gesellschaft gestalten, costruire la societ\u00e0 insieme) In collaborazione con Le Gr\u00fctli di Ginevra, m2act offre un\u2019introduzione pratica al metodo g3&nbsp;(gemeinsam gesellschaft gestalten, ossia costruire la societ\u00e0 insieme). Questo metodo innovativo ispirato dal design thinking consente agli operatori culturali di sviluppare [&hellip;]<\/p>\n","protected":false},"author":2,"featured_media":0,"parent":0,"menu_order":71,"comment_status":"closed","ping_status":"closed","template":"","meta":{"_acf_changed":false,"footnotes":""},"class_list":["post-1070","page","type-page","status-publish","hentry"],"acf":[],"yoast_head":"<!-- This site is optimized with the Yoast SEO plugin v23.3 - https:\/\/yoast.com\/wordpress\/plugins\/seo\/ -->\n<title>m2act@LeGr\u00fctli - M2ACT<\/title>\n<meta name=\"robots\" content=\"index, follow, max-snippet:-1, max-image-preview:large, max-video-preview:-1\" \/>\n<link rel=\"canonical\" href=\"https:\/\/www.m2act.ch\/it\/m2actlegruetli\/\" \/>\n<meta property=\"og:locale\" content=\"it_IT\" \/>\n<meta property=\"og:type\" content=\"article\" \/>\n<meta property=\"og:title\" content=\"m2act@LeGr\u00fctli - M2ACT\" \/>\n<meta property=\"og:description\" content=\"Luned\u00ec, 05.10.2020 19:00 &#8211; 21:00&nbsp; Strumenti per la co-creazione culturale Introduzione pratica al metodo g3&nbsp;(gemeinsam gesellschaft gestalten, costruire la societ\u00e0 insieme) In collaborazione con Le Gr\u00fctli di Ginevra, m2act offre un\u2019introduzione pratica al metodo g3&nbsp;(gemeinsam gesellschaft gestalten, ossia costruire la societ\u00e0 insieme). Questo metodo innovativo ispirato dal design thinking consente agli operatori culturali di sviluppare [&hellip;]\" \/>\n<meta property=\"og:url\" content=\"https:\/\/www.m2act.ch\/it\/m2actlegruetli\/\" \/>\n<meta property=\"og:site_name\" content=\"M2ACT\" \/>\n<meta property=\"article:modified_time\" content=\"2021-08-23T09:57:37+00:00\" \/>\n<meta property=\"og:image\" content=\"https:\/\/old.m2act.ch\/wp-content\/uploads\/2023\/03\/M2ACT_KEYVISUAL_2023_DAMPFZENTRALE_1800x800.jpg\" \/>\n\t<meta property=\"og:image:width\" content=\"1800\" \/>\n\t<meta property=\"og:image:height\" content=\"801\" \/>\n\t<meta property=\"og:image:type\" content=\"image\/jpeg\" \/>\n<meta name=\"twitter:card\" content=\"summary_large_image\" \/>\n<meta name=\"twitter:label1\" content=\"Tempo di lettura stimato\" \/>\n\t<meta name=\"twitter:data1\" content=\"1 minuto\" \/>\n<script type=\"application\/ld+json\" class=\"yoast-schema-graph\">{\"@context\":\"https:\/\/schema.org\",\"@graph\":[{\"@type\":\"WebPage\",\"@id\":\"https:\/\/www.m2act.ch\/it\/m2actlegruetli\/\",\"url\":\"https:\/\/www.m2act.ch\/it\/m2actlegruetli\/\",\"name\":\"m2act@LeGr\u00fctli - M2ACT\",\"isPartOf\":{\"@id\":\"https:\/\/www.m2act.ch\/#website\"},\"datePublished\":\"2020-10-30T16:49:55+00:00\",\"dateModified\":\"2021-08-23T09:57:37+00:00\",\"breadcrumb\":{\"@id\":\"https:\/\/www.m2act.ch\/it\/m2actlegruetli\/#breadcrumb\"},\"inLanguage\":\"it-IT\",\"potentialAction\":[{\"@type\":\"ReadAction\",\"target\":[\"https:\/\/www.m2act.ch\/it\/m2actlegruetli\/\"]}]},{\"@type\":\"BreadcrumbList\",\"@id\":\"https:\/\/www.m2act.ch\/it\/m2actlegruetli\/#breadcrumb\",\"itemListElement\":[{\"@type\":\"ListItem\",\"position\":1,\"name\":\"Startseite\",\"item\":\"https:\/\/www.m2act.ch\/it\/\"},{\"@type\":\"ListItem\",\"position\":2,\"name\":\"m2act@LeGr\u00fctli\"}]},{\"@type\":\"WebSite\",\"@id\":\"https:\/\/www.m2act.ch\/#website\",\"url\":\"https:\/\/www.m2act.ch\/\",\"name\":\"M2ACT\",\"description\":\"Ein Projekt von Migros Kulturprozent\",\"potentialAction\":[{\"@type\":\"SearchAction\",\"target\":{\"@type\":\"EntryPoint\",\"urlTemplate\":\"https:\/\/www.m2act.ch\/?s={search_term_string}\"},\"query-input\":\"required name=search_term_string\"}],\"inLanguage\":\"it-IT\"}]}<\/script>\n<!-- \/ Yoast SEO plugin. -->","yoast_head_json":{"title":"m2act@LeGr\u00fctli - M2ACT","robots":{"index":"index","follow":"follow","max-snippet":"max-snippet:-1","max-image-preview":"max-image-preview:large","max-video-preview":"max-video-preview:-1"},"canonical":"https:\/\/www.m2act.ch\/it\/m2actlegruetli\/","og_locale":"it_IT","og_type":"article","og_title":"m2act@LeGr\u00fctli - M2ACT","og_description":"Luned\u00ec, 05.10.2020 19:00 &#8211; 21:00&nbsp; Strumenti per la co-creazione culturale Introduzione pratica al metodo g3&nbsp;(gemeinsam gesellschaft gestalten, costruire la societ\u00e0 insieme) In collaborazione con Le Gr\u00fctli di Ginevra, m2act offre un\u2019introduzione pratica al metodo g3&nbsp;(gemeinsam gesellschaft gestalten, ossia costruire la societ\u00e0 insieme). Questo metodo innovativo ispirato dal design thinking consente agli operatori culturali di sviluppare [&hellip;]","og_url":"https:\/\/www.m2act.ch\/it\/m2actlegruetli\/","og_site_name":"M2ACT","article_modified_time":"2021-08-23T09:57:37+00:00","og_image":[{"width":1800,"height":801,"url":"https:\/\/old.m2act.ch\/wp-content\/uploads\/2023\/03\/M2ACT_KEYVISUAL_2023_DAMPFZENTRALE_1800x800.jpg","type":"image\/jpeg"}],"twitter_card":"summary_large_image","twitter_misc":{"Tempo di lettura stimato":"1 minuto"},"schema":{"@context":"https:\/\/schema.org","@graph":[{"@type":"WebPage","@id":"https:\/\/www.m2act.ch\/it\/m2actlegruetli\/","url":"https:\/\/www.m2act.ch\/it\/m2actlegruetli\/","name":"m2act@LeGr\u00fctli - M2ACT","isPartOf":{"@id":"https:\/\/www.m2act.ch\/#website"},"datePublished":"2020-10-30T16:49:55+00:00","dateModified":"2021-08-23T09:57:37+00:00","breadcrumb":{"@id":"https:\/\/www.m2act.ch\/it\/m2actlegruetli\/#breadcrumb"},"inLanguage":"it-IT","potentialAction":[{"@type":"ReadAction","target":["https:\/\/www.m2act.ch\/it\/m2actlegruetli\/"]}]},{"@type":"BreadcrumbList","@id":"https:\/\/www.m2act.ch\/it\/m2actlegruetli\/#breadcrumb","itemListElement":[{"@type":"ListItem","position":1,"name":"Startseite","item":"https:\/\/www.m2act.ch\/it\/"},{"@type":"ListItem","position":2,"name":"m2act@LeGr\u00fctli"}]},{"@type":"WebSite","@id":"https:\/\/www.m2act.ch\/#website","url":"https:\/\/www.m2act.ch\/","name":"M2ACT","description":"Ein Projekt von Migros Kulturprozent","potentialAction":[{"@type":"SearchAction","target":{"@type":"EntryPoint","urlTemplate":"https:\/\/www.m2act.ch\/?s={search_term_string}"},"query-input":"required name=search_term_string"}],"inLanguage":"it-IT"}]}},"_links":{"self":[{"href":"https:\/\/old.m2act.ch\/it\/wp-json\/wp\/v2\/pages\/1070"}],"collection":[{"href":"https:\/\/old.m2act.ch\/it\/wp-json\/wp\/v2\/pages"}],"about":[{"href":"https:\/\/old.m2act.ch\/it\/wp-json\/wp\/v2\/types\/page"}],"author":[{"embeddable":true,"href":"https:\/\/old.m2act.ch\/it\/wp-json\/wp\/v2\/users\/2"}],"replies":[{"embeddable":true,"href":"https:\/\/old.m2act.ch\/it\/wp-json\/wp\/v2\/comments?post=1070"}],"version-history":[{"count":2,"href":"https:\/\/old.m2act.ch\/it\/wp-json\/wp\/v2\/pages\/1070\/revisions"}],"predecessor-version":[{"id":4072,"href":"https:\/\/old.m2act.ch\/it\/wp-json\/wp\/v2\/pages\/1070\/revisions\/4072"}],"wp:attachment":[{"href":"https:\/\/old.m2act.ch\/it\/wp-json\/wp\/v2\/media?parent=1070"}],"curies":[{"name":"wp","href":"https:\/\/api.w.org\/{rel}","templated":true}]}}