{"id":938,"date":"2020-09-25T10:33:19","date_gmt":"2020-09-25T08:33:19","guid":{"rendered":"https:\/\/old.m2act.ch\/kontakt\/"},"modified":"2024-08-25T12:55:43","modified_gmt":"2024-08-25T10:55:43","slug":"medien","status":"publish","type":"page","link":"https:\/\/old.m2act.ch\/fr\/medien\/","title":{"rendered":"M\u00e9dias"},"content":{"rendered":"\n<h3 class=\"wp-block-heading\">Information aux m\u00e9dias<\/h3>\n\n\n\n<p><a href=\"https:\/\/old.m2act.ch\/wp-content\/uploads\/2023\/08\/communique-presse_m2act_Burning-Issues_7.6.23_F-1.pdf\" target=\"_blank\" rel=\"noreferrer noopener\">Comunicato stampa 07.06.2023<\/a> (in francese)<\/p>\n\n\n<p><iframe loading=\"lazy\" width=\"560\" height=\"315\" src=\"https:\/\/www.youtube.com\/embed\/LxXeZiR6j88\" title=\"YouTube video player\" frameborder=\"0\" allow=\"accelerometer; autoplay; clipboard-write; encrypted-media; gyroscope; picture-in-picture; web-share\" allowfullscreen=\"\"><\/iframe><\/p>\n\n\n\n<p><\/p>\n\n\n\n<h3 class=\"wp-block-heading\">Contactes<\/h3>\n\n\n\n<p>Pour les demandes des m\u00e9dias contacter belinda schweizer, comunication m2act: <a href=\"mailto:belinda.schweizer@mgb.ch\" target=\"_blank\" rel=\"noreferrer noopener\">belinda schweizer@mgb.ch.<\/a><\/p>\n\n\n\n<p><\/p>\n\n\n\n<p>Les <a data-type=\"page\" data-id=\"1203\" href=\"https:\/\/old.m2act.ch\/fr\/logo\/\">logos<\/a> pour des m\u00e9dias et des demandeur\u00b7euse\u00b7s de contributions de soutien.<br><br><br><br><\/p>\n\n\n\n<div id=\"testimonial-block_9e72498b996a6416e1e968702ebc4eab\" class=\"mod-stoerer-button\">\n    <a href=\"https:\/\/forms.office.com\/Pages\/ResponsePage.aspx?id=W4yqNQqsFUuXiP9t-iKQHwEPKx_aXHxGgsdJg0TSNDNURVQ2TlFEUEtIRlBGNFpSRFpUVVhJREg1SCQlQCN0PWcu\" target=\"_blank\" class=\"inner\">\n        <span class=\"title\">\n            S\u2019abonner \u00e0 la newsletter!        <\/span>\n        <span class=\"more\">\n                        <\/span>\n    <\/a>\n<\/div>","protected":false},"excerpt":{"rendered":"<p>Information aux m\u00e9dias Comunicato stampa 07.06.2023 (in francese) Contactes Pour les demandes des m\u00e9dias contacter belinda schweizer, comunication m2act: belinda schweizer@mgb.ch. Les logos pour des m\u00e9dias et des demandeur\u00b7euse\u00b7s de contributions de soutien.<\/p>\n","protected":false},"author":1,"featured_media":0,"parent":0,"menu_order":91,"comment_status":"closed","ping_status":"closed","template":"","meta":{"_acf_changed":false,"footnotes":""},"class_list":["post-938","page","type-page","status-publish","hentry"],"acf":[],"yoast_head":"<!-- This site is optimized with the Yoast SEO plugin v23.3 - https:\/\/yoast.com\/wordpress\/plugins\/seo\/ -->\n<title>M\u00e9dias - M2ACT<\/title>\n<meta name=\"robots\" content=\"index, follow, max-snippet:-1, max-image-preview:large, max-video-preview:-1\" \/>\n<link rel=\"canonical\" href=\"https:\/\/www.m2act.ch\/fr\/medien\/\" \/>\n<meta property=\"og:locale\" content=\"fr_FR\" \/>\n<meta property=\"og:type\" content=\"article\" \/>\n<meta property=\"og:title\" content=\"M\u00e9dias - M2ACT\" \/>\n<meta property=\"og:description\" content=\"Information aux m\u00e9dias Comunicato stampa 07.06.2023 (in francese) Contactes Pour les demandes des m\u00e9dias contacter belinda schweizer, comunication m2act: belinda schweizer@mgb.ch. Les logos pour des m\u00e9dias et des demandeur\u00b7euse\u00b7s de contributions de soutien.\" \/>\n<meta property=\"og:url\" content=\"https:\/\/www.m2act.ch\/fr\/medien\/\" \/>\n<meta property=\"og:site_name\" content=\"M2ACT\" \/>\n<meta property=\"article:modified_time\" content=\"2024-08-25T10:55:43+00:00\" \/>\n<meta property=\"og:image\" content=\"https:\/\/old.m2act.ch\/wp-content\/uploads\/2023\/03\/M2ACT_KEYVISUAL_2023_DAMPFZENTRALE_1800x800.jpg\" \/>\n\t<meta property=\"og:image:width\" content=\"1800\" \/>\n\t<meta property=\"og:image:height\" content=\"801\" \/>\n\t<meta property=\"og:image:type\" content=\"image\/jpeg\" \/>\n<meta name=\"twitter:card\" content=\"summary_large_image\" \/>\n<meta name=\"twitter:label1\" content=\"Dur\u00e9e de lecture estim\u00e9e\" \/>\n\t<meta name=\"twitter:data1\" content=\"1 minute\" \/>\n<script type=\"application\/ld+json\" class=\"yoast-schema-graph\">{\"@context\":\"https:\/\/schema.org\",\"@graph\":[{\"@type\":\"WebPage\",\"@id\":\"https:\/\/www.m2act.ch\/fr\/medien\/\",\"url\":\"https:\/\/www.m2act.ch\/fr\/medien\/\",\"name\":\"M\u00e9dias - M2ACT\",\"isPartOf\":{\"@id\":\"https:\/\/www.m2act.ch\/#website\"},\"datePublished\":\"2020-09-25T08:33:19+00:00\",\"dateModified\":\"2024-08-25T10:55:43+00:00\",\"breadcrumb\":{\"@id\":\"https:\/\/www.m2act.ch\/fr\/medien\/#breadcrumb\"},\"inLanguage\":\"fr-FR\",\"potentialAction\":[{\"@type\":\"ReadAction\",\"target\":[\"https:\/\/www.m2act.ch\/fr\/medien\/\"]}]},{\"@type\":\"BreadcrumbList\",\"@id\":\"https:\/\/www.m2act.ch\/fr\/medien\/#breadcrumb\",\"itemListElement\":[{\"@type\":\"ListItem\",\"position\":1,\"name\":\"Startseite\",\"item\":\"https:\/\/www.m2act.ch\/fr\/\"},{\"@type\":\"ListItem\",\"position\":2,\"name\":\"M\u00e9dias\"}]},{\"@type\":\"WebSite\",\"@id\":\"https:\/\/www.m2act.ch\/#website\",\"url\":\"https:\/\/www.m2act.ch\/\",\"name\":\"M2ACT\",\"description\":\"Ein Projekt von Migros Kulturprozent\",\"potentialAction\":[{\"@type\":\"SearchAction\",\"target\":{\"@type\":\"EntryPoint\",\"urlTemplate\":\"https:\/\/www.m2act.ch\/?s={search_term_string}\"},\"query-input\":\"required name=search_term_string\"}],\"inLanguage\":\"fr-FR\"}]}<\/script>\n<!-- \/ Yoast SEO plugin. -->","yoast_head_json":{"title":"M\u00e9dias - M2ACT","robots":{"index":"index","follow":"follow","max-snippet":"max-snippet:-1","max-image-preview":"max-image-preview:large","max-video-preview":"max-video-preview:-1"},"canonical":"https:\/\/www.m2act.ch\/fr\/medien\/","og_locale":"fr_FR","og_type":"article","og_title":"M\u00e9dias - M2ACT","og_description":"Information aux m\u00e9dias Comunicato stampa 07.06.2023 (in francese) Contactes Pour les demandes des m\u00e9dias contacter belinda schweizer, comunication m2act: belinda schweizer@mgb.ch. Les logos pour des m\u00e9dias et des demandeur\u00b7euse\u00b7s de contributions de soutien.","og_url":"https:\/\/www.m2act.ch\/fr\/medien\/","og_site_name":"M2ACT","article_modified_time":"2024-08-25T10:55:43+00:00","og_image":[{"width":1800,"height":801,"url":"https:\/\/old.m2act.ch\/wp-content\/uploads\/2023\/03\/M2ACT_KEYVISUAL_2023_DAMPFZENTRALE_1800x800.jpg","type":"image\/jpeg"}],"twitter_card":"summary_large_image","twitter_misc":{"Dur\u00e9e de lecture estim\u00e9e":"1 minute"},"schema":{"@context":"https:\/\/schema.org","@graph":[{"@type":"WebPage","@id":"https:\/\/www.m2act.ch\/fr\/medien\/","url":"https:\/\/www.m2act.ch\/fr\/medien\/","name":"M\u00e9dias - M2ACT","isPartOf":{"@id":"https:\/\/www.m2act.ch\/#website"},"datePublished":"2020-09-25T08:33:19+00:00","dateModified":"2024-08-25T10:55:43+00:00","breadcrumb":{"@id":"https:\/\/www.m2act.ch\/fr\/medien\/#breadcrumb"},"inLanguage":"fr-FR","potentialAction":[{"@type":"ReadAction","target":["https:\/\/www.m2act.ch\/fr\/medien\/"]}]},{"@type":"BreadcrumbList","@id":"https:\/\/www.m2act.ch\/fr\/medien\/#breadcrumb","itemListElement":[{"@type":"ListItem","position":1,"name":"Startseite","item":"https:\/\/www.m2act.ch\/fr\/"},{"@type":"ListItem","position":2,"name":"M\u00e9dias"}]},{"@type":"WebSite","@id":"https:\/\/www.m2act.ch\/#website","url":"https:\/\/www.m2act.ch\/","name":"M2ACT","description":"Ein Projekt von Migros Kulturprozent","potentialAction":[{"@type":"SearchAction","target":{"@type":"EntryPoint","urlTemplate":"https:\/\/www.m2act.ch\/?s={search_term_string}"},"query-input":"required name=search_term_string"}],"inLanguage":"fr-FR"}]}},"_links":{"self":[{"href":"https:\/\/old.m2act.ch\/fr\/wp-json\/wp\/v2\/pages\/938"}],"collection":[{"href":"https:\/\/old.m2act.ch\/fr\/wp-json\/wp\/v2\/pages"}],"about":[{"href":"https:\/\/old.m2act.ch\/fr\/wp-json\/wp\/v2\/types\/page"}],"author":[{"embeddable":true,"href":"https:\/\/old.m2act.ch\/fr\/wp-json\/wp\/v2\/users\/1"}],"replies":[{"embeddable":true,"href":"https:\/\/old.m2act.ch\/fr\/wp-json\/wp\/v2\/comments?post=938"}],"version-history":[{"count":18,"href":"https:\/\/old.m2act.ch\/fr\/wp-json\/wp\/v2\/pages\/938\/revisions"}],"predecessor-version":[{"id":9752,"href":"https:\/\/old.m2act.ch\/fr\/wp-json\/wp\/v2\/pages\/938\/revisions\/9752"}],"wp:attachment":[{"href":"https:\/\/old.m2act.ch\/fr\/wp-json\/wp\/v2\/media?parent=938"}],"curies":[{"name":"wp","href":"https:\/\/api.w.org\/{rel}","templated":true}]}}