{"id":935,"date":"2020-09-15T10:31:40","date_gmt":"2020-09-15T08:31:40","guid":{"rendered":"https:\/\/old.m2act.ch\/impressum\/"},"modified":"2024-02-14T14:41:11","modified_gmt":"2024-02-14T13:41:11","slug":"impressum","status":"publish","type":"page","link":"https:\/\/old.m2act.ch\/fr\/impressum\/","title":{"rendered":"Impressum"},"content":{"rendered":"\n<p>F\u00e9d\u00e9ration des coop\u00e9ratives Migros<\/p>\n\n\n\n<p><\/p>\n\n\n\n<p><strong><strong>Responsabilit\u00e9 g\u00e9n\u00e9rale<\/strong><\/strong><br>Hedy Graber, Responsable de la direction Soci\u00e9t\u00e9 et culture<\/p>\n\n\n\n<p><strong>Pour-cent culturel Migros m2act<\/strong><br>Saima S\u00e4gesser, responsable Pour-cent culturel Migros m2act<br>F\u00e9d\u00e9ration des coop\u00e9ratives Migros<br>Direction Soci\u00e9t\u00e9 et culture <br>L\u00f6wenbr\u00e4ukunst-Areal<br>Limmatstrasse 270<br>Case postale 1766<br>CH-8031 Z\u00fcrich<br><\/p>\n\n\n\n<p><strong>Contact<\/strong><br><a href=\"mailto:m2act@mgb.ch\">m2act@mgb.ch<\/a><\/p>\n\n\n\n<p>Conception et design site Internet:&nbsp;<a rel=\"noreferrer noopener\" href=\"http:\/\/www.sonjastuder.ch\/\" target=\"_blank\">Sonja Studer<\/a><br>Programmation site Internet:&nbsp;<a href=\"http:\/\/www.aleaiactadigital.ch\/\">alea iacta digital<\/a><br>Texte: \u00e9quipe m2act et Patrick Ilg<\/p>\n\n\n\n<p><\/p>\n\n\n\n<p><strong>Images<\/strong><br>Key Visual 2024: Daniela Ruocco \u00a9 Mali Lazell \/ Firma f\u00fcr Zwischenbereiche: \u00ab\u00a0Meine Heidi, deine Heidi\u00a0\u00bb \u00a9 Ketty Bertossi<\/p>\n\n\n\n<p>Key Visuals 2023: BRUNING ISSUES 2020 \u00a9 Rebecca R\u00fctten \/ Gr\u00e8ve des femmes 2019 \u00a9 Eleni Kougionis<\/p>\n\n\n\n<p>Key Visuals 2022: \u00abSoya the Cow\u00bb \u00a9 Olivia Schenker \/ capture d&rsquo;\u00e9cran de \u00abAnimal Remains\u00bb, 2018, installation video, Badel\/Sarbach<\/p>\n\n\n\n<p>Key Visuals 2021: Kinda Gozo, Cie Linga: \u00ab\u00a0Sottovoce\u00a0\u00bb \u00a9 Gregory Batardon \/ Cie Greffe: \u00ab\u00a0Elementen III &#8211; Blazing Wreck\u00a0\u00bb \u00a9 Christian Lutz<\/p>\n\n\n\n<p>Key Visuals 2020: Manaka Empowerment Prod.: \u00ab\u00a0Black. Space. Race\u00a0\u00bb \u00a9 Janosch Abel \/ Unplush: \u00ab\u00a0Of Humans and other Artifacts\u00a0\u00bb \u00a9 Roman Brunner<\/p>\n\n\n\n<p>Photos m2act@S\u00fcdpol 2020 \u00a9 Nicolas Gysin<br>Photos m2act@Gessnerallee 2021 \u00a9 Nicolas Gysin<br>Photos m2act@grange-unil 2022 \u00a9 Nora Rupp<br>Photos m2act x Burning Issues 2023 \u00a9 Nora Rupp<\/p>\n","protected":false},"excerpt":{"rendered":"<p>F\u00e9d\u00e9ration des coop\u00e9ratives Migros Responsabilit\u00e9 g\u00e9n\u00e9raleHedy Graber, Responsable de la direction Soci\u00e9t\u00e9 et culture Pour-cent culturel Migros m2actSaima S\u00e4gesser, responsable Pour-cent culturel Migros m2actF\u00e9d\u00e9ration des coop\u00e9ratives MigrosDirection Soci\u00e9t\u00e9 et culture L\u00f6wenbr\u00e4ukunst-ArealLimmatstrasse 270Case postale 1766CH-8031 Z\u00fcrich Contactm2act@mgb.ch Conception et design site Internet:&nbsp;Sonja StuderProgrammation site Internet:&nbsp;alea iacta digitalTexte: \u00e9quipe m2act et Patrick Ilg ImagesKey Visual 2024: Daniela [&hellip;]<\/p>\n","protected":false},"author":1,"featured_media":0,"parent":0,"menu_order":84,"comment_status":"closed","ping_status":"closed","template":"","meta":{"_acf_changed":false,"footnotes":""},"class_list":["post-935","page","type-page","status-publish","hentry"],"acf":[],"yoast_head":"<!-- This site is optimized with the Yoast SEO plugin v23.3 - https:\/\/yoast.com\/wordpress\/plugins\/seo\/ -->\n<title>Impressum - M2ACT<\/title>\n<meta name=\"robots\" content=\"index, follow, max-snippet:-1, max-image-preview:large, max-video-preview:-1\" \/>\n<link rel=\"canonical\" href=\"https:\/\/www.m2act.ch\/fr\/impressum\/\" \/>\n<meta property=\"og:locale\" content=\"fr_FR\" \/>\n<meta property=\"og:type\" content=\"article\" \/>\n<meta property=\"og:title\" content=\"Impressum - M2ACT\" \/>\n<meta property=\"og:description\" content=\"F\u00e9d\u00e9ration des coop\u00e9ratives Migros Responsabilit\u00e9 g\u00e9n\u00e9raleHedy Graber, Responsable de la direction Soci\u00e9t\u00e9 et culture Pour-cent culturel Migros m2actSaima S\u00e4gesser, responsable Pour-cent culturel Migros m2actF\u00e9d\u00e9ration des coop\u00e9ratives MigrosDirection Soci\u00e9t\u00e9 et culture L\u00f6wenbr\u00e4ukunst-ArealLimmatstrasse 270Case postale 1766CH-8031 Z\u00fcrich Contactm2act@mgb.ch Conception et design site Internet:&nbsp;Sonja StuderProgrammation site Internet:&nbsp;alea iacta digitalTexte: \u00e9quipe m2act et Patrick Ilg ImagesKey Visual 2024: Daniela [&hellip;]\" \/>\n<meta property=\"og:url\" content=\"https:\/\/www.m2act.ch\/fr\/impressum\/\" \/>\n<meta property=\"og:site_name\" content=\"M2ACT\" \/>\n<meta property=\"article:modified_time\" content=\"2024-02-14T13:41:11+00:00\" \/>\n<meta property=\"og:image\" content=\"https:\/\/old.m2act.ch\/wp-content\/uploads\/2023\/03\/M2ACT_KEYVISUAL_2023_DAMPFZENTRALE_1800x800.jpg\" \/>\n\t<meta property=\"og:image:width\" content=\"1800\" \/>\n\t<meta property=\"og:image:height\" content=\"801\" \/>\n\t<meta property=\"og:image:type\" content=\"image\/jpeg\" \/>\n<meta name=\"twitter:card\" content=\"summary_large_image\" \/>\n<meta name=\"twitter:label1\" content=\"Dur\u00e9e de lecture estim\u00e9e\" \/>\n\t<meta name=\"twitter:data1\" content=\"2 minutes\" \/>\n<script type=\"application\/ld+json\" class=\"yoast-schema-graph\">{\"@context\":\"https:\/\/schema.org\",\"@graph\":[{\"@type\":\"WebPage\",\"@id\":\"https:\/\/www.m2act.ch\/fr\/impressum\/\",\"url\":\"https:\/\/www.m2act.ch\/fr\/impressum\/\",\"name\":\"Impressum - M2ACT\",\"isPartOf\":{\"@id\":\"https:\/\/www.m2act.ch\/#website\"},\"datePublished\":\"2020-09-15T08:31:40+00:00\",\"dateModified\":\"2024-02-14T13:41:11+00:00\",\"breadcrumb\":{\"@id\":\"https:\/\/www.m2act.ch\/fr\/impressum\/#breadcrumb\"},\"inLanguage\":\"fr-FR\",\"potentialAction\":[{\"@type\":\"ReadAction\",\"target\":[\"https:\/\/www.m2act.ch\/fr\/impressum\/\"]}]},{\"@type\":\"BreadcrumbList\",\"@id\":\"https:\/\/www.m2act.ch\/fr\/impressum\/#breadcrumb\",\"itemListElement\":[{\"@type\":\"ListItem\",\"position\":1,\"name\":\"Startseite\",\"item\":\"https:\/\/www.m2act.ch\/fr\/\"},{\"@type\":\"ListItem\",\"position\":2,\"name\":\"Impressum\"}]},{\"@type\":\"WebSite\",\"@id\":\"https:\/\/www.m2act.ch\/#website\",\"url\":\"https:\/\/www.m2act.ch\/\",\"name\":\"M2ACT\",\"description\":\"Ein Projekt von Migros Kulturprozent\",\"potentialAction\":[{\"@type\":\"SearchAction\",\"target\":{\"@type\":\"EntryPoint\",\"urlTemplate\":\"https:\/\/www.m2act.ch\/?s={search_term_string}\"},\"query-input\":\"required name=search_term_string\"}],\"inLanguage\":\"fr-FR\"}]}<\/script>\n<!-- \/ Yoast SEO plugin. -->","yoast_head_json":{"title":"Impressum - M2ACT","robots":{"index":"index","follow":"follow","max-snippet":"max-snippet:-1","max-image-preview":"max-image-preview:large","max-video-preview":"max-video-preview:-1"},"canonical":"https:\/\/www.m2act.ch\/fr\/impressum\/","og_locale":"fr_FR","og_type":"article","og_title":"Impressum - M2ACT","og_description":"F\u00e9d\u00e9ration des coop\u00e9ratives Migros Responsabilit\u00e9 g\u00e9n\u00e9raleHedy Graber, Responsable de la direction Soci\u00e9t\u00e9 et culture Pour-cent culturel Migros m2actSaima S\u00e4gesser, responsable Pour-cent culturel Migros m2actF\u00e9d\u00e9ration des coop\u00e9ratives MigrosDirection Soci\u00e9t\u00e9 et culture L\u00f6wenbr\u00e4ukunst-ArealLimmatstrasse 270Case postale 1766CH-8031 Z\u00fcrich Contactm2act@mgb.ch Conception et design site Internet:&nbsp;Sonja StuderProgrammation site Internet:&nbsp;alea iacta digitalTexte: \u00e9quipe m2act et Patrick Ilg ImagesKey Visual 2024: Daniela [&hellip;]","og_url":"https:\/\/www.m2act.ch\/fr\/impressum\/","og_site_name":"M2ACT","article_modified_time":"2024-02-14T13:41:11+00:00","og_image":[{"width":1800,"height":801,"url":"https:\/\/old.m2act.ch\/wp-content\/uploads\/2023\/03\/M2ACT_KEYVISUAL_2023_DAMPFZENTRALE_1800x800.jpg","type":"image\/jpeg"}],"twitter_card":"summary_large_image","twitter_misc":{"Dur\u00e9e de lecture estim\u00e9e":"2 minutes"},"schema":{"@context":"https:\/\/schema.org","@graph":[{"@type":"WebPage","@id":"https:\/\/www.m2act.ch\/fr\/impressum\/","url":"https:\/\/www.m2act.ch\/fr\/impressum\/","name":"Impressum - M2ACT","isPartOf":{"@id":"https:\/\/www.m2act.ch\/#website"},"datePublished":"2020-09-15T08:31:40+00:00","dateModified":"2024-02-14T13:41:11+00:00","breadcrumb":{"@id":"https:\/\/www.m2act.ch\/fr\/impressum\/#breadcrumb"},"inLanguage":"fr-FR","potentialAction":[{"@type":"ReadAction","target":["https:\/\/www.m2act.ch\/fr\/impressum\/"]}]},{"@type":"BreadcrumbList","@id":"https:\/\/www.m2act.ch\/fr\/impressum\/#breadcrumb","itemListElement":[{"@type":"ListItem","position":1,"name":"Startseite","item":"https:\/\/www.m2act.ch\/fr\/"},{"@type":"ListItem","position":2,"name":"Impressum"}]},{"@type":"WebSite","@id":"https:\/\/www.m2act.ch\/#website","url":"https:\/\/www.m2act.ch\/","name":"M2ACT","description":"Ein Projekt von Migros Kulturprozent","potentialAction":[{"@type":"SearchAction","target":{"@type":"EntryPoint","urlTemplate":"https:\/\/www.m2act.ch\/?s={search_term_string}"},"query-input":"required name=search_term_string"}],"inLanguage":"fr-FR"}]}},"_links":{"self":[{"href":"https:\/\/old.m2act.ch\/fr\/wp-json\/wp\/v2\/pages\/935"}],"collection":[{"href":"https:\/\/old.m2act.ch\/fr\/wp-json\/wp\/v2\/pages"}],"about":[{"href":"https:\/\/old.m2act.ch\/fr\/wp-json\/wp\/v2\/types\/page"}],"author":[{"embeddable":true,"href":"https:\/\/old.m2act.ch\/fr\/wp-json\/wp\/v2\/users\/1"}],"replies":[{"embeddable":true,"href":"https:\/\/old.m2act.ch\/fr\/wp-json\/wp\/v2\/comments?post=935"}],"version-history":[{"count":12,"href":"https:\/\/old.m2act.ch\/fr\/wp-json\/wp\/v2\/pages\/935\/revisions"}],"predecessor-version":[{"id":9243,"href":"https:\/\/old.m2act.ch\/fr\/wp-json\/wp\/v2\/pages\/935\/revisions\/9243"}],"wp:attachment":[{"href":"https:\/\/old.m2act.ch\/fr\/wp-json\/wp\/v2\/media?parent=935"}],"curies":[{"name":"wp","href":"https:\/\/api.w.org\/{rel}","templated":true}]}}