{"id":930,"date":"2020-09-25T10:32:56","date_gmt":"2020-09-25T08:32:56","guid":{"rendered":"https:\/\/old.m2act.ch\/glossar\/"},"modified":"2022-02-22T15:54:49","modified_gmt":"2022-02-22T14:54:49","slug":"glossar","status":"publish","type":"page","link":"https:\/\/old.m2act.ch\/fr\/glossar\/","title":{"rendered":"Glossaire"},"content":{"rendered":"\n<p>Les explications de ce glossaire sont fond\u00e9es sur une compr\u00e9hension dynamique et non dogmatique des termes: des activit\u00e9s et des projets permettent d\u2019approfondir et de d\u00e9velopper les concepts et de les mettre en \u0153uvre comme des \u00abexemples v\u00e9cus\u00bb.<br><\/p>\n\n\n\n<p><\/p>\n\n\n\n<h3 class=\"wp-block-heading\" id=\"pratique-equitable\">Pratique \u00e9quitable<\/h3>\n\n\n\n<p>La collaboration et les comportements sont fond\u00e9s sur l\u2019\u00e9galit\u00e9, la justice sociale et entre les sexes, la solidarit\u00e9, l\u2019inclusion et la durabilit\u00e9. Cela se refl\u00e8te dans la politique salariale, dans les processus, les structures et les conditions-cadres ainsi que dans la r\u00e9mun\u00e9ration appropri\u00e9e de toutes les parties concern\u00e9es. Les pratiques \u00e9quitables mettent l\u2019accent sur l\u2019\u00e9quilibre entre le travail et la vie familiale et sur l\u2019attention port\u00e9e \u00e0 soi-m\u00eame et aux autres. Une pratique \u00e9quitable dans les arts sc\u00e9niques signifie \u00eatre conscient\u2219e de son r\u00f4le, agir en cons\u00e9quence et s\u2019engager \u00e0 ce que les acteur\u2219rice\u2219s culturel\u2219le\u2219s et le public prennent conscience de la mise en \u0153uvre d\u2019une soci\u00e9t\u00e9 juste du point de vue social et durable. La pratique \u00e9quitable est une condition de base et fait partie int\u00e9grante de toutes les activit\u00e9s, de la collaboration et de la promotion des projets dans le cadre de m2act.<\/p>\n\n\n\n<p><\/p>\n\n\n\n<h3 class=\"wp-block-heading\" id=\"kulturelle-ko-kreation\">Co-cr\u00e9ation culturelle<\/h3>\n\n\n\n<p>Dans le cadre de m2act, la co-cr\u00e9ation culturelle signifie la collaboration d\u2019\u00e9gal \u00e0 \u00e9gal entre acteur\u2219rice\u2219s d\u00e9j\u00e0 impliqu\u00e9\u2219e\u2219s dans un processus de d\u00e9veloppement et\/ou de mise en \u0153uvre de projets culturels. Nous mettons l\u2019accent sur des projets qui sont d\u00e9velopp\u00e9s et r\u00e9alis\u00e9s par des acteur\u2219rice\u2219s culturel\u2219le\u2219s et\/ou des institutions culturelles en collaboration et paritairement avec des sp\u00e9cialistes d\u2019autres domaines, en fonction de leurs comp\u00e9tences et de leur expertise sp\u00e9cifiques. Des mani\u00e8res de travailler artistiques sont combin\u00e9es avec des m\u00e9thodes et des approches pratiques et\/ou scientifiques provenant d\u2019autres cat\u00e9gories et domaines tels que les affaires sociales, l\u2019\u00e9conomie, la soci\u00e9t\u00e9, la recherche, la science et la politique. La collaboration \u00e0 l\u2019interface entre diff\u00e9rents domaines pr\u00e9sente un grand potentiel de cr\u00e9ation culturelle de haute qualit\u00e9 et innovante, tant en termes des processus que des formats qui en r\u00e9sultent.<\/p>\n\n\n\n<p><\/p>\n\n\n\n<h3 class=\"wp-block-heading\" id=\"nachhaltige-strukturen\">Structures durables<\/h3>\n\n\n\n<p>Les conditions-cadres, les processus et l\u2019environnement de travail doivent \u00eatre durables. Ils se basent sur les principes de la pratique \u00e9galitaire et sur l\u2019utilisation responsable des ressources \u00e9cologiques, \u00e9conomiques et humaines. Agir de mani\u00e8re durable dans les arts sc\u00e9niques signifie respecter l\u2019environnement, cr\u00e9er des conditions de travail \u00e9quitables et inclusives et g\u00e9rer consciemment les ressources financi\u00e8res. En m\u00eame temps, les acteur\u2219rice\u2219s culturel\u2219le\u2219s impliquent le public dans leurs efforts et informent de mani\u00e8re transparente. Des structures durables apportent une contribution importante \u00e0 la prise de conscience \u00e9cologique dans les arts sc\u00e9niques et \u00e0 l\u2019am\u00e9lioration de la situation socio-\u00e9conomique des acteur\u2219rice\u2219s culturel\u2219le\u2219s. Ces structures cr\u00e9ent les conditions de base pour un meilleur ancrage et une plus grande pertinence des arts sc\u00e9niques dans la soci\u00e9t\u00e9.<\/p>\n\n\n\n<p><\/p>\n\n\n\n<h3 class=\"wp-block-heading\" id=\"offener-wissenstransfer\">Transfert ouvert de connaissances<\/h3>\n\n\n\n<p>Le partage et l\u2019\u00e9change ouverts et libres d\u2019exp\u00e9riences et de connaissances font partie de l\u2019ADN de m2act. Cela se fait sous diff\u00e9rents formats et projets artistiques, exploratoires et discursifs, ainsi que sur la base de diverses m\u00e9thodes. Des aper\u00e7us et des r\u00e9sultats sont partag\u00e9s, trait\u00e9s et mis \u00e0 disposition des parties int\u00e9ress\u00e9es pour une utilisation et un d\u00e9veloppement ult\u00e9rieurs libres. Le transfert ouvert de connaissances s\u2019effectue entre des expert\u2219e\u2219s et des parties int\u00e9ress\u00e9es, entre des sp\u00e9cialistes de diff\u00e9rents domaines et entre des artistes et le public. Ce transfert est le noyau et la condition pr\u00e9alable \u00e0 la collaboration co-cr\u00e9ative et permet un apprentissage commun et paritaire. Le transfert ouvert de connaissances \u2013 en particulier en vue et comme base d\u2019une pratique \u00e9galitaire \u2013 permet et soutient un changement durable et orient\u00e9 vers l\u2019avenir des structures, des m\u00e9thodes de travail et des processus dans les arts sc\u00e9niques.<\/p>\n\n\n\n<p><\/p>\n\n\n\n<h3 class=\"wp-block-heading\" id=\"orientation-sur-les-effets-produits\">Orientation sur les effets produits<\/h3>\n\n\n\n<p>Un projet orient\u00e9, ou ax\u00e9, sur les effets produits est con\u00e7u et r\u00e9alis\u00e9 de fa\u00e7on \u00e0 produire l\u2019effet d\u00e9sir\u00e9. Il s\u2019agit de d\u00e9finir des hypoth\u00e8ses qui doivent permettre cette transformation. <a href=\"https:\/\/old.m2act.ch\/fr\/toolbox\/impact-guide\/\" target=\"_blank\" rel=\"noreferrer noopener\">L\u2019Impact Guide du Fonds pionnier Migros<\/a>, et en particulier le mod\u00e8le de la cha\u00eene d\u2019impacts, peut s\u2019av\u00e9rer utile. Celui-ci illustre en effet qu\u2019une offre (output) cherchant \u00e0 provoquer un changement de comportement au sein du groupe cible (outcome) se base sur toute une s\u00e9rie d\u2019hypoth\u00e8ses.<\/p>\n","protected":false},"excerpt":{"rendered":"<p>Les explications de ce glossaire sont fond\u00e9es sur une compr\u00e9hension dynamique et non dogmatique des termes: des activit\u00e9s et des projets permettent d\u2019approfondir et de d\u00e9velopper les concepts et de les mettre en \u0153uvre comme des \u00abexemples v\u00e9cus\u00bb. Pratique \u00e9quitable La collaboration et les comportements sont fond\u00e9s sur l\u2019\u00e9galit\u00e9, la justice sociale et entre les [&hellip;]<\/p>\n","protected":false},"author":1,"featured_media":0,"parent":0,"menu_order":54,"comment_status":"closed","ping_status":"closed","template":"","meta":{"_acf_changed":false,"footnotes":""},"class_list":["post-930","page","type-page","status-publish","hentry"],"acf":[],"yoast_head":"<!-- This site is optimized with the Yoast SEO plugin v23.3 - https:\/\/yoast.com\/wordpress\/plugins\/seo\/ -->\n<title>Glossaire - M2ACT<\/title>\n<meta name=\"robots\" content=\"index, follow, max-snippet:-1, max-image-preview:large, max-video-preview:-1\" \/>\n<link rel=\"canonical\" href=\"https:\/\/www.m2act.ch\/fr\/glossar\/\" \/>\n<meta property=\"og:locale\" content=\"fr_FR\" \/>\n<meta property=\"og:type\" content=\"article\" \/>\n<meta property=\"og:title\" content=\"Glossaire - M2ACT\" \/>\n<meta property=\"og:description\" content=\"Les explications de ce glossaire sont fond\u00e9es sur une compr\u00e9hension dynamique et non dogmatique des termes: des activit\u00e9s et des projets permettent d\u2019approfondir et de d\u00e9velopper les concepts et de les mettre en \u0153uvre comme des \u00abexemples v\u00e9cus\u00bb. Pratique \u00e9quitable La collaboration et les comportements sont fond\u00e9s sur l\u2019\u00e9galit\u00e9, la justice sociale et entre les [&hellip;]\" \/>\n<meta property=\"og:url\" content=\"https:\/\/www.m2act.ch\/fr\/glossar\/\" \/>\n<meta property=\"og:site_name\" content=\"M2ACT\" \/>\n<meta property=\"article:modified_time\" content=\"2022-02-22T14:54:49+00:00\" \/>\n<meta property=\"og:image\" content=\"https:\/\/old.m2act.ch\/wp-content\/uploads\/2023\/03\/M2ACT_KEYVISUAL_2023_DAMPFZENTRALE_1800x800.jpg\" \/>\n\t<meta property=\"og:image:width\" content=\"1800\" \/>\n\t<meta property=\"og:image:height\" content=\"801\" \/>\n\t<meta property=\"og:image:type\" content=\"image\/jpeg\" \/>\n<meta name=\"twitter:card\" content=\"summary_large_image\" \/>\n<meta name=\"twitter:label1\" content=\"Dur\u00e9e de lecture estim\u00e9e\" \/>\n\t<meta name=\"twitter:data1\" content=\"4 minutes\" \/>\n<script type=\"application\/ld+json\" class=\"yoast-schema-graph\">{\"@context\":\"https:\/\/schema.org\",\"@graph\":[{\"@type\":\"WebPage\",\"@id\":\"https:\/\/www.m2act.ch\/fr\/glossar\/\",\"url\":\"https:\/\/www.m2act.ch\/fr\/glossar\/\",\"name\":\"Glossaire - M2ACT\",\"isPartOf\":{\"@id\":\"https:\/\/www.m2act.ch\/#website\"},\"datePublished\":\"2020-09-25T08:32:56+00:00\",\"dateModified\":\"2022-02-22T14:54:49+00:00\",\"breadcrumb\":{\"@id\":\"https:\/\/www.m2act.ch\/fr\/glossar\/#breadcrumb\"},\"inLanguage\":\"fr-FR\",\"potentialAction\":[{\"@type\":\"ReadAction\",\"target\":[\"https:\/\/www.m2act.ch\/fr\/glossar\/\"]}]},{\"@type\":\"BreadcrumbList\",\"@id\":\"https:\/\/www.m2act.ch\/fr\/glossar\/#breadcrumb\",\"itemListElement\":[{\"@type\":\"ListItem\",\"position\":1,\"name\":\"Startseite\",\"item\":\"https:\/\/www.m2act.ch\/fr\/\"},{\"@type\":\"ListItem\",\"position\":2,\"name\":\"Glossaire\"}]},{\"@type\":\"WebSite\",\"@id\":\"https:\/\/www.m2act.ch\/#website\",\"url\":\"https:\/\/www.m2act.ch\/\",\"name\":\"M2ACT\",\"description\":\"Ein Projekt von Migros Kulturprozent\",\"potentialAction\":[{\"@type\":\"SearchAction\",\"target\":{\"@type\":\"EntryPoint\",\"urlTemplate\":\"https:\/\/www.m2act.ch\/?s={search_term_string}\"},\"query-input\":\"required name=search_term_string\"}],\"inLanguage\":\"fr-FR\"}]}<\/script>\n<!-- \/ Yoast SEO plugin. -->","yoast_head_json":{"title":"Glossaire - M2ACT","robots":{"index":"index","follow":"follow","max-snippet":"max-snippet:-1","max-image-preview":"max-image-preview:large","max-video-preview":"max-video-preview:-1"},"canonical":"https:\/\/www.m2act.ch\/fr\/glossar\/","og_locale":"fr_FR","og_type":"article","og_title":"Glossaire - M2ACT","og_description":"Les explications de ce glossaire sont fond\u00e9es sur une compr\u00e9hension dynamique et non dogmatique des termes: des activit\u00e9s et des projets permettent d\u2019approfondir et de d\u00e9velopper les concepts et de les mettre en \u0153uvre comme des \u00abexemples v\u00e9cus\u00bb. Pratique \u00e9quitable La collaboration et les comportements sont fond\u00e9s sur l\u2019\u00e9galit\u00e9, la justice sociale et entre les [&hellip;]","og_url":"https:\/\/www.m2act.ch\/fr\/glossar\/","og_site_name":"M2ACT","article_modified_time":"2022-02-22T14:54:49+00:00","og_image":[{"width":1800,"height":801,"url":"https:\/\/old.m2act.ch\/wp-content\/uploads\/2023\/03\/M2ACT_KEYVISUAL_2023_DAMPFZENTRALE_1800x800.jpg","type":"image\/jpeg"}],"twitter_card":"summary_large_image","twitter_misc":{"Dur\u00e9e de lecture estim\u00e9e":"4 minutes"},"schema":{"@context":"https:\/\/schema.org","@graph":[{"@type":"WebPage","@id":"https:\/\/www.m2act.ch\/fr\/glossar\/","url":"https:\/\/www.m2act.ch\/fr\/glossar\/","name":"Glossaire - M2ACT","isPartOf":{"@id":"https:\/\/www.m2act.ch\/#website"},"datePublished":"2020-09-25T08:32:56+00:00","dateModified":"2022-02-22T14:54:49+00:00","breadcrumb":{"@id":"https:\/\/www.m2act.ch\/fr\/glossar\/#breadcrumb"},"inLanguage":"fr-FR","potentialAction":[{"@type":"ReadAction","target":["https:\/\/www.m2act.ch\/fr\/glossar\/"]}]},{"@type":"BreadcrumbList","@id":"https:\/\/www.m2act.ch\/fr\/glossar\/#breadcrumb","itemListElement":[{"@type":"ListItem","position":1,"name":"Startseite","item":"https:\/\/www.m2act.ch\/fr\/"},{"@type":"ListItem","position":2,"name":"Glossaire"}]},{"@type":"WebSite","@id":"https:\/\/www.m2act.ch\/#website","url":"https:\/\/www.m2act.ch\/","name":"M2ACT","description":"Ein Projekt von Migros Kulturprozent","potentialAction":[{"@type":"SearchAction","target":{"@type":"EntryPoint","urlTemplate":"https:\/\/www.m2act.ch\/?s={search_term_string}"},"query-input":"required name=search_term_string"}],"inLanguage":"fr-FR"}]}},"_links":{"self":[{"href":"https:\/\/old.m2act.ch\/fr\/wp-json\/wp\/v2\/pages\/930"}],"collection":[{"href":"https:\/\/old.m2act.ch\/fr\/wp-json\/wp\/v2\/pages"}],"about":[{"href":"https:\/\/old.m2act.ch\/fr\/wp-json\/wp\/v2\/types\/page"}],"author":[{"embeddable":true,"href":"https:\/\/old.m2act.ch\/fr\/wp-json\/wp\/v2\/users\/1"}],"replies":[{"embeddable":true,"href":"https:\/\/old.m2act.ch\/fr\/wp-json\/wp\/v2\/comments?post=930"}],"version-history":[{"count":5,"href":"https:\/\/old.m2act.ch\/fr\/wp-json\/wp\/v2\/pages\/930\/revisions"}],"predecessor-version":[{"id":5271,"href":"https:\/\/old.m2act.ch\/fr\/wp-json\/wp\/v2\/pages\/930\/revisions\/5271"}],"wp:attachment":[{"href":"https:\/\/old.m2act.ch\/fr\/wp-json\/wp\/v2\/media?parent=930"}],"curies":[{"name":"wp","href":"https:\/\/api.w.org\/{rel}","templated":true}]}}