{"id":924,"date":"2020-09-30T09:40:52","date_gmt":"2020-09-30T07:40:52","guid":{"rendered":"https:\/\/old.m2act.ch\/team\/"},"modified":"2024-09-03T12:53:35","modified_gmt":"2024-09-03T10:53:35","slug":"team","status":"publish","type":"page","link":"https:\/\/old.m2act.ch\/fr\/team\/","title":{"rendered":"\u00c9quipe"},"content":{"rendered":"<div id=\"bild-slider-block_f6a5a94829ab0f724df4c3db926fbb4c\" class=\"mod-bild-slider\">\n\t\t\t\t\t            <div class=\"slider\">\n\t\t\t\t                        <div class=\"slide\">\n                            <img decoding=\"async\" class=\"slide-image\"\n                                 srcset=\"https:\/\/old.m2act.ch\/wp-content\/uploads\/2024\/06\/Teamfoto-m2act-4.6.24-2-e1717590281702-1580x920c.jpg 2x, https:\/\/old.m2act.ch\/wp-content\/uploads\/2024\/06\/Teamfoto-m2act-4.6.24-2-e1717590281702-790x460c.jpg 1x\"\n                                 src=\"https:\/\/old.m2act.ch\/wp-content\/uploads\/2024\/06\/Teamfoto-m2act-4.6.24-2-e1717590281702-150x150c.jpg\"\n                                 alt=\"\"\n                            >\n                        <\/div>\n\t\t\t\t\t            <\/div>\n\t\t\t<\/div>\n\n\n\n<p><br>de gauche \u00e0 droite<br><br><strong>Belinda Schweizer<\/strong>, communication m2act<br><br><strong>Lisa M\u00f6sli<\/strong>, coordination &amp; gestion du soutien m2act<br><br><strong>Regula Schr\u00f6ter<\/strong>, collaboration au d\u00e9veloppement du projet et conseill\u00e8re en mati\u00e8re de contenus m2act <br><br><strong>Saima S\u00e4gesser<\/strong>, responsable m2act<br><strong><br>Dino Radoncic<\/strong>, stage Pour-cent culturel Migros<br><br><strong>Anna Trombini<\/strong>, responsable de production m2act<br><\/p>\n\n\n\n<div style=\"height:100px\" aria-hidden=\"true\" class=\"wp-block-spacer\"><\/div>\n\n\n\n<h3 class=\"wp-block-heading\">Contact<\/h3>\n\n\n\n<p><a href=\"mailto:m2act@mgb.ch\" target=\"_blank\" rel=\"noreferrer noopener\">m2act@mgb.ch<\/a><\/p>\n\n\n\n<div style=\"height:100px\" aria-hidden=\"true\" class=\"wp-block-spacer\"><\/div>\n\n\n\n<div id=\"testimonial-block_7e9e57ec42f841fbb42bd85b4b4cc24b\" class=\"mod-stoerer-button\">\n    <a href=\"https:\/\/teams.microsoft.com\/l\/meetup-join\/19:meeting_NDQyM2IyMjktMGIyZi00YTllLTg2MmEtOGE4MjJmZTJkOTg0@thread.v2\/0?context=%7B%22Tid%22:%2235aa8c5b-ac0a-4b15-9788-ff6dfa22901f%22,%22Oid%22:%22a4f05bec-f7f5-464f-91bc-453d86e84572%22%7D\" target=\"_blank\" class=\"inner\">\n        <span class=\"title\">\n            participer \u00e0 l&rsquo;appel        <\/span>\n        <span class=\"more\">\n                        <\/span>\n    <\/a>\n<\/div>\n\n\n    <div id=\"text-shadow-box-block_631a351ba1ca179a1708f3005fddbdb9\" class=\"mod-text-shadow-box\" data-scheme=\"white\">\n\t\t<h3>m2act Permanence<\/h3>\n<p>Tu veux savoir ce que nous faisons exactement? Tu as des questions sur le soutien de m2act? Tu as des id\u00e9es sur les processus \u00e9quitables et durables dont tu aimerais discuter? Ou tu souhaites prendre un rendez-vous individuel? Nous sommes l\u00e0 pour toi!<br \/>\n<strong><br \/>\nChaque premier lundi du mois de 11h \u00e0 12h sur MS Teams!<br \/>\n<\/strong>Dates: <span class=\"TrackChangeTextInsertion TrackedChange TrackChangeHoverSelectColorPurple SCXW21152811 BCX0\"><span class=\"TextRun SCXW21152811 BCX0\" lang=\"DE-DE\" xml:lang=\"DE-DE\" data-contrast=\"auto\"><span class=\"NormalTextRun TrackChangeHoverSelectHighlightPurple SCXW21152811 BCX0\">02.09.2024, 07<\/span><\/span><\/span><span class=\"TrackChangeTextInsertion TrackedChange TrackChangeHoverSelectColorPurple SCXW21152811 BCX0\"><span class=\"TextRun SCXW21152811 BCX0\" lang=\"DE-DE\" xml:lang=\"DE-DE\" data-contrast=\"auto\"><span class=\"NormalTextRun TrackChangeHoverSelectHighlightPurple SCXW21152811 BCX0\">.10.2024, 04.11.2024, 02.12.2024<\/span><\/span><\/span><\/p>\n<ul>\n<li><span style=\"text-decoration: underline;\"><strong><a class=\"Hyperlink SCXW77077205 BCX0\" href=\"https:\/\/teams.microsoft.com\/l\/meetup-join\/19:meeting_NDQyM2IyMjktMGIyZi00YTllLTg2MmEtOGE4MjJmZTJkOTg0@thread.v2\/0?context=%7B%22Tid%22:%2235aa8c5b-ac0a-4b15-9788-ff6dfa22901f%22,%22Oid%22:%22a4f05bec-f7f5-464f-91bc-453d86e84572%22%7D\" target=\"_blank\" rel=\"noreferrer noopener\"><span class=\"TextRun Underlined SCXW77077205 BCX0\" lang=\"FR-CH\" xml:lang=\"FR-CH\" data-contrast=\"none\"><span class=\"NormalTextRun SCXW77077205 BCX0\" data-ccp-charstyle=\"Hyperlink\">participer<\/span><span class=\"NormalTextRun SCXW77077205 BCX0\" data-ccp-charstyle=\"Hyperlink\"> \u00e0 l&rsquo;appel MS Teams<\/span><\/span><\/a><\/strong><\/span><\/li>\n<\/ul>\n<p><span class=\"TextRun SCXW11840972 BCX0\" lang=\"FR-CH\" xml:lang=\"FR-CH\" data-contrast=\"none\"><span class=\"NormalTextRun SCXW11840972 BCX0\">Nous parlons fran\u00e7ais, allemand, italien, anglais et finlandais.<\/span><\/span><br \/>\n<span class=\"TextRun SCXW110199956 BCX0\" lang=\"FR-CH\" xml:lang=\"FR-CH\" data-contrast=\"none\"><span class=\"NormalTextRun SCXW110199956 BCX0\">Si nous sommes emp\u00each\u00e9s pour cause de vacances ou de maladie, tu le sauras sur <\/span><\/span><strong><span style=\"text-decoration: underline;\"><a class=\"Hyperlink SCXW110199956 BCX0\" href=\"https:\/\/www.instagram.com\/dev.m2act.ch\/\" target=\"_blank\" rel=\"noreferrer noopener\"><span class=\"TextRun Underlined SCXW110199956 BCX0\" lang=\"FR-CH\" xml:lang=\"FR-CH\" data-contrast=\"none\"><span class=\"NormalTextRun SCXW110199956 BCX0\" data-ccp-charstyle=\"Hyperlink\">Instagram<\/span><\/span><\/a><\/span><\/strong><span class=\"TextRun Underlined SCXW110199956 BCX0\" lang=\"FR-CH\" xml:lang=\"FR-CH\" data-contrast=\"none\"><span class=\"NormalTextRun SCXW110199956 BCX0\" data-ccp-charstyle=\"Hyperlink\">.<\/span><\/span><\/p>\n    <\/div>\n","protected":false},"excerpt":{"rendered":"<p>de gauche \u00e0 droite Belinda Schweizer, communication m2act Lisa M\u00f6sli, coordination &amp; gestion du soutien m2act Regula Schr\u00f6ter, collaboration au d\u00e9veloppement du projet et conseill\u00e8re en mati\u00e8re de contenus m2act Saima S\u00e4gesser, responsable m2actDino Radoncic, stage Pour-cent culturel Migros Anna Trombini, responsable de production m2act Contact m2act@mgb.ch<\/p>\n","protected":false},"author":2,"featured_media":9531,"parent":0,"menu_order":47,"comment_status":"closed","ping_status":"closed","template":"index.php","meta":{"_acf_changed":false,"footnotes":""},"class_list":["post-924","page","type-page","status-publish","has-post-thumbnail","hentry"],"acf":[],"yoast_head":"<!-- This site is optimized with the Yoast SEO plugin v23.3 - https:\/\/yoast.com\/wordpress\/plugins\/seo\/ -->\n<title>\u00c9quipe - M2ACT<\/title>\n<meta name=\"robots\" content=\"index, follow, max-snippet:-1, max-image-preview:large, max-video-preview:-1\" \/>\n<link rel=\"canonical\" href=\"https:\/\/www.m2act.ch\/fr\/team\/\" \/>\n<meta property=\"og:locale\" content=\"fr_FR\" \/>\n<meta property=\"og:type\" content=\"article\" \/>\n<meta property=\"og:title\" content=\"\u00c9quipe - M2ACT\" \/>\n<meta property=\"og:description\" content=\"de gauche \u00e0 droite Belinda Schweizer, communication m2act Lisa M\u00f6sli, coordination &amp; gestion du soutien m2act Regula Schr\u00f6ter, collaboration au d\u00e9veloppement du projet et conseill\u00e8re en mati\u00e8re de contenus m2act Saima S\u00e4gesser, responsable m2actDino Radoncic, stage Pour-cent culturel Migros Anna Trombini, responsable de production m2act Contact m2act@mgb.ch\" \/>\n<meta property=\"og:url\" content=\"https:\/\/www.m2act.ch\/fr\/team\/\" \/>\n<meta property=\"og:site_name\" content=\"M2ACT\" \/>\n<meta property=\"article:modified_time\" content=\"2024-09-03T10:53:35+00:00\" \/>\n<meta property=\"og:image\" content=\"https:\/\/www.m2act.ch\/wp-content\/uploads\/2024\/06\/Teamfoto-m2act-4.6.24-1-scaled.jpg\" \/>\n\t<meta property=\"og:image:width\" content=\"2560\" \/>\n\t<meta property=\"og:image:height\" content=\"1707\" \/>\n\t<meta property=\"og:image:type\" content=\"image\/jpeg\" \/>\n<meta name=\"twitter:card\" content=\"summary_large_image\" \/>\n<meta name=\"twitter:label1\" content=\"Dur\u00e9e de lecture estim\u00e9e\" \/>\n\t<meta name=\"twitter:data1\" content=\"1 minute\" \/>\n<script type=\"application\/ld+json\" class=\"yoast-schema-graph\">{\"@context\":\"https:\/\/schema.org\",\"@graph\":[{\"@type\":\"WebPage\",\"@id\":\"https:\/\/www.m2act.ch\/fr\/team\/\",\"url\":\"https:\/\/www.m2act.ch\/fr\/team\/\",\"name\":\"\u00c9quipe - M2ACT\",\"isPartOf\":{\"@id\":\"https:\/\/www.m2act.ch\/#website\"},\"primaryImageOfPage\":{\"@id\":\"https:\/\/www.m2act.ch\/fr\/team\/#primaryimage\"},\"image\":{\"@id\":\"https:\/\/www.m2act.ch\/fr\/team\/#primaryimage\"},\"thumbnailUrl\":\"https:\/\/old.m2act.ch\/wp-content\/uploads\/2024\/06\/Teamfoto-m2act-4.6.24-1-scaled.jpg\",\"datePublished\":\"2020-09-30T07:40:52+00:00\",\"dateModified\":\"2024-09-03T10:53:35+00:00\",\"breadcrumb\":{\"@id\":\"https:\/\/www.m2act.ch\/fr\/team\/#breadcrumb\"},\"inLanguage\":\"fr-FR\",\"potentialAction\":[{\"@type\":\"ReadAction\",\"target\":[\"https:\/\/www.m2act.ch\/fr\/team\/\"]}]},{\"@type\":\"ImageObject\",\"inLanguage\":\"fr-FR\",\"@id\":\"https:\/\/www.m2act.ch\/fr\/team\/#primaryimage\",\"url\":\"https:\/\/old.m2act.ch\/wp-content\/uploads\/2024\/06\/Teamfoto-m2act-4.6.24-1-scaled.jpg\",\"contentUrl\":\"https:\/\/old.m2act.ch\/wp-content\/uploads\/2024\/06\/Teamfoto-m2act-4.6.24-1-scaled.jpg\",\"width\":2560,\"height\":1707},{\"@type\":\"BreadcrumbList\",\"@id\":\"https:\/\/www.m2act.ch\/fr\/team\/#breadcrumb\",\"itemListElement\":[{\"@type\":\"ListItem\",\"position\":1,\"name\":\"Startseite\",\"item\":\"https:\/\/www.m2act.ch\/fr\/\"},{\"@type\":\"ListItem\",\"position\":2,\"name\":\"\u00c9quipe\"}]},{\"@type\":\"WebSite\",\"@id\":\"https:\/\/www.m2act.ch\/#website\",\"url\":\"https:\/\/www.m2act.ch\/\",\"name\":\"M2ACT\",\"description\":\"Ein Projekt von Migros Kulturprozent\",\"potentialAction\":[{\"@type\":\"SearchAction\",\"target\":{\"@type\":\"EntryPoint\",\"urlTemplate\":\"https:\/\/www.m2act.ch\/?s={search_term_string}\"},\"query-input\":\"required name=search_term_string\"}],\"inLanguage\":\"fr-FR\"}]}<\/script>\n<!-- \/ Yoast SEO plugin. -->","yoast_head_json":{"title":"\u00c9quipe - M2ACT","robots":{"index":"index","follow":"follow","max-snippet":"max-snippet:-1","max-image-preview":"max-image-preview:large","max-video-preview":"max-video-preview:-1"},"canonical":"https:\/\/www.m2act.ch\/fr\/team\/","og_locale":"fr_FR","og_type":"article","og_title":"\u00c9quipe - M2ACT","og_description":"de gauche \u00e0 droite Belinda Schweizer, communication m2act Lisa M\u00f6sli, coordination &amp; gestion du soutien m2act Regula Schr\u00f6ter, collaboration au d\u00e9veloppement du projet et conseill\u00e8re en mati\u00e8re de contenus m2act Saima S\u00e4gesser, responsable m2actDino Radoncic, stage Pour-cent culturel Migros Anna Trombini, responsable de production m2act Contact m2act@mgb.ch","og_url":"https:\/\/www.m2act.ch\/fr\/team\/","og_site_name":"M2ACT","article_modified_time":"2024-09-03T10:53:35+00:00","og_image":[{"width":2560,"height":1707,"url":"https:\/\/www.m2act.ch\/wp-content\/uploads\/2024\/06\/Teamfoto-m2act-4.6.24-1-scaled.jpg","type":"image\/jpeg"}],"twitter_card":"summary_large_image","twitter_misc":{"Dur\u00e9e de lecture estim\u00e9e":"1 minute"},"schema":{"@context":"https:\/\/schema.org","@graph":[{"@type":"WebPage","@id":"https:\/\/www.m2act.ch\/fr\/team\/","url":"https:\/\/www.m2act.ch\/fr\/team\/","name":"\u00c9quipe - M2ACT","isPartOf":{"@id":"https:\/\/www.m2act.ch\/#website"},"primaryImageOfPage":{"@id":"https:\/\/www.m2act.ch\/fr\/team\/#primaryimage"},"image":{"@id":"https:\/\/www.m2act.ch\/fr\/team\/#primaryimage"},"thumbnailUrl":"https:\/\/old.m2act.ch\/wp-content\/uploads\/2024\/06\/Teamfoto-m2act-4.6.24-1-scaled.jpg","datePublished":"2020-09-30T07:40:52+00:00","dateModified":"2024-09-03T10:53:35+00:00","breadcrumb":{"@id":"https:\/\/www.m2act.ch\/fr\/team\/#breadcrumb"},"inLanguage":"fr-FR","potentialAction":[{"@type":"ReadAction","target":["https:\/\/www.m2act.ch\/fr\/team\/"]}]},{"@type":"ImageObject","inLanguage":"fr-FR","@id":"https:\/\/www.m2act.ch\/fr\/team\/#primaryimage","url":"https:\/\/old.m2act.ch\/wp-content\/uploads\/2024\/06\/Teamfoto-m2act-4.6.24-1-scaled.jpg","contentUrl":"https:\/\/old.m2act.ch\/wp-content\/uploads\/2024\/06\/Teamfoto-m2act-4.6.24-1-scaled.jpg","width":2560,"height":1707},{"@type":"BreadcrumbList","@id":"https:\/\/www.m2act.ch\/fr\/team\/#breadcrumb","itemListElement":[{"@type":"ListItem","position":1,"name":"Startseite","item":"https:\/\/www.m2act.ch\/fr\/"},{"@type":"ListItem","position":2,"name":"\u00c9quipe"}]},{"@type":"WebSite","@id":"https:\/\/www.m2act.ch\/#website","url":"https:\/\/www.m2act.ch\/","name":"M2ACT","description":"Ein Projekt von Migros Kulturprozent","potentialAction":[{"@type":"SearchAction","target":{"@type":"EntryPoint","urlTemplate":"https:\/\/www.m2act.ch\/?s={search_term_string}"},"query-input":"required name=search_term_string"}],"inLanguage":"fr-FR"}]}},"_links":{"self":[{"href":"https:\/\/old.m2act.ch\/fr\/wp-json\/wp\/v2\/pages\/924"}],"collection":[{"href":"https:\/\/old.m2act.ch\/fr\/wp-json\/wp\/v2\/pages"}],"about":[{"href":"https:\/\/old.m2act.ch\/fr\/wp-json\/wp\/v2\/types\/page"}],"author":[{"embeddable":true,"href":"https:\/\/old.m2act.ch\/fr\/wp-json\/wp\/v2\/users\/2"}],"replies":[{"embeddable":true,"href":"https:\/\/old.m2act.ch\/fr\/wp-json\/wp\/v2\/comments?post=924"}],"version-history":[{"count":50,"href":"https:\/\/old.m2act.ch\/fr\/wp-json\/wp\/v2\/pages\/924\/revisions"}],"predecessor-version":[{"id":9815,"href":"https:\/\/old.m2act.ch\/fr\/wp-json\/wp\/v2\/pages\/924\/revisions\/9815"}],"wp:featuredmedia":[{"embeddable":true,"href":"https:\/\/old.m2act.ch\/fr\/wp-json\/wp\/v2\/media\/9531"}],"wp:attachment":[{"href":"https:\/\/old.m2act.ch\/fr\/wp-json\/wp\/v2\/media?parent=924"}],"curies":[{"name":"wp","href":"https:\/\/api.w.org\/{rel}","templated":true}]}}