{"id":5709,"date":"2022-05-31T17:04:42","date_gmt":"2022-05-31T15:04:42","guid":{"rendered":"https:\/\/old.m2act.ch\/?page_id=5709"},"modified":"2022-05-31T17:06:48","modified_gmt":"2022-05-31T15:06:48","slug":"m2actbluefactory","status":"publish","type":"page","link":"https:\/\/old.m2act.ch\/fr\/m2actbluefactory\/","title":{"rendered":"m2act@Bluefactory"},"content":{"rendered":"\n<h2 class=\"wp-block-heading\">SAMEDI, 11.6.2022\u00a0<\/h2>\n\n\n\n<p><\/p>\n\n\n\n<h6 class=\"wp-block-heading\">10:00 \u2013 18:00 Bluefactory, Fribourg<\/h6>\n\n\n\n<h3 class=\"wp-block-heading\">LABORATOIRE D\u2019ID\u00c9ES M2ACT<\/h3>\n\n\n\n<p>En collaboration avec la Bluefactory, m2act invite les actrices et acteurs culturel-les s\u00e9lectionn\u00e9-es dans le cadre de son appel \u00e0 projets 2022 \u00e0 participer \u00e0 un laboratoire d\u2019id\u00e9es \u00e0 Fribourg. Le laboratoire permettra aux participant-es d\u2019affiner et de d\u00e9velopper leurs projets relatifs \u00e0 une pratique \u00e9quitable et durable dans les arts de la sc\u00e8ne. La rencontre favorisera par ailleurs les \u00e9changes et discussions ainsi que la mise en r\u00e9seau des artistes.<\/p>\n","protected":false},"excerpt":{"rendered":"<p>SAMEDI, 11.6.2022\u00a0 10:00 \u2013 18:00 Bluefactory, Fribourg LABORATOIRE D\u2019ID\u00c9ES M2ACT En collaboration avec la Bluefactory, m2act invite les actrices et acteurs culturel-les s\u00e9lectionn\u00e9-es dans le cadre de son appel \u00e0 projets 2022 \u00e0 participer \u00e0 un laboratoire d\u2019id\u00e9es \u00e0 Fribourg. Le laboratoire permettra aux participant-es d\u2019affiner et de d\u00e9velopper leurs projets relatifs \u00e0 une pratique [&hellip;]<\/p>\n","protected":false},"author":2,"featured_media":0,"parent":0,"menu_order":56,"comment_status":"closed","ping_status":"closed","template":"","meta":{"_acf_changed":false,"footnotes":""},"class_list":["post-5709","page","type-page","status-publish","hentry"],"acf":[],"yoast_head":"<!-- This site is optimized with the Yoast SEO plugin v23.3 - https:\/\/yoast.com\/wordpress\/plugins\/seo\/ -->\n<title>m2act@Bluefactory - M2ACT<\/title>\n<meta name=\"robots\" content=\"index, follow, max-snippet:-1, max-image-preview:large, max-video-preview:-1\" \/>\n<link rel=\"canonical\" href=\"https:\/\/www.m2act.ch\/fr\/m2actbluefactory\/\" \/>\n<meta property=\"og:locale\" content=\"fr_FR\" \/>\n<meta property=\"og:type\" content=\"article\" \/>\n<meta property=\"og:title\" content=\"m2act@Bluefactory - M2ACT\" \/>\n<meta property=\"og:description\" content=\"SAMEDI, 11.6.2022\u00a0 10:00 \u2013 18:00 Bluefactory, Fribourg LABORATOIRE D\u2019ID\u00c9ES M2ACT En collaboration avec la Bluefactory, m2act invite les actrices et acteurs culturel-les s\u00e9lectionn\u00e9-es dans le cadre de son appel \u00e0 projets 2022 \u00e0 participer \u00e0 un laboratoire d\u2019id\u00e9es \u00e0 Fribourg. Le laboratoire permettra aux participant-es d\u2019affiner et de d\u00e9velopper leurs projets relatifs \u00e0 une pratique [&hellip;]\" \/>\n<meta property=\"og:url\" content=\"https:\/\/www.m2act.ch\/fr\/m2actbluefactory\/\" \/>\n<meta property=\"og:site_name\" content=\"M2ACT\" \/>\n<meta property=\"article:modified_time\" content=\"2022-05-31T15:06:48+00:00\" \/>\n<meta property=\"og:image\" content=\"https:\/\/old.m2act.ch\/wp-content\/uploads\/2023\/03\/M2ACT_KEYVISUAL_2023_DAMPFZENTRALE_1800x800.jpg\" \/>\n\t<meta property=\"og:image:width\" content=\"1800\" \/>\n\t<meta property=\"og:image:height\" content=\"801\" \/>\n\t<meta property=\"og:image:type\" content=\"image\/jpeg\" \/>\n<meta name=\"twitter:card\" content=\"summary_large_image\" \/>\n<meta name=\"twitter:label1\" content=\"Dur\u00e9e de lecture estim\u00e9e\" \/>\n\t<meta name=\"twitter:data1\" content=\"1 minute\" \/>\n<script type=\"application\/ld+json\" class=\"yoast-schema-graph\">{\"@context\":\"https:\/\/schema.org\",\"@graph\":[{\"@type\":\"WebPage\",\"@id\":\"https:\/\/www.m2act.ch\/fr\/m2actbluefactory\/\",\"url\":\"https:\/\/www.m2act.ch\/fr\/m2actbluefactory\/\",\"name\":\"m2act@Bluefactory - M2ACT\",\"isPartOf\":{\"@id\":\"https:\/\/www.m2act.ch\/#website\"},\"datePublished\":\"2022-05-31T15:04:42+00:00\",\"dateModified\":\"2022-05-31T15:06:48+00:00\",\"breadcrumb\":{\"@id\":\"https:\/\/www.m2act.ch\/fr\/m2actbluefactory\/#breadcrumb\"},\"inLanguage\":\"fr-FR\",\"potentialAction\":[{\"@type\":\"ReadAction\",\"target\":[\"https:\/\/www.m2act.ch\/fr\/m2actbluefactory\/\"]}]},{\"@type\":\"BreadcrumbList\",\"@id\":\"https:\/\/www.m2act.ch\/fr\/m2actbluefactory\/#breadcrumb\",\"itemListElement\":[{\"@type\":\"ListItem\",\"position\":1,\"name\":\"Startseite\",\"item\":\"https:\/\/www.m2act.ch\/fr\/\"},{\"@type\":\"ListItem\",\"position\":2,\"name\":\"m2act@Bluefactory\"}]},{\"@type\":\"WebSite\",\"@id\":\"https:\/\/www.m2act.ch\/#website\",\"url\":\"https:\/\/www.m2act.ch\/\",\"name\":\"M2ACT\",\"description\":\"Ein Projekt von Migros Kulturprozent\",\"potentialAction\":[{\"@type\":\"SearchAction\",\"target\":{\"@type\":\"EntryPoint\",\"urlTemplate\":\"https:\/\/www.m2act.ch\/?s={search_term_string}\"},\"query-input\":\"required name=search_term_string\"}],\"inLanguage\":\"fr-FR\"}]}<\/script>\n<!-- \/ Yoast SEO plugin. -->","yoast_head_json":{"title":"m2act@Bluefactory - M2ACT","robots":{"index":"index","follow":"follow","max-snippet":"max-snippet:-1","max-image-preview":"max-image-preview:large","max-video-preview":"max-video-preview:-1"},"canonical":"https:\/\/www.m2act.ch\/fr\/m2actbluefactory\/","og_locale":"fr_FR","og_type":"article","og_title":"m2act@Bluefactory - M2ACT","og_description":"SAMEDI, 11.6.2022\u00a0 10:00 \u2013 18:00 Bluefactory, Fribourg LABORATOIRE D\u2019ID\u00c9ES M2ACT En collaboration avec la Bluefactory, m2act invite les actrices et acteurs culturel-les s\u00e9lectionn\u00e9-es dans le cadre de son appel \u00e0 projets 2022 \u00e0 participer \u00e0 un laboratoire d\u2019id\u00e9es \u00e0 Fribourg. Le laboratoire permettra aux participant-es d\u2019affiner et de d\u00e9velopper leurs projets relatifs \u00e0 une pratique [&hellip;]","og_url":"https:\/\/www.m2act.ch\/fr\/m2actbluefactory\/","og_site_name":"M2ACT","article_modified_time":"2022-05-31T15:06:48+00:00","og_image":[{"width":1800,"height":801,"url":"https:\/\/old.m2act.ch\/wp-content\/uploads\/2023\/03\/M2ACT_KEYVISUAL_2023_DAMPFZENTRALE_1800x800.jpg","type":"image\/jpeg"}],"twitter_card":"summary_large_image","twitter_misc":{"Dur\u00e9e de lecture estim\u00e9e":"1 minute"},"schema":{"@context":"https:\/\/schema.org","@graph":[{"@type":"WebPage","@id":"https:\/\/www.m2act.ch\/fr\/m2actbluefactory\/","url":"https:\/\/www.m2act.ch\/fr\/m2actbluefactory\/","name":"m2act@Bluefactory - M2ACT","isPartOf":{"@id":"https:\/\/www.m2act.ch\/#website"},"datePublished":"2022-05-31T15:04:42+00:00","dateModified":"2022-05-31T15:06:48+00:00","breadcrumb":{"@id":"https:\/\/www.m2act.ch\/fr\/m2actbluefactory\/#breadcrumb"},"inLanguage":"fr-FR","potentialAction":[{"@type":"ReadAction","target":["https:\/\/www.m2act.ch\/fr\/m2actbluefactory\/"]}]},{"@type":"BreadcrumbList","@id":"https:\/\/www.m2act.ch\/fr\/m2actbluefactory\/#breadcrumb","itemListElement":[{"@type":"ListItem","position":1,"name":"Startseite","item":"https:\/\/www.m2act.ch\/fr\/"},{"@type":"ListItem","position":2,"name":"m2act@Bluefactory"}]},{"@type":"WebSite","@id":"https:\/\/www.m2act.ch\/#website","url":"https:\/\/www.m2act.ch\/","name":"M2ACT","description":"Ein Projekt von Migros Kulturprozent","potentialAction":[{"@type":"SearchAction","target":{"@type":"EntryPoint","urlTemplate":"https:\/\/www.m2act.ch\/?s={search_term_string}"},"query-input":"required name=search_term_string"}],"inLanguage":"fr-FR"}]}},"_links":{"self":[{"href":"https:\/\/old.m2act.ch\/fr\/wp-json\/wp\/v2\/pages\/5709"}],"collection":[{"href":"https:\/\/old.m2act.ch\/fr\/wp-json\/wp\/v2\/pages"}],"about":[{"href":"https:\/\/old.m2act.ch\/fr\/wp-json\/wp\/v2\/types\/page"}],"author":[{"embeddable":true,"href":"https:\/\/old.m2act.ch\/fr\/wp-json\/wp\/v2\/users\/2"}],"replies":[{"embeddable":true,"href":"https:\/\/old.m2act.ch\/fr\/wp-json\/wp\/v2\/comments?post=5709"}],"version-history":[{"count":2,"href":"https:\/\/old.m2act.ch\/fr\/wp-json\/wp\/v2\/pages\/5709\/revisions"}],"predecessor-version":[{"id":5716,"href":"https:\/\/old.m2act.ch\/fr\/wp-json\/wp\/v2\/pages\/5709\/revisions\/5716"}],"wp:attachment":[{"href":"https:\/\/old.m2act.ch\/fr\/wp-json\/wp\/v2\/media?parent=5709"}],"curies":[{"name":"wp","href":"https:\/\/api.w.org\/{rel}","templated":true}]}}