{"id":3726,"date":"2021-08-20T14:15:40","date_gmt":"2021-08-20T12:15:40","guid":{"rendered":"https:\/\/old.m2act.ch\/?page_id=3726"},"modified":"2022-05-11T09:43:38","modified_gmt":"2022-05-11T07:43:38","slug":"m2actauawirleben","status":"publish","type":"page","link":"https:\/\/old.m2act.ch\/fr\/m2actauawirleben\/","title":{"rendered":"m2act@Auawirleben"},"content":{"rendered":"\n<h2 class=\"wp-block-heading\">SAMEDI, 7.5.2022\u00a0<\/h2>\n\n\n\n<p><\/p>\n\n\n\n<h6 class=\"wp-block-heading\">9:30 &#8211; 17:30   Aula du centre culturel PROGR, Berne<\/h6>\n\n\n\n<h3 class=\"wp-block-heading\">S\u00c9ANCE DE R\u00c9SEAUTAGE&nbsp;M2ACT<\/h3>\n\n\n\n<p>De nombreux acteurs et actrices culturel-les \u0153uvrent activement en faveur d\u2019une \u00e9volution vers des pratiques \u00e9quitables et durables dans les arts de la sc\u00e8ne. m2act, le projet de soutien et de mise en r\u00e9seau du Pour-cent culturel Migros pour des arts de la sc\u00e8ne, les soutient dans cette d\u00e9marche. En collaboration avec le <a href=\"https:\/\/auawirleben.ch\/journal\/gaeste-am-aua#\/\">festival de th\u00e9\u00e2tre \u00abauawirleben\u00bb<\/a>, les acteurs et actrices culturel-les encourag\u00e9-es par m2act se r\u00e9unissent pour une rencontre de r\u00e9seautage ax\u00e9e sur la co-cr\u00e9ation et le transfert ouvert de connaissances. L\u2019apr\u00e8s-midi, au cours de la partie publique de la s\u00e9ance de r\u00e9seautage, l\u2019initiative <a href=\"https:\/\/www.fairspec.ch\/\">FAIRSPEC<\/a> proposera un atelier en lien avec la \u00ab<a href=\"https:\/\/www.fairspec.ch\/kodex\">Charte FAIRSPEC<\/a>\u00bb et pr\u00e9sentera des outils et des r\u00e9sultats tir\u00e9s de la pratique. La s\u00e9ance permettra de partager ses exp\u00e9riences et connaissances, d\u2019apprendre les un-es des autres et de cr\u00e9er des liens. <\/p>\n\n\n\n<p><\/p>\n\n\n\n<h2 class=\"wp-block-heading\">VENDREDI et SAMEDI, 7 &amp; 8.5.2021&nbsp;<\/h2>\n\n\n\n<p><\/p>\n\n\n\n<h6 class=\"wp-block-heading\">10:00 &#8211; 18:00&nbsp;online<\/h6>\n\n\n\n<h3 class=\"wp-block-heading\">LABORATOIRE D\u2019ID\u00c9ES ET S\u00c9ANCE DE R\u00c9SEAUTAGE&nbsp;M2ACT<\/h3>\n\n\n\n<p>En collaboration avec le festival de th\u00e9\u00e2tre auawirleben, m2act et les actrices et acteurs culturel-les encourag\u00e9-es par le projet de soutien se r\u00e9unissent pour un laboratoire d\u2019id\u00e9es et une rencontre de r\u00e9seautage. Les deux ateliers portent sur la co-cr\u00e9ation et le transfert ouvert de connaissances. Ils permettent aux personnes participant de partager leurs exp\u00e9riences et leur expertise sur des pratiques \u00e9quitables et durables dans les arts de la sc\u00e8ne, d\u2019apprendre les unes et uns des autres et de d\u00e9velopper leurs id\u00e9es. Des r\u00e9sultats de ce processus seront partag\u00e9s lors du campus m2act du 23 au 25 septembre 2021 \u00e0 la Gessnerallee. <a href=\"https:\/\/auawirleben.ch\/journal\/gaeste-am-aua#\/\" target=\"_blank\" rel=\"noreferrer noopener\">D\u00e9tails<\/a><\/p>\n","protected":false},"excerpt":{"rendered":"<p>SAMEDI, 7.5.2022\u00a0 9:30 &#8211; 17:30 Aula du centre culturel PROGR, Berne S\u00c9ANCE DE R\u00c9SEAUTAGE&nbsp;M2ACT De nombreux acteurs et actrices culturel-les \u0153uvrent activement en faveur d\u2019une \u00e9volution vers des pratiques \u00e9quitables et durables dans les arts de la sc\u00e8ne. m2act, le projet de soutien et de mise en r\u00e9seau du Pour-cent culturel Migros pour des arts [&hellip;]<\/p>\n","protected":false},"author":2,"featured_media":0,"parent":0,"menu_order":67,"comment_status":"closed","ping_status":"closed","template":"","meta":{"_acf_changed":false,"footnotes":""},"class_list":["post-3726","page","type-page","status-publish","hentry"],"acf":[],"yoast_head":"<!-- This site is optimized with the Yoast SEO plugin v23.3 - https:\/\/yoast.com\/wordpress\/plugins\/seo\/ -->\n<title>m2act@Auawirleben - M2ACT<\/title>\n<meta name=\"robots\" content=\"index, follow, max-snippet:-1, max-image-preview:large, max-video-preview:-1\" \/>\n<link rel=\"canonical\" href=\"https:\/\/www.m2act.ch\/fr\/m2actauawirleben\/\" \/>\n<meta property=\"og:locale\" content=\"fr_FR\" \/>\n<meta property=\"og:type\" content=\"article\" \/>\n<meta property=\"og:title\" content=\"m2act@Auawirleben - M2ACT\" \/>\n<meta property=\"og:description\" content=\"SAMEDI, 7.5.2022\u00a0 9:30 &#8211; 17:30 Aula du centre culturel PROGR, Berne S\u00c9ANCE DE R\u00c9SEAUTAGE&nbsp;M2ACT De nombreux acteurs et actrices culturel-les \u0153uvrent activement en faveur d\u2019une \u00e9volution vers des pratiques \u00e9quitables et durables dans les arts de la sc\u00e8ne. m2act, le projet de soutien et de mise en r\u00e9seau du Pour-cent culturel Migros pour des arts [&hellip;]\" \/>\n<meta property=\"og:url\" content=\"https:\/\/www.m2act.ch\/fr\/m2actauawirleben\/\" \/>\n<meta property=\"og:site_name\" content=\"M2ACT\" \/>\n<meta property=\"article:modified_time\" content=\"2022-05-11T07:43:38+00:00\" \/>\n<meta property=\"og:image\" content=\"https:\/\/old.m2act.ch\/wp-content\/uploads\/2023\/03\/M2ACT_KEYVISUAL_2023_DAMPFZENTRALE_1800x800.jpg\" \/>\n\t<meta property=\"og:image:width\" content=\"1800\" \/>\n\t<meta property=\"og:image:height\" content=\"801\" \/>\n\t<meta property=\"og:image:type\" content=\"image\/jpeg\" \/>\n<meta name=\"twitter:card\" content=\"summary_large_image\" \/>\n<meta name=\"twitter:label1\" content=\"Dur\u00e9e de lecture estim\u00e9e\" \/>\n\t<meta name=\"twitter:data1\" content=\"2 minutes\" \/>\n<script type=\"application\/ld+json\" class=\"yoast-schema-graph\">{\"@context\":\"https:\/\/schema.org\",\"@graph\":[{\"@type\":\"WebPage\",\"@id\":\"https:\/\/www.m2act.ch\/fr\/m2actauawirleben\/\",\"url\":\"https:\/\/www.m2act.ch\/fr\/m2actauawirleben\/\",\"name\":\"m2act@Auawirleben - M2ACT\",\"isPartOf\":{\"@id\":\"https:\/\/www.m2act.ch\/#website\"},\"datePublished\":\"2021-08-20T12:15:40+00:00\",\"dateModified\":\"2022-05-11T07:43:38+00:00\",\"breadcrumb\":{\"@id\":\"https:\/\/www.m2act.ch\/fr\/m2actauawirleben\/#breadcrumb\"},\"inLanguage\":\"fr-FR\",\"potentialAction\":[{\"@type\":\"ReadAction\",\"target\":[\"https:\/\/www.m2act.ch\/fr\/m2actauawirleben\/\"]}]},{\"@type\":\"BreadcrumbList\",\"@id\":\"https:\/\/www.m2act.ch\/fr\/m2actauawirleben\/#breadcrumb\",\"itemListElement\":[{\"@type\":\"ListItem\",\"position\":1,\"name\":\"Startseite\",\"item\":\"https:\/\/www.m2act.ch\/fr\/\"},{\"@type\":\"ListItem\",\"position\":2,\"name\":\"m2act@Auawirleben\"}]},{\"@type\":\"WebSite\",\"@id\":\"https:\/\/www.m2act.ch\/#website\",\"url\":\"https:\/\/www.m2act.ch\/\",\"name\":\"M2ACT\",\"description\":\"Ein Projekt von Migros Kulturprozent\",\"potentialAction\":[{\"@type\":\"SearchAction\",\"target\":{\"@type\":\"EntryPoint\",\"urlTemplate\":\"https:\/\/www.m2act.ch\/?s={search_term_string}\"},\"query-input\":\"required name=search_term_string\"}],\"inLanguage\":\"fr-FR\"}]}<\/script>\n<!-- \/ Yoast SEO plugin. -->","yoast_head_json":{"title":"m2act@Auawirleben - M2ACT","robots":{"index":"index","follow":"follow","max-snippet":"max-snippet:-1","max-image-preview":"max-image-preview:large","max-video-preview":"max-video-preview:-1"},"canonical":"https:\/\/www.m2act.ch\/fr\/m2actauawirleben\/","og_locale":"fr_FR","og_type":"article","og_title":"m2act@Auawirleben - M2ACT","og_description":"SAMEDI, 7.5.2022\u00a0 9:30 &#8211; 17:30 Aula du centre culturel PROGR, Berne S\u00c9ANCE DE R\u00c9SEAUTAGE&nbsp;M2ACT De nombreux acteurs et actrices culturel-les \u0153uvrent activement en faveur d\u2019une \u00e9volution vers des pratiques \u00e9quitables et durables dans les arts de la sc\u00e8ne. m2act, le projet de soutien et de mise en r\u00e9seau du Pour-cent culturel Migros pour des arts [&hellip;]","og_url":"https:\/\/www.m2act.ch\/fr\/m2actauawirleben\/","og_site_name":"M2ACT","article_modified_time":"2022-05-11T07:43:38+00:00","og_image":[{"width":1800,"height":801,"url":"https:\/\/old.m2act.ch\/wp-content\/uploads\/2023\/03\/M2ACT_KEYVISUAL_2023_DAMPFZENTRALE_1800x800.jpg","type":"image\/jpeg"}],"twitter_card":"summary_large_image","twitter_misc":{"Dur\u00e9e de lecture estim\u00e9e":"2 minutes"},"schema":{"@context":"https:\/\/schema.org","@graph":[{"@type":"WebPage","@id":"https:\/\/www.m2act.ch\/fr\/m2actauawirleben\/","url":"https:\/\/www.m2act.ch\/fr\/m2actauawirleben\/","name":"m2act@Auawirleben - M2ACT","isPartOf":{"@id":"https:\/\/www.m2act.ch\/#website"},"datePublished":"2021-08-20T12:15:40+00:00","dateModified":"2022-05-11T07:43:38+00:00","breadcrumb":{"@id":"https:\/\/www.m2act.ch\/fr\/m2actauawirleben\/#breadcrumb"},"inLanguage":"fr-FR","potentialAction":[{"@type":"ReadAction","target":["https:\/\/www.m2act.ch\/fr\/m2actauawirleben\/"]}]},{"@type":"BreadcrumbList","@id":"https:\/\/www.m2act.ch\/fr\/m2actauawirleben\/#breadcrumb","itemListElement":[{"@type":"ListItem","position":1,"name":"Startseite","item":"https:\/\/www.m2act.ch\/fr\/"},{"@type":"ListItem","position":2,"name":"m2act@Auawirleben"}]},{"@type":"WebSite","@id":"https:\/\/www.m2act.ch\/#website","url":"https:\/\/www.m2act.ch\/","name":"M2ACT","description":"Ein Projekt von Migros Kulturprozent","potentialAction":[{"@type":"SearchAction","target":{"@type":"EntryPoint","urlTemplate":"https:\/\/www.m2act.ch\/?s={search_term_string}"},"query-input":"required name=search_term_string"}],"inLanguage":"fr-FR"}]}},"_links":{"self":[{"href":"https:\/\/old.m2act.ch\/fr\/wp-json\/wp\/v2\/pages\/3726"}],"collection":[{"href":"https:\/\/old.m2act.ch\/fr\/wp-json\/wp\/v2\/pages"}],"about":[{"href":"https:\/\/old.m2act.ch\/fr\/wp-json\/wp\/v2\/types\/page"}],"author":[{"embeddable":true,"href":"https:\/\/old.m2act.ch\/fr\/wp-json\/wp\/v2\/users\/2"}],"replies":[{"embeddable":true,"href":"https:\/\/old.m2act.ch\/fr\/wp-json\/wp\/v2\/comments?post=3726"}],"version-history":[{"count":12,"href":"https:\/\/old.m2act.ch\/fr\/wp-json\/wp\/v2\/pages\/3726\/revisions"}],"predecessor-version":[{"id":5626,"href":"https:\/\/old.m2act.ch\/fr\/wp-json\/wp\/v2\/pages\/3726\/revisions\/5626"}],"wp:attachment":[{"href":"https:\/\/old.m2act.ch\/fr\/wp-json\/wp\/v2\/media?parent=3726"}],"curies":[{"name":"wp","href":"https:\/\/api.w.org\/{rel}","templated":true}]}}