{"id":3718,"date":"2021-08-16T14:02:32","date_gmt":"2021-08-16T12:02:32","guid":{"rendered":"https:\/\/old.m2act.ch\/?page_id=3718"},"modified":"2024-06-19T16:49:38","modified_gmt":"2024-06-19T14:49:38","slug":"reseau","status":"publish","type":"page","link":"https:\/\/old.m2act.ch\/fr\/reseau\/","title":{"rendered":"R\u00e9seau"},"content":{"rendered":"\n<p>En collaboration avec diverses institutions partenaires, nous organisons chaque ann\u00e9e un \u00e9v\u00e9nement public de r\u00e9seautage offrant une plateforme d\u2019\u00e9changes entre des actrices et acteurs culturel-les et d\u2019autres expert-es. Nous mettons l\u2019accent sur le transfert ouvert de connaissances ainsi que sur la cr\u00e9ation et l\u2019exp\u00e9rimentation en commun d\u2019id\u00e9es et d\u2019approches d\u2019avenir pour les arts de la sc\u00e8ne. En outre, dans le cadre du <a href=\"https:\/\/old.m2act.ch\/fr\/foerderung-m2act\/\">soutien<\/a>, nous organisons r\u00e9guli\u00e8rement des \u00e9v\u00e9nements de r\u00e9seautage pour et avec <a href=\"https:\/\/old.m2act.ch\/fr\/gefoerderte-vorhaben\/\">les projets soutenus<\/a>.&nbsp;&nbsp;<\/p>\n\n\n\n<p>Les r\u00e9sultats, les id\u00e9es et les conseils pratiques issus de ces \u00e9v\u00e9nements sont mis \u00e0 la disposition de toutes les parties int\u00e9ress\u00e9es dans la <a href=\"\/fr\/#toolbox\">Toolbox<\/a> num\u00e9rique et dans le cadre des <a href=\"\/fr\/#dialogues\">dialogues<\/a> avec des expert-es des arts de la sc\u00e8ne et d\u2019autres domaines soci\u00e9taux.<\/p>\n\n\n\n<div id=\"bild-sektion-block_3398133e3c2c556941c659c9dd1fdc14\" class=\"mod-bild-sektion\">\n    <div class=\"container-breakout\">\n        <div class=\"image-spacer\">\n            <div class=\"image-fixed\">\n                <div class=\"image\" style=\"background-image: url('https:\/\/old.m2act.ch\/wp-content\/uploads\/2020\/09\/black-space-scaled.jpg');\" data-imgurl=\"https:\/\/old.m2act.ch\/wp-content\/uploads\/2020\/09\/black-space-scaled.jpg\"><\/div>\n            <\/div>\n        <\/div>\n    <\/div>\n<\/div>\n\n\n<h2 class=\"wp-block-heading\">\u00c9V\u00c9NEMENTS DE R\u00c9SEAUTAGE&nbsp;<\/h2>\n\n\n\n<div id=\"event-list-block_51e540574053faea00c2cbc4edacf7eb\" class=\"mod-event-list\">\n\t        <ul class=\"events\">\n\t\t\t                <li class=\"event-row\">\n                    <div class=\"event-date\">\n                        <p>22 novembre 2024<br \/>\r\nBienne\/Biel<\/p>\n\t\t\t\t\t\t                    <\/div>\n                    <div class=\"event-content\">\n                        <h3 class=\"event-title\">M2ACT \u00d7 FORUM DANSE <\/h3>\n                        <div class=\"event-text\">\n                            <p>\n\t\t\t\t\t\t\t\t\ufeffForum Tanz et m2act fusionnent cette ann\u00e9e leurs rencontres de mise en r\u00e9seau. En collaboration avec RESO \u2013 R\u00e9seau Danse Suisse, Danse Suisse et Pro Helvetia, m2act vous invite \u00e0 une rencontre de mise en r\u00e9seau \u00e0 l&rsquo;\u00e9chelle nationale. L&rsquo;accent sera mis sur le th\u00e8me des alliances dans les arts de la sc\u00e8ne. Les tables rondes, discussions et ateliers permettront aux participant-e-x-s d\u2019\u00e9changer, de s\u2019inspirer et de nouer de nouveaux partenariats. \t\t\t\t\t\t\t\t                                    <a href=\"https:\/\/m2act-x-forumtanz-2024.events.migros-kulturprozent.ch\/fr\/\" target=\"_blank\">\n\t\t\t\t\t\t\t\t\t\tD\u00e9tails                                    <\/a>\n\t\t\t\t\t\t\t\t                            <\/p>\n                        <\/div>\n                    <\/div>\n                <\/li>\n\t\t\t        <\/ul>\n\t\t\t<\/div>\n\n\n<div style=\"height:100px\" aria-hidden=\"true\" class=\"wp-block-spacer\"><\/div>\n\n\n\n<h3 class=\"wp-block-heading\">\u00c9V\u00c9NEMENTS DE R\u00c9SEAUTAGE PR\u00c9C\u00c9DENTS<\/h3>\n\n\n\n<div id=\"event-list-block_7007da00606256d398359b8c4ab4327a\" class=\"mod-event-list\">\n\t        <ul class=\"events\">\n\t\t\t                <li class=\"event-row\">\n                    <div class=\"event-date\">\n                        <p>24 mai 2024<br \/>\r\nLugano <\/p>\n\t\t\t\t\t\t                    <\/div>\n                    <div class=\"event-content\">\n                        <h3 class=\"event-title\">M2ACT@JOURN\u00c9ES DU TH\u00c9\u00c2TRE SUISSES<\/h3>\n                        <div class=\"event-text\">\n                            <p>\n\t\t\t\t\t\t\t\t\t\t\t\t\t\t\t\t                                    <a href=\"https:\/\/journees-theatre-suisse.ch\/spectacles-2024\/feminesto2-femmes-en-tete-!.html\" target=\"_blank\">\n\t\t\t\t\t\t\t\t\t\tD\u00e9tails                                    <\/a>\n\t\t\t\t\t\t\t\t                            <\/p>\n                        <\/div>\n                    <\/div>\n                <\/li>\n\t\t\t                <li class=\"event-row\">\n                    <div class=\"event-date\">\n                        <p>19 avril 2024<br \/>\r\nThoune<\/p>\n\t\t\t\t\t\t                    <\/div>\n                    <div class=\"event-content\">\n                        <h3 class=\"event-title\">M2ACT@K\u00dcNSTLERB\u00d6RSE<\/h3>\n                        <div class=\"event-text\">\n                            <p>\n\t\t\t\t\t\t\t\t\t\t\t\t\t\t\t\t                                    <a href=\"https:\/\/www.bourseauxspectacles.ch\/2024-2\/programme\/programm\/\" target=\"_blank\">\n\t\t\t\t\t\t\t\t\t\tD\u00e9tails                                    <\/a>\n\t\t\t\t\t\t\t\t                            <\/p>\n                        <\/div>\n                    <\/div>\n                <\/li>\n\t\t\t                <li class=\"event-row\">\n                    <div class=\"event-date\">\n                        <p>15 \u2013 17 septembre 2023<\/p>\n\t\t\t\t\t\t                    <\/div>\n                    <div class=\"event-content\">\n                        <h3 class=\"event-title\">M2ACT x BURNING ISSUES &#8211; Performing Arts &#038; Action<\/h3>\n                        <div class=\"event-text\">\n                            <p>\n\t\t\t\t\t\t\t\t\t\t\t\t\t\t\t\t                                    <a href=\"https:\/\/old.m2act.ch\/fr\/m2act-x-burning-issues\/\" target=\"_blank\">\n\t\t\t\t\t\t\t\t\t\tD\u00e9tails                                    <\/a>\n\t\t\t\t\t\t\t\t                            <\/p>\n                        <\/div>\n                    <\/div>\n                <\/li>\n\t\t\t                <li class=\"event-row\">\n                    <div class=\"event-date\">\n                        <p>11 &#038; 12 novembre 2022<\/p>\n\t\t\t\t\t\t                    <\/div>\n                    <div class=\"event-content\">\n                        <h3 class=\"event-title\">M2ACT@GRANGE-UNIL<\/h3>\n                        <div class=\"event-text\">\n                            <p>\n\t\t\t\t\t\t\t\t\t\t\t\t\t\t\t\t                                    <a href=\"https:\/\/old.m2act.ch\/fr\/m2actgrange-unil\/\" target=\"\">\n\t\t\t\t\t\t\t\t\t\tD\u00e9tails                                    <\/a>\n\t\t\t\t\t\t\t\t                            <\/p>\n                        <\/div>\n                    <\/div>\n                <\/li>\n\t\t\t                <li class=\"event-row\">\n                    <div class=\"event-date\">\n                        <p>11 juin 2022<\/p>\n\t\t\t\t\t\t                    <\/div>\n                    <div class=\"event-content\">\n                        <h3 class=\"event-title\">m2act@Bluefactory<\/h3>\n                        <div class=\"event-text\">\n                            <p>\n\t\t\t\t\t\t\t\t\t\t\t\t\t\t\t\t                                    <a href=\"https:\/\/old.m2act.ch\/fr\/m2actbluefactory\/\" target=\"\">\n\t\t\t\t\t\t\t\t\t\tD\u00e9tails                                    <\/a>\n\t\t\t\t\t\t\t\t                            <\/p>\n                        <\/div>\n                    <\/div>\n                <\/li>\n\t\t\t                <li class=\"event-row\">\n                    <div class=\"event-date\">\n                        <p>7 mai 2022<\/p>\n\t\t\t\t\t\t                    <\/div>\n                    <div class=\"event-content\">\n                        <h3 class=\"event-title\">m2act@auawirleben<\/h3>\n                        <div class=\"event-text\">\n                            <p>\n\t\t\t\t\t\t\t\t\t\t\t\t\t\t\t\t                                    <a href=\"https:\/\/old.m2act.ch\/fr\/m2actauawirleben\/\" target=\"\">\n\t\t\t\t\t\t\t\t\t\tDetails                                    <\/a>\n\t\t\t\t\t\t\t\t                            <\/p>\n                        <\/div>\n                    <\/div>\n                <\/li>\n\t\t\t                <li class=\"event-row\">\n                    <div class=\"event-date\">\n                        <p>23 \u2013 25 septembre 2021<\/p>\n\t\t\t\t\t\t                    <\/div>\n                    <div class=\"event-content\">\n                        <h3 class=\"event-title\">m2act@Gessnerallee<\/h3>\n                        <div class=\"event-text\">\n                            <p>\n\t\t\t\t\t\t\t\t\t\t\t\t\t\t\t\t                                    <a href=\"https:\/\/old.m2act.ch\/fr\/m2actgessnerallee\/\" target=\"\">\n\t\t\t\t\t\t\t\t\t\tD\u00e9tails                                    <\/a>\n\t\t\t\t\t\t\t\t                            <\/p>\n                        <\/div>\n                    <\/div>\n                <\/li>\n\t\t\t                <li class=\"event-row\">\n                    <div class=\"event-date\">\n                        <p>7 &#038; 8 mai 2021<\/p>\n\t\t\t\t\t\t                    <\/div>\n                    <div class=\"event-content\">\n                        <h3 class=\"event-title\">m2act@Auawirleben<\/h3>\n                        <div class=\"event-text\">\n                            <p>\n\t\t\t\t\t\t\t\t\t\t\t\t\t\t\t\t                                    <a href=\"https:\/\/old.m2act.ch\/fr\/m2actauawirleben\/\" target=\"_blank\">\n\t\t\t\t\t\t\t\t\t\tD\u00e9tails                                    <\/a>\n\t\t\t\t\t\t\t\t                            <\/p>\n                        <\/div>\n                    <\/div>\n                <\/li>\n\t\t\t                <li class=\"event-row\">\n                    <div class=\"event-date\">\n                        <p>8 \u2013 10 octobre 2020<\/p>\n\t\t\t\t\t\t                    <\/div>\n                    <div class=\"event-content\">\n                        <h3 class=\"event-title\">m2act@S\u00fcdpol<\/h3>\n                        <div class=\"event-text\">\n                            <p>\n\t\t\t\t\t\t\t\t\t\t\t\t\t\t\t\t                                    <a href=\"https:\/\/old.m2act.ch\/fr\/m2actsuedpol\/\" target=\"_blank\">\n\t\t\t\t\t\t\t\t\t\tD\u00e9tails                                    <\/a>\n\t\t\t\t\t\t\t\t                            <\/p>\n                        <\/div>\n                    <\/div>\n                <\/li>\n\t\t\t                <li class=\"event-row\">\n                    <div class=\"event-date\">\n                        <p>5 octobre 2020<\/p>\n\t\t\t\t\t\t                    <\/div>\n                    <div class=\"event-content\">\n                        <h3 class=\"event-title\">m2act@LeGr\u00fctli<\/h3>\n                        <div class=\"event-text\">\n                            <p>\n\t\t\t\t\t\t\t\t\t\t\t\t\t\t\t\t                                    <a href=\"https:\/\/old.m2act.ch\/fr\/m2actlegruetli\/\" target=\"_blank\">\n\t\t\t\t\t\t\t\t\t\tD\u00e9tails                                    <\/a>\n\t\t\t\t\t\t\t\t                            <\/p>\n                        <\/div>\n                    <\/div>\n                <\/li>\n\t\t\t        <\/ul>\n\t\t\t<\/div>\n\n\n<div id=\"bild-sektion-block_b675a76346d39cb02a924c7b6428525d\" class=\"mod-bild-sektion\">\n    <div class=\"container-breakout\">\n        <div class=\"image-spacer\">\n            <div class=\"image-fixed\">\n                <div class=\"image\" style=\"background-image: url('https:\/\/old.m2act.ch\/wp-content\/uploads\/2020\/09\/UNPLUSH-orig-scaled-e1654783406687.jpg');\" data-imgurl=\"https:\/\/old.m2act.ch\/wp-content\/uploads\/2020\/09\/UNPLUSH-orig-scaled-e1654783406687.jpg\"><\/div>\n            <\/div>\n        <\/div>\n    <\/div>\n<\/div>","protected":false},"excerpt":{"rendered":"<p>En collaboration avec diverses institutions partenaires, nous organisons chaque ann\u00e9e un \u00e9v\u00e9nement public de r\u00e9seautage offrant une plateforme d\u2019\u00e9changes entre des actrices et acteurs culturel-les et d\u2019autres expert-es. Nous mettons l\u2019accent sur le transfert ouvert de connaissances ainsi que sur la cr\u00e9ation et l\u2019exp\u00e9rimentation en commun d\u2019id\u00e9es et d\u2019approches d\u2019avenir pour les arts de la [&hellip;]<\/p>\n","protected":false},"author":2,"featured_media":0,"parent":0,"menu_order":43,"comment_status":"closed","ping_status":"closed","template":"","meta":{"_acf_changed":false,"footnotes":""},"class_list":["post-3718","page","type-page","status-publish","hentry"],"acf":[],"yoast_head":"<!-- This site is optimized with the Yoast SEO plugin v23.3 - https:\/\/yoast.com\/wordpress\/plugins\/seo\/ -->\n<title>R\u00e9seau - M2ACT<\/title>\n<meta name=\"robots\" content=\"index, follow, max-snippet:-1, max-image-preview:large, max-video-preview:-1\" \/>\n<link rel=\"canonical\" href=\"https:\/\/www.m2act.ch\/fr\/reseau\/\" \/>\n<meta property=\"og:locale\" content=\"fr_FR\" \/>\n<meta property=\"og:type\" content=\"article\" \/>\n<meta property=\"og:title\" content=\"R\u00e9seau - M2ACT\" \/>\n<meta property=\"og:description\" content=\"En collaboration avec diverses institutions partenaires, nous organisons chaque ann\u00e9e un \u00e9v\u00e9nement public de r\u00e9seautage offrant une plateforme d\u2019\u00e9changes entre des actrices et acteurs culturel-les et d\u2019autres expert-es. Nous mettons l\u2019accent sur le transfert ouvert de connaissances ainsi que sur la cr\u00e9ation et l\u2019exp\u00e9rimentation en commun d\u2019id\u00e9es et d\u2019approches d\u2019avenir pour les arts de la [&hellip;]\" \/>\n<meta property=\"og:url\" content=\"https:\/\/www.m2act.ch\/fr\/reseau\/\" \/>\n<meta property=\"og:site_name\" content=\"M2ACT\" \/>\n<meta property=\"article:modified_time\" content=\"2024-06-19T14:49:38+00:00\" \/>\n<meta property=\"og:image\" content=\"https:\/\/old.m2act.ch\/wp-content\/uploads\/2023\/03\/M2ACT_KEYVISUAL_2023_DAMPFZENTRALE_1800x800.jpg\" \/>\n\t<meta property=\"og:image:width\" content=\"1800\" \/>\n\t<meta property=\"og:image:height\" content=\"801\" \/>\n\t<meta property=\"og:image:type\" content=\"image\/jpeg\" \/>\n<meta name=\"twitter:card\" content=\"summary_large_image\" \/>\n<meta name=\"twitter:label1\" content=\"Dur\u00e9e de lecture estim\u00e9e\" \/>\n\t<meta name=\"twitter:data1\" content=\"1 minute\" \/>\n<script type=\"application\/ld+json\" class=\"yoast-schema-graph\">{\"@context\":\"https:\/\/schema.org\",\"@graph\":[{\"@type\":\"WebPage\",\"@id\":\"https:\/\/www.m2act.ch\/fr\/reseau\/\",\"url\":\"https:\/\/www.m2act.ch\/fr\/reseau\/\",\"name\":\"R\u00e9seau - M2ACT\",\"isPartOf\":{\"@id\":\"https:\/\/www.m2act.ch\/#website\"},\"datePublished\":\"2021-08-16T12:02:32+00:00\",\"dateModified\":\"2024-06-19T14:49:38+00:00\",\"breadcrumb\":{\"@id\":\"https:\/\/www.m2act.ch\/fr\/reseau\/#breadcrumb\"},\"inLanguage\":\"fr-FR\",\"potentialAction\":[{\"@type\":\"ReadAction\",\"target\":[\"https:\/\/www.m2act.ch\/fr\/reseau\/\"]}]},{\"@type\":\"BreadcrumbList\",\"@id\":\"https:\/\/www.m2act.ch\/fr\/reseau\/#breadcrumb\",\"itemListElement\":[{\"@type\":\"ListItem\",\"position\":1,\"name\":\"Startseite\",\"item\":\"https:\/\/www.m2act.ch\/fr\/\"},{\"@type\":\"ListItem\",\"position\":2,\"name\":\"R\u00e9seau\"}]},{\"@type\":\"WebSite\",\"@id\":\"https:\/\/www.m2act.ch\/#website\",\"url\":\"https:\/\/www.m2act.ch\/\",\"name\":\"M2ACT\",\"description\":\"Ein Projekt von Migros Kulturprozent\",\"potentialAction\":[{\"@type\":\"SearchAction\",\"target\":{\"@type\":\"EntryPoint\",\"urlTemplate\":\"https:\/\/www.m2act.ch\/?s={search_term_string}\"},\"query-input\":\"required name=search_term_string\"}],\"inLanguage\":\"fr-FR\"}]}<\/script>\n<!-- \/ Yoast SEO plugin. -->","yoast_head_json":{"title":"R\u00e9seau - M2ACT","robots":{"index":"index","follow":"follow","max-snippet":"max-snippet:-1","max-image-preview":"max-image-preview:large","max-video-preview":"max-video-preview:-1"},"canonical":"https:\/\/www.m2act.ch\/fr\/reseau\/","og_locale":"fr_FR","og_type":"article","og_title":"R\u00e9seau - M2ACT","og_description":"En collaboration avec diverses institutions partenaires, nous organisons chaque ann\u00e9e un \u00e9v\u00e9nement public de r\u00e9seautage offrant une plateforme d\u2019\u00e9changes entre des actrices et acteurs culturel-les et d\u2019autres expert-es. Nous mettons l\u2019accent sur le transfert ouvert de connaissances ainsi que sur la cr\u00e9ation et l\u2019exp\u00e9rimentation en commun d\u2019id\u00e9es et d\u2019approches d\u2019avenir pour les arts de la [&hellip;]","og_url":"https:\/\/www.m2act.ch\/fr\/reseau\/","og_site_name":"M2ACT","article_modified_time":"2024-06-19T14:49:38+00:00","og_image":[{"width":1800,"height":801,"url":"https:\/\/old.m2act.ch\/wp-content\/uploads\/2023\/03\/M2ACT_KEYVISUAL_2023_DAMPFZENTRALE_1800x800.jpg","type":"image\/jpeg"}],"twitter_card":"summary_large_image","twitter_misc":{"Dur\u00e9e de lecture estim\u00e9e":"1 minute"},"schema":{"@context":"https:\/\/schema.org","@graph":[{"@type":"WebPage","@id":"https:\/\/www.m2act.ch\/fr\/reseau\/","url":"https:\/\/www.m2act.ch\/fr\/reseau\/","name":"R\u00e9seau - M2ACT","isPartOf":{"@id":"https:\/\/www.m2act.ch\/#website"},"datePublished":"2021-08-16T12:02:32+00:00","dateModified":"2024-06-19T14:49:38+00:00","breadcrumb":{"@id":"https:\/\/www.m2act.ch\/fr\/reseau\/#breadcrumb"},"inLanguage":"fr-FR","potentialAction":[{"@type":"ReadAction","target":["https:\/\/www.m2act.ch\/fr\/reseau\/"]}]},{"@type":"BreadcrumbList","@id":"https:\/\/www.m2act.ch\/fr\/reseau\/#breadcrumb","itemListElement":[{"@type":"ListItem","position":1,"name":"Startseite","item":"https:\/\/www.m2act.ch\/fr\/"},{"@type":"ListItem","position":2,"name":"R\u00e9seau"}]},{"@type":"WebSite","@id":"https:\/\/www.m2act.ch\/#website","url":"https:\/\/www.m2act.ch\/","name":"M2ACT","description":"Ein Projekt von Migros Kulturprozent","potentialAction":[{"@type":"SearchAction","target":{"@type":"EntryPoint","urlTemplate":"https:\/\/www.m2act.ch\/?s={search_term_string}"},"query-input":"required name=search_term_string"}],"inLanguage":"fr-FR"}]}},"_links":{"self":[{"href":"https:\/\/old.m2act.ch\/fr\/wp-json\/wp\/v2\/pages\/3718"}],"collection":[{"href":"https:\/\/old.m2act.ch\/fr\/wp-json\/wp\/v2\/pages"}],"about":[{"href":"https:\/\/old.m2act.ch\/fr\/wp-json\/wp\/v2\/types\/page"}],"author":[{"embeddable":true,"href":"https:\/\/old.m2act.ch\/fr\/wp-json\/wp\/v2\/users\/2"}],"replies":[{"embeddable":true,"href":"https:\/\/old.m2act.ch\/fr\/wp-json\/wp\/v2\/comments?post=3718"}],"version-history":[{"count":53,"href":"https:\/\/old.m2act.ch\/fr\/wp-json\/wp\/v2\/pages\/3718\/revisions"}],"predecessor-version":[{"id":9560,"href":"https:\/\/old.m2act.ch\/fr\/wp-json\/wp\/v2\/pages\/3718\/revisions\/9560"}],"wp:attachment":[{"href":"https:\/\/old.m2act.ch\/fr\/wp-json\/wp\/v2\/media?parent=3718"}],"curies":[{"name":"wp","href":"https:\/\/api.w.org\/{rel}","templated":true}]}}