{"id":3686,"date":"2021-08-16T13:51:42","date_gmt":"2021-08-16T11:51:42","guid":{"rendered":"https:\/\/old.m2act.ch\/?page_id=3686"},"modified":"2024-03-05T08:30:01","modified_gmt":"2024-03-05T07:30:01","slug":"foerderung-m2act","status":"publish","type":"page","link":"https:\/\/old.m2act.ch\/fr\/foerderung-m2act\/","title":{"rendered":"Soutien"},"content":{"rendered":"\n<p>Pout-cent culturel Migros m2act soutient des projets de co-cr\u00e9ation qui contribuent \u00e0 une pratique \u00e9quitable et durable dans les arts de la sc\u00e8ne. Nous soutenons des id\u00e9es, des dispositifs exp\u00e9rimentaux, des processus et des projets qui cr\u00e9ent et testent des m\u00e9thodes, des modes de travail, des structures et des outils d\u2019avenir. Nous nous concentrons sur des projets co-cr\u00e9atifs d\u00e9velopp\u00e9s et mis en \u0153uvre sur un pied d\u2019\u00e9galit\u00e9 par des actrices et acteurs culturel-les et des expert-es d\u2019autres disciplines et domaines soci\u00e9taux.&nbsp;<\/p>\n\n\n\n<p>Au moins une fois par an, nous lan\u00e7ons un <a href=\"https:\/\/old.m2act.ch\/fr\/m2act-call-for-action-2024\/\">appel \u00e0 projets<\/a> pour trouver des initiatives audacieuses. De plus, nous soutenons et collaborons directement avec des partenaires de projets qui se consacrent \u00e9galement \u00e0 la co-cr\u00e9ation culturelle, au transfert ouvert de connaissances, aux pratiques \u00e9quitables et aux structures durables dans les arts de la sc\u00e8ne. Un montant de soutien total de 300 000 francs est disponible chaque ann\u00e9e.<\/p>\n\n\n\n<p>Outre le soutien financier, m2act invite les projets soutenus \u00e0 des <a href=\"https:\/\/old.m2act.ch\/fr\/reseau\/\">\u00e9v\u00e9nements annuels de mise en r\u00e9seau<\/a>.<\/p>\n\n\n\n<div style=\"height:100px\" aria-hidden=\"true\" class=\"wp-block-spacer\"><\/div>\n\n\n\n<div id=\"bild-sektion-block_d9f9956c3c8b8cac6b9d9c80ee9b65ce\" class=\"mod-bild-sektion\">\n    <div class=\"container-breakout\">\n        <div class=\"image-spacer\">\n            <div class=\"image-fixed\">\n                <div class=\"image\" style=\"background-image: url('https:\/\/old.m2act.ch\/wp-content\/uploads\/2021\/08\/SOTTOVOCE_D_Webseite_Home_mittig.jpg');\" data-imgurl=\"https:\/\/old.m2act.ch\/wp-content\/uploads\/2021\/08\/SOTTOVOCE_D_Webseite_Home_mittig.jpg\"><\/div>\n            <\/div>\n        <\/div>\n    <\/div>\n<\/div>\n\n\n<p><\/p>\n\n\n\n<h2 class=\"wp-block-heading\"><a href=\"https:\/\/old.m2act.ch\/fr\/gefoerderte-vorhaben\/\">PROJETS SOUTENUS<\/a><\/h2>\n\n\n\n<div style=\"height:100px\" aria-hidden=\"true\" class=\"wp-block-spacer\"><\/div>\n\n\n\n<h2 class=\"wp-block-heading\">APPELS \u00c0 PROJETS PR\u00c9C\u00c9DENTS<\/h2>\n\n\n\n<p><a href=\"https:\/\/old.m2act.ch\/fr\/m2act-call-for-action-2023\/\">m2act &#8211; Call for Action 2024<\/a><\/p>\n\n\n\n<p><a href=\"https:\/\/old.m2act.ch\/fr\/m2act-call-for-action-2023\/\">m2act &#8211; Call for Action 2023<\/a><\/p>\n\n\n\n<p><a href=\"https:\/\/old.m2act.ch\/fr\/appel-a-projets-m2act-2022\/\">m2act &#8211; Appel \u00e0 projets 2022<\/a><\/p>\n\n\n\n<p><a href=\"https:\/\/old.m2act.ch\/wp-content\/uploads\/2021\/02\/Notice-explicative-m2act-appel-a-projets-2021.pdf\" target=\"_blank\" rel=\"noreferrer noopener\">m2act &#8211; Appel \u00e0 projets 2021<\/a><\/p>\n\n\n\n<p><a href=\"https:\/\/old.m2act.ch\/wp-content\/uploads\/2021\/08\/Contributions-de-soutien-m2act-2020.pdf\" target=\"_blank\" rel=\"noreferrer noopener\">m2act &#8211; Appel \u00e0 projets 2020<\/a><\/p>\n\n\n\n<div id=\"bild-sektion-block_016cb9a1a3dae47c0879a70a645f961c\" class=\"mod-bild-sektion\">\n    <div class=\"container-breakout\">\n        <div class=\"image-spacer\">\n            <div class=\"image-fixed\">\n                <div class=\"image\" style=\"background-image: url('https:\/\/old.m2act.ch\/wp-content\/uploads\/2021\/07\/CieGreffe_Elementen-III-Blazing-Wreck_-ONLINE-e1625228045682.jpg');\" data-imgurl=\"https:\/\/old.m2act.ch\/wp-content\/uploads\/2021\/07\/CieGreffe_Elementen-III-Blazing-Wreck_-ONLINE-e1625228045682.jpg\"><\/div>\n            <\/div>\n        <\/div>\n    <\/div>\n<\/div>","protected":false},"excerpt":{"rendered":"<p>Pout-cent culturel Migros m2act soutient des projets de co-cr\u00e9ation qui contribuent \u00e0 une pratique \u00e9quitable et durable dans les arts de la sc\u00e8ne. Nous soutenons des id\u00e9es, des dispositifs exp\u00e9rimentaux, des processus et des projets qui cr\u00e9ent et testent des m\u00e9thodes, des modes de travail, des structures et des outils d\u2019avenir. Nous nous concentrons sur [&hellip;]<\/p>\n","protected":false},"author":2,"featured_media":0,"parent":0,"menu_order":38,"comment_status":"closed","ping_status":"closed","template":"","meta":{"_acf_changed":false,"footnotes":""},"class_list":["post-3686","page","type-page","status-publish","hentry"],"acf":[],"yoast_head":"<!-- This site is optimized with the Yoast SEO plugin v23.3 - https:\/\/yoast.com\/wordpress\/plugins\/seo\/ -->\n<title>Soutien - M2ACT<\/title>\n<meta name=\"robots\" content=\"index, follow, max-snippet:-1, max-image-preview:large, max-video-preview:-1\" \/>\n<link rel=\"canonical\" href=\"https:\/\/www.m2act.ch\/fr\/foerderung-m2act\/\" \/>\n<meta property=\"og:locale\" content=\"fr_FR\" \/>\n<meta property=\"og:type\" content=\"article\" \/>\n<meta property=\"og:title\" content=\"Soutien - M2ACT\" \/>\n<meta property=\"og:description\" content=\"Pout-cent culturel Migros m2act soutient des projets de co-cr\u00e9ation qui contribuent \u00e0 une pratique \u00e9quitable et durable dans les arts de la sc\u00e8ne. Nous soutenons des id\u00e9es, des dispositifs exp\u00e9rimentaux, des processus et des projets qui cr\u00e9ent et testent des m\u00e9thodes, des modes de travail, des structures et des outils d\u2019avenir. Nous nous concentrons sur [&hellip;]\" \/>\n<meta property=\"og:url\" content=\"https:\/\/www.m2act.ch\/fr\/foerderung-m2act\/\" \/>\n<meta property=\"og:site_name\" content=\"M2ACT\" \/>\n<meta property=\"article:modified_time\" content=\"2024-03-05T07:30:01+00:00\" \/>\n<meta property=\"og:image\" content=\"https:\/\/old.m2act.ch\/wp-content\/uploads\/2023\/03\/M2ACT_KEYVISUAL_2023_DAMPFZENTRALE_1800x800.jpg\" \/>\n\t<meta property=\"og:image:width\" content=\"1800\" \/>\n\t<meta property=\"og:image:height\" content=\"801\" \/>\n\t<meta property=\"og:image:type\" content=\"image\/jpeg\" \/>\n<meta name=\"twitter:card\" content=\"summary_large_image\" \/>\n<meta name=\"twitter:label1\" content=\"Dur\u00e9e de lecture estim\u00e9e\" \/>\n\t<meta name=\"twitter:data1\" content=\"2 minutes\" \/>\n<script type=\"application\/ld+json\" class=\"yoast-schema-graph\">{\"@context\":\"https:\/\/schema.org\",\"@graph\":[{\"@type\":\"WebPage\",\"@id\":\"https:\/\/www.m2act.ch\/fr\/foerderung-m2act\/\",\"url\":\"https:\/\/www.m2act.ch\/fr\/foerderung-m2act\/\",\"name\":\"Soutien - M2ACT\",\"isPartOf\":{\"@id\":\"https:\/\/www.m2act.ch\/#website\"},\"datePublished\":\"2021-08-16T11:51:42+00:00\",\"dateModified\":\"2024-03-05T07:30:01+00:00\",\"breadcrumb\":{\"@id\":\"https:\/\/www.m2act.ch\/fr\/foerderung-m2act\/#breadcrumb\"},\"inLanguage\":\"fr-FR\",\"potentialAction\":[{\"@type\":\"ReadAction\",\"target\":[\"https:\/\/www.m2act.ch\/fr\/foerderung-m2act\/\"]}]},{\"@type\":\"BreadcrumbList\",\"@id\":\"https:\/\/www.m2act.ch\/fr\/foerderung-m2act\/#breadcrumb\",\"itemListElement\":[{\"@type\":\"ListItem\",\"position\":1,\"name\":\"Startseite\",\"item\":\"https:\/\/www.m2act.ch\/fr\/\"},{\"@type\":\"ListItem\",\"position\":2,\"name\":\"Soutien\"}]},{\"@type\":\"WebSite\",\"@id\":\"https:\/\/www.m2act.ch\/#website\",\"url\":\"https:\/\/www.m2act.ch\/\",\"name\":\"M2ACT\",\"description\":\"Ein Projekt von Migros Kulturprozent\",\"potentialAction\":[{\"@type\":\"SearchAction\",\"target\":{\"@type\":\"EntryPoint\",\"urlTemplate\":\"https:\/\/www.m2act.ch\/?s={search_term_string}\"},\"query-input\":\"required name=search_term_string\"}],\"inLanguage\":\"fr-FR\"}]}<\/script>\n<!-- \/ Yoast SEO plugin. -->","yoast_head_json":{"title":"Soutien - M2ACT","robots":{"index":"index","follow":"follow","max-snippet":"max-snippet:-1","max-image-preview":"max-image-preview:large","max-video-preview":"max-video-preview:-1"},"canonical":"https:\/\/www.m2act.ch\/fr\/foerderung-m2act\/","og_locale":"fr_FR","og_type":"article","og_title":"Soutien - M2ACT","og_description":"Pout-cent culturel Migros m2act soutient des projets de co-cr\u00e9ation qui contribuent \u00e0 une pratique \u00e9quitable et durable dans les arts de la sc\u00e8ne. Nous soutenons des id\u00e9es, des dispositifs exp\u00e9rimentaux, des processus et des projets qui cr\u00e9ent et testent des m\u00e9thodes, des modes de travail, des structures et des outils d\u2019avenir. Nous nous concentrons sur [&hellip;]","og_url":"https:\/\/www.m2act.ch\/fr\/foerderung-m2act\/","og_site_name":"M2ACT","article_modified_time":"2024-03-05T07:30:01+00:00","og_image":[{"width":1800,"height":801,"url":"https:\/\/old.m2act.ch\/wp-content\/uploads\/2023\/03\/M2ACT_KEYVISUAL_2023_DAMPFZENTRALE_1800x800.jpg","type":"image\/jpeg"}],"twitter_card":"summary_large_image","twitter_misc":{"Dur\u00e9e de lecture estim\u00e9e":"2 minutes"},"schema":{"@context":"https:\/\/schema.org","@graph":[{"@type":"WebPage","@id":"https:\/\/www.m2act.ch\/fr\/foerderung-m2act\/","url":"https:\/\/www.m2act.ch\/fr\/foerderung-m2act\/","name":"Soutien - M2ACT","isPartOf":{"@id":"https:\/\/www.m2act.ch\/#website"},"datePublished":"2021-08-16T11:51:42+00:00","dateModified":"2024-03-05T07:30:01+00:00","breadcrumb":{"@id":"https:\/\/www.m2act.ch\/fr\/foerderung-m2act\/#breadcrumb"},"inLanguage":"fr-FR","potentialAction":[{"@type":"ReadAction","target":["https:\/\/www.m2act.ch\/fr\/foerderung-m2act\/"]}]},{"@type":"BreadcrumbList","@id":"https:\/\/www.m2act.ch\/fr\/foerderung-m2act\/#breadcrumb","itemListElement":[{"@type":"ListItem","position":1,"name":"Startseite","item":"https:\/\/www.m2act.ch\/fr\/"},{"@type":"ListItem","position":2,"name":"Soutien"}]},{"@type":"WebSite","@id":"https:\/\/www.m2act.ch\/#website","url":"https:\/\/www.m2act.ch\/","name":"M2ACT","description":"Ein Projekt von Migros Kulturprozent","potentialAction":[{"@type":"SearchAction","target":{"@type":"EntryPoint","urlTemplate":"https:\/\/www.m2act.ch\/?s={search_term_string}"},"query-input":"required name=search_term_string"}],"inLanguage":"fr-FR"}]}},"_links":{"self":[{"href":"https:\/\/old.m2act.ch\/fr\/wp-json\/wp\/v2\/pages\/3686"}],"collection":[{"href":"https:\/\/old.m2act.ch\/fr\/wp-json\/wp\/v2\/pages"}],"about":[{"href":"https:\/\/old.m2act.ch\/fr\/wp-json\/wp\/v2\/types\/page"}],"author":[{"embeddable":true,"href":"https:\/\/old.m2act.ch\/fr\/wp-json\/wp\/v2\/users\/2"}],"replies":[{"embeddable":true,"href":"https:\/\/old.m2act.ch\/fr\/wp-json\/wp\/v2\/comments?post=3686"}],"version-history":[{"count":30,"href":"https:\/\/old.m2act.ch\/fr\/wp-json\/wp\/v2\/pages\/3686\/revisions"}],"predecessor-version":[{"id":9332,"href":"https:\/\/old.m2act.ch\/fr\/wp-json\/wp\/v2\/pages\/3686\/revisions\/9332"}],"wp:attachment":[{"href":"https:\/\/old.m2act.ch\/fr\/wp-json\/wp\/v2\/media?parent=3686"}],"curies":[{"name":"wp","href":"https:\/\/api.w.org\/{rel}","templated":true}]}}