{"id":1072,"date":"2020-10-30T17:40:56","date_gmt":"2020-10-30T16:40:56","guid":{"rendered":"https:\/\/old.m2act.ch\/m2actsuedpol\/"},"modified":"2021-02-08T09:14:53","modified_gmt":"2021-02-08T08:14:53","slug":"m2actsuedpol","status":"publish","type":"page","link":"https:\/\/old.m2act.ch\/fr\/m2actsuedpol\/","title":{"rendered":"m2act@S\u00fcdpol"},"content":{"rendered":"\n<h2 class=\"wp-block-heading\">Jeudi, 08.10.2020<\/h2>\n\n\n\n<p><\/p>\n\n\n\n<h6 class=\"wp-block-heading\">13:30 &#8211; 18:30&nbsp;<\/h6>\n\n\n\n<h3 class=\"wp-block-heading\">Outils pour la co-cr\u00e9ation culturelle 1i\u00e8re partie<\/h3>\n\n\n\n<h6 class=\"wp-block-heading\">Atelier pratique sur la m\u00e9thode g<sup>3<\/sup>&nbsp;(gemeinsam gesellschaft gestalten \u2013 fa\u00e7onner ensemble la soci\u00e9t\u00e9)<\/h6>\n\n\n\n<p>Le secteur culturel r\u00e9fl\u00e9chit intens\u00e9ment \u00e0 la question de savoir comment mieux atteindre la population et l\u2019associer plus \u00e9troitement au d\u00e9bat sur les contenus. La m\u00e9thode d\u2019innovation g<sup>3<\/sup>&nbsp;inspir\u00e9e du design thinking permet une approche co-cr\u00e9ative des d\u00e9fis actuels tels que la participation et l\u2019accessibilit\u00e9. Organis\u00e9 sous la direction de Moritz Rappard, dramaturge et cr\u00e9ateur de la m\u00e9thode g<sup>3<\/sup>, l\u2019atelier d\u2019un jour et demi s\u2019adresse \u00e0 toute personne ayant affaire \u00e0 des institutions ou \u00e0 des projets culturels et int\u00e9ress\u00e9e par l\u2019\u00e9laboration commune de r\u00e9ponses concr\u00e8tes \u00e0 des questions sp\u00e9cifiques. Tu trouveras de plus amples informations concernant la m\u00e9thode g<sup>3<\/sup>&nbsp;<a href=\"https:\/\/old.m2act.ch\/fr\/toolbox\/g3\/\" target=\"_blank\" rel=\"noreferrer noopener\">ici<\/a>.<\/p>\n\n\n\n<p>La participation \u00e0 l\u2019atelier est gratuite. L\u2019atelier se d\u00e9roulera en allemand. Le nombre de participant\u2219e\u2219s est limit\u00e9. Apr\u00e8s l\u2019atelier du premier jour, les participant\u2219e\u2219s sont invit\u00e9\u2219e\u2219s \u00e0 un repas du soir\/ap\u00e9ritif d\u00eenatoire commun.<\/p>\n\n\n\n<p><\/p>\n\n\n\n<h6 class=\"wp-block-heading\"><strong>\u00e0 partir de 20:00<\/strong><\/h6>\n\n\n\n<h3 class=\"wp-block-heading\">NoNameCompany \u2013 Autres<\/h3>\n\n\n\n<h6 class=\"wp-block-heading\">Vernissage et visite guid\u00e9e<\/h6>\n\n\n\n<p>Dans&nbsp;<a rel=\"noreferrer noopener\" href=\"https:\/\/nonamecompany.weebly.com\/autres.html\" target=\"_blank\">\u00abAutres\u00bb<\/a>, des adolescent\u2219e\u2219s au parcours mouvement\u00e9 explorent et mettent en sc\u00e8ne leurs identit\u00e9s potentielles: ce projet co-cr\u00e9atif pilot\u00e9 par l\u2019artiste Audrey Cavelius et accompagn\u00e9 par l\u2019artiste plasticien Fran\u00e7ois Burland leur permet de cr\u00e9er un m\u00e9lange original de photographie, de mise en sc\u00e8ne et de th\u00e9\u00e2tre.<\/p>\n\n\n\n<p>La participation aux soir\u00e9es m2act@S\u00fcdpol est gratuite. Le nombre de participant\u2219e\u2219s \u00e9tant limit\u00e9, l\u2019inscription est obligatoire.<\/p>\n\n\n\n<p><\/p>\n\n\n\n<h2 class=\"wp-block-heading\">Vendredi, 09.10.2020<\/h2>\n\n\n\n<p><\/p>\n\n\n\n<h6 class=\"wp-block-heading\">10:30 &#8211; 17:30&nbsp;<\/h6>\n\n\n\n<h3 class=\"wp-block-heading\">Outils pour la co-cr\u00e9ation culturelle\u00a02i\u00e8me partie<\/h3>\n\n\n\n<h6 class=\"wp-block-heading\">Atelier pratique sur la m\u00e9thode g<sup>3<\/sup>&nbsp;(gemeinsam gesellschaft gestalten \u2013 fa\u00e7onner ensemble la soci\u00e9t\u00e9)<\/h6>\n\n\n\n<p>Le secteur culturel r\u00e9fl\u00e9chit intens\u00e9ment \u00e0 la question de savoir comment mieux atteindre la population et l\u2019associer plus \u00e9troitement au d\u00e9bat sur les contenus. La m\u00e9thode d\u2019innovation g<sup>3<\/sup>&nbsp;inspir\u00e9e du design thinking permet une approche co-cr\u00e9ative des d\u00e9fis actuels tels que la participation et l\u2019accessibilit\u00e9. Organis\u00e9 sous la direction de Moritz Rappard, dramaturge et cr\u00e9ateur de la m\u00e9thode g<sup>3<\/sup>, l\u2019atelier d\u2019un jour et demi s\u2019adresse \u00e0 toute personne ayant affaire \u00e0 des institutions ou \u00e0 des projets culturels et int\u00e9ress\u00e9e par l\u2019\u00e9laboration commune de r\u00e9ponses concr\u00e8tes \u00e0 des questions sp\u00e9cifiques. Tu trouveras de plus amples informations concernant la m\u00e9thode g<sup>3<\/sup>&nbsp;<a href=\"https:\/\/old.m2act.ch\/fr\/toolbox\/g3\/\" data-type=\"URL\" data-id=\"https:\/\/old.m2act.ch\/fr\/toolbox\/g3\/\" target=\"_blank\" rel=\"noreferrer noopener\">ici<\/a>.<\/p>\n\n\n\n<p>La participation \u00e0 l\u2019atelier est gratuite. L\u2019atelier se d\u00e9roulera en allemand. Le nombre de participant\u2219e\u2219s est limit\u00e9. Apr\u00e8s l\u2019atelier du premier jour, les participant\u2219e\u2219s sont invit\u00e9\u2219e\u2219s \u00e0 un repas du soir\/ap\u00e9ritif d\u00eenatoire commun.<\/p>\n\n\n\n<h6 class=\"wp-block-heading\">19:00 &#8211; 21:00&nbsp;<\/h6>\n\n\n\n<h3 class=\"wp-block-heading\">Seraina D\u00fcr et Jonas Gillmann \u2013 Theater als Taubenschlag<\/h3>\n\n\n\n<h3 class=\"wp-block-heading\">Trop cher to share \u2013 Wallmapu ex situ<\/h3>\n\n\n\n<h6 class=\"wp-block-heading\">Performance th\u00e9\u00e2trale: Deux dispositifs exp\u00e9rimentaux co-cr\u00e9atifs, une soir\u00e9e:<\/h6>\n\n\n\n<p>Dans leur projet de longue haleine&nbsp;<a href=\"https:\/\/www.goldproduktionen.ch\/parlament-der-dinge\/\" target=\"_blank\" rel=\"noreferrer noopener\">\u00abParlement des choses, des animaux, des plantes et des algorithmes\u00bb<\/a>, les deux artistes Seraina D\u00fcr et Jonas Gillmann veulent former une compagnie interesp\u00e8ce avec quatre pigeons. Ils viennent \u00e0 six et transforment le S\u00fcdpol de Lucerne en un terrain d\u2019entrainement afin d\u2019exp\u00e9rimenter des histoires qui vont au-del\u00e0 de l\u2019esp\u00e8ce humaine.<\/p>\n\n\n\n<p>\u00abWallmapu ex situ\u00bb retrace l\u2019histoire d\u2019un territoire au Chili qui, historiquement, est \u00e9troitement li\u00e9 \u00e0 la Suisse. La pi\u00e8ce est une recherche de narrations multiperspectives et non lin\u00e9aires.<a rel=\"noreferrer noopener\" href=\"https:\/\/www.tropchertoshare.ch\/\" target=\"_blank\">&nbsp;Trop cher to share<\/a>&nbsp;rassemble des repr\u00e9sentant\u2219e\u2219s de cr\u00e9atures non humaines dans une salle de conf\u00e9rence virtuelle dans laquelle il est possible de franchir les fronti\u00e8res et les hi\u00e9rarchies traditionnelles de mani\u00e8re sp\u00e9culative.<\/p>\n\n\n\n<p>La participation aux soir\u00e9es m2act@S\u00fcdpol est gratuite. Le nombre de participant\u2219e\u2219s \u00e9tant limit\u00e9, l\u2019inscription est obligatoire.<\/p>\n\n\n\n<p><\/p>\n\n\n\n<h2 class=\"wp-block-heading\">Samedi, 10.10.2020<\/h2>\n\n\n\n<p><\/p>\n\n\n\n<h6 class=\"wp-block-heading\">10:00 &#8211; 18:00&nbsp;<\/h6>\n\n\n\n<h3 class=\"wp-block-heading\">m2act &amp; KOKON \u2013 la co-cr\u00e9ation dans les arts sc\u00e9niques<\/h3>\n\n\n\n<h6 class=\"wp-block-heading\">Coup d\u2019envoi participatif de m2act<\/h6>\n\n\n\n<p>Ton exp\u00e9rience, tes connaissances et tes id\u00e9es de co-cr\u00e9ation sont demand\u00e9es! Nous organisons le coup d\u2019envoi de m2act avec les cr\u00e9ateur\u2219trice\u2219s de \u00abKOKON \u2013 conf\u00e9rence num\u00e9rique pour la co-cr\u00e9ation dans le monde du th\u00e9atre\u00bb. Nous voulons partager ensemble nos connaissances pratiques et tenter des approches co-cr\u00e9atives dans les arts sc\u00e9niques.&nbsp;Des contributions d\u2019artistes&nbsp;\u2013&nbsp;<strong>Sibylle Heiniger<\/strong>&nbsp;(Cr\u00e9atrice de th\u00e9\u00e2tre,&nbsp;Berne),&nbsp;<strong>Julia Wissert<\/strong>&nbsp;(directrice artistique du Th\u00e9\u00e2tre de Dortmund),&nbsp;<strong>Delia Dahinden<\/strong>&nbsp;(com\u00e9dienne, fabricante de marionnettes et metteuse&nbsp;en sc\u00e8ne, Zurich),&nbsp;<strong>Bianca Vienni Baptista<\/strong>&nbsp;(sp\u00e9cialiste des \u00e9tudes culturelles, Zurich),&nbsp;<strong>Alexander Giesche&nbsp;<\/strong>(Cr\u00e9ateur&nbsp;de th\u00e9\u00e2tre,&nbsp;Zurich) et&nbsp;<strong>Yan Duyvendak<\/strong>&nbsp;(artiste, Gen\u00e8ve), et diff\u00e9rents formats d\u2019\u00e9changes participatifs sont au programme. Et cerise sur le g\u00e2teau, la po\u00e9tesse de sc\u00e8ne&nbsp;<strong>Patti Basler<\/strong>&nbsp;\u00abconsignera\u00bb les r\u00e9sultats \u00e0 sa fa\u00e7on.&nbsp;Le coup d\u2019envoi de m2act s\u2019adresse aux acteur\u2219trice\u2219s des arts sc\u00e9niques \u2013 petites sc\u00e8nes, performance, th\u00e9\u00e2tre et danse \u2013 ainsi qu\u2019aux sp\u00e9cialistes (co-cr\u00e9ateur\u2219trice\u2219s) d\u2019autres cat\u00e9gories et domaines.<\/p>\n\n\n\n<p>Tu trouveras ici&nbsp;<a rel=\"noreferrer noopener\" href=\"https:\/\/padlet.com\/m2act\/kokon\" target=\"_blank\">le programme&nbsp;d\u00e9taill\u00e9 et de plus amples informations<\/a>. La participation au coup d\u2019envoi de m2act est gratuite. Le nombre de participant\u2219e\u2219s \u00e9tant limit\u00e9, l\u2019inscription est obligatoire. La participation est possible sous forme num\u00e9rique ou sur place (\u00e0 s\u00e9lectionner en cons\u00e9quence dans le formulaire d&rsquo;inscription).<\/p>\n\n\n\r\n    <div>        \r\n    <video id=\"plyr69e18e727526c\" autoplay controls class=\"easy-video-player\">\r\n       <source src=\"https:\/\/old.m2act.ch\/wp-content\/uploads\/2020\/11\/Kokon_Suedpol_V10_lowerbitrate.mp4\" type=\"video\/mp4\" \/>\r\n    <\/video>\r\n    <\/div>    <script>\r\n        const evplayerplyr69e18e727526c = new Plyr(document.getElementById('plyr69e18e727526c'));\r\n        evplayerplyr69e18e727526c.ratio = '16:9';\r\n        evplayerplyr69e18e727526c.iconUrl = 'https:\/\/old.m2act.ch\/wp-content\/plugins\/easy-video-player\/lib\/plyr.svg';\r\n        evplayerplyr69e18e727526c.blankVideo = 'https:\/\/old.m2act.ch\/wp-content\/plugins\/easy-video-player\/lib\/blank.mp4';  \r\n    <\/script>\n\n\n\n<p><\/p>\n\n\n\n<h6 class=\"wp-block-heading\">19:00 &#8211; 20:00&nbsp;<\/h6>\n\n\n\n<h3 class=\"wp-block-heading\">Simon Senn \u2013 Be Arielle F.<\/h3>\n\n\n\n<h6 class=\"wp-block-heading\">Performance th\u00e9\u00e2trale (participation num\u00e9rique \/ streaming en direct du Festival FIT \u00e0 Lugano)<\/h6>\n\n\n\n<p>L\u2019artiste plasticien et vid\u00e9aste Simon Senn ach\u00e8te en ligne une r\u00e9plique num\u00e9rique d\u2019un corps f\u00e9minin et s\u2019y glisse gr\u00e2ce \u00e0 la r\u00e9alit\u00e9 virtuelle. Curieux de d\u00e9couvrir qui est la vraie femme derri\u00e8re le corps virtuel, il part \u00e0 sa recherche. Dans sa performance th\u00e9\u00e2trale num\u00e9rique&nbsp;<a rel=\"noreferrer noopener\" href=\"http:\/\/www.simonsenn.com\/be-arielle-f\/\" target=\"_blank\">\u00abBe Arielle F.\u00bb<\/a>,<strong>&nbsp;<\/strong>il recr\u00e9e cette exp\u00e9rience troublante avec beaucoup de charme et de sophistication technique.<\/p>\n\n\n\n<p>La participation aux soir\u00e9es m2act@S\u00fcdpol est gratuite. L&rsquo;inscription est obligatoire.&nbsp;<\/p>\n\n\n\n<p><\/p>\n\n\n\n<h6 class=\"wp-block-heading\">20:30 &#8211; 22:00&nbsp;<\/h6>\n\n\n\n<h3 class=\"wp-block-heading\">Slam Poetry and The Hot 3<\/h3>\n\n\n\n<h6 class=\"wp-block-heading\">Session de co-cr\u00e9ation avec paroles et musique&nbsp;<\/h6>\n\n\n\n<p>Des protagonistes bien connus de la sc\u00e8ne du slam, dont&nbsp;<strong>Renato Kaiser, Marguerite Meyer,&nbsp;Rebekka Lindauer, Dominik Muheim et Remo Rickenbacher<\/strong>, y rencontreront le son puissant de&nbsp;<a href=\"https:\/\/www.romannowka.com\/#muisc\" target=\"_blank\" rel=\"noreferrer noopener\">The Hot 3 de Roman Nowka<\/a>. Les acrobaties de mots et de sons se m\u00e9langent dans une \u00abSlam Poetry meets Music Session\u00bb unique en son genre. Where co-creation happens!<\/p>\n\n\n\n<p>La participation aux soir\u00e9es m2act@S\u00fcdpol est gratuite. Le nombre de participant\u2219e\u2219s \u00e9tant limit\u00e9, l\u2019inscription est obligatoire.<\/p>\n","protected":false},"excerpt":{"rendered":"<p>Jeudi, 08.10.2020 13:30 &#8211; 18:30&nbsp; Outils pour la co-cr\u00e9ation culturelle 1i\u00e8re partie Atelier pratique sur la m\u00e9thode g3&nbsp;(gemeinsam gesellschaft gestalten \u2013 fa\u00e7onner ensemble la soci\u00e9t\u00e9) Le secteur culturel r\u00e9fl\u00e9chit intens\u00e9ment \u00e0 la question de savoir comment mieux atteindre la population et l\u2019associer plus \u00e9troitement au d\u00e9bat sur les contenus. La m\u00e9thode d\u2019innovation g3&nbsp;inspir\u00e9e du design [&hellip;]<\/p>\n","protected":false},"author":2,"featured_media":0,"parent":0,"menu_order":90,"comment_status":"closed","ping_status":"closed","template":"","meta":{"_acf_changed":false,"footnotes":""},"class_list":["post-1072","page","type-page","status-publish","hentry"],"acf":[],"yoast_head":"<!-- This site is optimized with the Yoast SEO plugin v23.3 - https:\/\/yoast.com\/wordpress\/plugins\/seo\/ -->\n<title>m2act@S\u00fcdpol - M2ACT<\/title>\n<meta name=\"robots\" content=\"index, follow, max-snippet:-1, max-image-preview:large, max-video-preview:-1\" \/>\n<link rel=\"canonical\" href=\"https:\/\/www.m2act.ch\/fr\/m2actsuedpol\/\" \/>\n<meta property=\"og:locale\" content=\"fr_FR\" \/>\n<meta property=\"og:type\" content=\"article\" \/>\n<meta property=\"og:title\" content=\"m2act@S\u00fcdpol - M2ACT\" \/>\n<meta property=\"og:description\" content=\"Jeudi, 08.10.2020 13:30 &#8211; 18:30&nbsp; Outils pour la co-cr\u00e9ation culturelle 1i\u00e8re partie Atelier pratique sur la m\u00e9thode g3&nbsp;(gemeinsam gesellschaft gestalten \u2013 fa\u00e7onner ensemble la soci\u00e9t\u00e9) Le secteur culturel r\u00e9fl\u00e9chit intens\u00e9ment \u00e0 la question de savoir comment mieux atteindre la population et l\u2019associer plus \u00e9troitement au d\u00e9bat sur les contenus. La m\u00e9thode d\u2019innovation g3&nbsp;inspir\u00e9e du design [&hellip;]\" \/>\n<meta property=\"og:url\" content=\"https:\/\/www.m2act.ch\/fr\/m2actsuedpol\/\" \/>\n<meta property=\"og:site_name\" content=\"M2ACT\" \/>\n<meta property=\"article:modified_time\" content=\"2021-02-08T08:14:53+00:00\" \/>\n<meta property=\"og:image\" content=\"https:\/\/old.m2act.ch\/wp-content\/uploads\/2023\/03\/M2ACT_KEYVISUAL_2023_DAMPFZENTRALE_1800x800.jpg\" \/>\n\t<meta property=\"og:image:width\" content=\"1800\" \/>\n\t<meta property=\"og:image:height\" content=\"801\" \/>\n\t<meta property=\"og:image:type\" content=\"image\/jpeg\" \/>\n<meta name=\"twitter:card\" content=\"summary_large_image\" \/>\n<meta name=\"twitter:label1\" content=\"Dur\u00e9e de lecture estim\u00e9e\" \/>\n\t<meta name=\"twitter:data1\" content=\"5 minutes\" \/>\n<script type=\"application\/ld+json\" class=\"yoast-schema-graph\">{\"@context\":\"https:\/\/schema.org\",\"@graph\":[{\"@type\":\"WebPage\",\"@id\":\"https:\/\/www.m2act.ch\/fr\/m2actsuedpol\/\",\"url\":\"https:\/\/www.m2act.ch\/fr\/m2actsuedpol\/\",\"name\":\"m2act@S\u00fcdpol - M2ACT\",\"isPartOf\":{\"@id\":\"https:\/\/www.m2act.ch\/#website\"},\"datePublished\":\"2020-10-30T16:40:56+00:00\",\"dateModified\":\"2021-02-08T08:14:53+00:00\",\"breadcrumb\":{\"@id\":\"https:\/\/www.m2act.ch\/fr\/m2actsuedpol\/#breadcrumb\"},\"inLanguage\":\"fr-FR\",\"potentialAction\":[{\"@type\":\"ReadAction\",\"target\":[\"https:\/\/www.m2act.ch\/fr\/m2actsuedpol\/\"]}]},{\"@type\":\"BreadcrumbList\",\"@id\":\"https:\/\/www.m2act.ch\/fr\/m2actsuedpol\/#breadcrumb\",\"itemListElement\":[{\"@type\":\"ListItem\",\"position\":1,\"name\":\"Startseite\",\"item\":\"https:\/\/www.m2act.ch\/fr\/\"},{\"@type\":\"ListItem\",\"position\":2,\"name\":\"m2act@S\u00fcdpol\"}]},{\"@type\":\"WebSite\",\"@id\":\"https:\/\/www.m2act.ch\/#website\",\"url\":\"https:\/\/www.m2act.ch\/\",\"name\":\"M2ACT\",\"description\":\"Ein Projekt von Migros Kulturprozent\",\"potentialAction\":[{\"@type\":\"SearchAction\",\"target\":{\"@type\":\"EntryPoint\",\"urlTemplate\":\"https:\/\/www.m2act.ch\/?s={search_term_string}\"},\"query-input\":\"required name=search_term_string\"}],\"inLanguage\":\"fr-FR\"}]}<\/script>\n<!-- \/ Yoast SEO plugin. -->","yoast_head_json":{"title":"m2act@S\u00fcdpol - M2ACT","robots":{"index":"index","follow":"follow","max-snippet":"max-snippet:-1","max-image-preview":"max-image-preview:large","max-video-preview":"max-video-preview:-1"},"canonical":"https:\/\/www.m2act.ch\/fr\/m2actsuedpol\/","og_locale":"fr_FR","og_type":"article","og_title":"m2act@S\u00fcdpol - M2ACT","og_description":"Jeudi, 08.10.2020 13:30 &#8211; 18:30&nbsp; Outils pour la co-cr\u00e9ation culturelle 1i\u00e8re partie Atelier pratique sur la m\u00e9thode g3&nbsp;(gemeinsam gesellschaft gestalten \u2013 fa\u00e7onner ensemble la soci\u00e9t\u00e9) Le secteur culturel r\u00e9fl\u00e9chit intens\u00e9ment \u00e0 la question de savoir comment mieux atteindre la population et l\u2019associer plus \u00e9troitement au d\u00e9bat sur les contenus. La m\u00e9thode d\u2019innovation g3&nbsp;inspir\u00e9e du design [&hellip;]","og_url":"https:\/\/www.m2act.ch\/fr\/m2actsuedpol\/","og_site_name":"M2ACT","article_modified_time":"2021-02-08T08:14:53+00:00","og_image":[{"width":1800,"height":801,"url":"https:\/\/old.m2act.ch\/wp-content\/uploads\/2023\/03\/M2ACT_KEYVISUAL_2023_DAMPFZENTRALE_1800x800.jpg","type":"image\/jpeg"}],"twitter_card":"summary_large_image","twitter_misc":{"Dur\u00e9e de lecture estim\u00e9e":"5 minutes"},"schema":{"@context":"https:\/\/schema.org","@graph":[{"@type":"WebPage","@id":"https:\/\/www.m2act.ch\/fr\/m2actsuedpol\/","url":"https:\/\/www.m2act.ch\/fr\/m2actsuedpol\/","name":"m2act@S\u00fcdpol - M2ACT","isPartOf":{"@id":"https:\/\/www.m2act.ch\/#website"},"datePublished":"2020-10-30T16:40:56+00:00","dateModified":"2021-02-08T08:14:53+00:00","breadcrumb":{"@id":"https:\/\/www.m2act.ch\/fr\/m2actsuedpol\/#breadcrumb"},"inLanguage":"fr-FR","potentialAction":[{"@type":"ReadAction","target":["https:\/\/www.m2act.ch\/fr\/m2actsuedpol\/"]}]},{"@type":"BreadcrumbList","@id":"https:\/\/www.m2act.ch\/fr\/m2actsuedpol\/#breadcrumb","itemListElement":[{"@type":"ListItem","position":1,"name":"Startseite","item":"https:\/\/www.m2act.ch\/fr\/"},{"@type":"ListItem","position":2,"name":"m2act@S\u00fcdpol"}]},{"@type":"WebSite","@id":"https:\/\/www.m2act.ch\/#website","url":"https:\/\/www.m2act.ch\/","name":"M2ACT","description":"Ein Projekt von Migros Kulturprozent","potentialAction":[{"@type":"SearchAction","target":{"@type":"EntryPoint","urlTemplate":"https:\/\/www.m2act.ch\/?s={search_term_string}"},"query-input":"required name=search_term_string"}],"inLanguage":"fr-FR"}]}},"_links":{"self":[{"href":"https:\/\/old.m2act.ch\/fr\/wp-json\/wp\/v2\/pages\/1072"}],"collection":[{"href":"https:\/\/old.m2act.ch\/fr\/wp-json\/wp\/v2\/pages"}],"about":[{"href":"https:\/\/old.m2act.ch\/fr\/wp-json\/wp\/v2\/types\/page"}],"author":[{"embeddable":true,"href":"https:\/\/old.m2act.ch\/fr\/wp-json\/wp\/v2\/users\/2"}],"replies":[{"embeddable":true,"href":"https:\/\/old.m2act.ch\/fr\/wp-json\/wp\/v2\/comments?post=1072"}],"version-history":[{"count":6,"href":"https:\/\/old.m2act.ch\/fr\/wp-json\/wp\/v2\/pages\/1072\/revisions"}],"predecessor-version":[{"id":2141,"href":"https:\/\/old.m2act.ch\/fr\/wp-json\/wp\/v2\/pages\/1072\/revisions\/2141"}],"wp:attachment":[{"href":"https:\/\/old.m2act.ch\/fr\/wp-json\/wp\/v2\/media?parent=1072"}],"curies":[{"name":"wp","href":"https:\/\/api.w.org\/{rel}","templated":true}]}}