{"id":1069,"date":"2020-10-30T17:49:55","date_gmt":"2020-10-30T16:49:55","guid":{"rendered":"https:\/\/old.m2act.ch\/m2actlegruetli\/"},"modified":"2021-08-23T11:51:01","modified_gmt":"2021-08-23T09:51:01","slug":"m2actlegruetli","status":"publish","type":"page","link":"https:\/\/old.m2act.ch\/fr\/m2actlegruetli\/","title":{"rendered":"m2act@LeGr\u00fctli"},"content":{"rendered":"\n<h2 class=\"wp-block-heading\">Lundi, 05.10.2020<\/h2>\n\n\n\n<p><\/p>\n\n\n\n<h6 class=\"wp-block-heading\">19:00 &#8211; 21:00&nbsp;<\/h6>\n\n\n\n<h3 class=\"wp-block-heading\">Outils pour la co-cr\u00e9ation culturelle<\/h3>\n\n\n\n<h6 class=\"wp-block-heading\">Introduction pratique \u00e0 la m\u00e9thode g<sup>3<\/sup>&nbsp;(gemeinsam gesellschaft gestalten \u2013 fa\u00e7onner ensemble la soci\u00e9t\u00e9)<\/h6>\n\n\n\n<p>m2act propose, en collaboration avec Le Gr\u00fctli \u00e0 Gen\u00e8ve, une introduction \u00e0 la m\u00e9thode g<sup>3<\/sup>&nbsp;(gemeinsam gesellschaft gestalten \u2013 fa\u00e7onner ensemble la soci\u00e9t\u00e9). Inspir\u00e9e du design thinking, cette m\u00e9thode d\u2019innovation permet aux cr\u00e9ateurs culturels de d\u00e9velopper des approches concr\u00e8tes et pratiques pour r\u00e9pondre aux d\u00e9fis actuels (tels que la participation et les conditions de travail \u00e9quitables) dans les arts sc\u00e9niques. Organis\u00e9 sous la direction de Moritz von Rappard, dramaturge et initiateur de la m\u00e9thode g<sup>3<\/sup>, l\u2019atelier travaillera sur des id\u00e9es qui pourront \u00eatre mises en pratique imm\u00e9diatement en deux heures seulement. Tu trouveras de plus amples informations concernant la m\u00e9thode g<sup>3<\/sup>&nbsp;<a rel=\"noreferrer noopener\" href=\"https:\/\/old.m2act.ch\/fr\/toolbox\/g3\/\" data-type=\"URL\" data-id=\"https:\/\/old.m2act.ch\/fr\/toolbox\/g3\/\" target=\"_blank\">ici<\/a>.<\/p>\n\n\n\n<p>La participation \u00e0 l\u2019atelier est gratuite. L\u2019atelier se d\u00e9roulera en fran\u00e7ais et en anglais. Le nombre de participant\u2219e\u2219s est limit\u00e9.<\/p>\n","protected":false},"excerpt":{"rendered":"<p>Lundi, 05.10.2020 19:00 &#8211; 21:00&nbsp; Outils pour la co-cr\u00e9ation culturelle Introduction pratique \u00e0 la m\u00e9thode g3&nbsp;(gemeinsam gesellschaft gestalten \u2013 fa\u00e7onner ensemble la soci\u00e9t\u00e9) m2act propose, en collaboration avec Le Gr\u00fctli \u00e0 Gen\u00e8ve, une introduction \u00e0 la m\u00e9thode g3&nbsp;(gemeinsam gesellschaft gestalten \u2013 fa\u00e7onner ensemble la soci\u00e9t\u00e9). Inspir\u00e9e du design thinking, cette m\u00e9thode d\u2019innovation permet aux cr\u00e9ateurs [&hellip;]<\/p>\n","protected":false},"author":2,"featured_media":0,"parent":0,"menu_order":103,"comment_status":"closed","ping_status":"closed","template":"","meta":{"_acf_changed":false,"footnotes":""},"class_list":["post-1069","page","type-page","status-publish","hentry"],"acf":[],"yoast_head":"<!-- This site is optimized with the Yoast SEO plugin v23.3 - https:\/\/yoast.com\/wordpress\/plugins\/seo\/ -->\n<title>m2act@LeGr\u00fctli - M2ACT<\/title>\n<meta name=\"robots\" content=\"index, follow, max-snippet:-1, max-image-preview:large, max-video-preview:-1\" \/>\n<link rel=\"canonical\" href=\"https:\/\/www.m2act.ch\/fr\/m2actlegruetli\/\" \/>\n<meta property=\"og:locale\" content=\"fr_FR\" \/>\n<meta property=\"og:type\" content=\"article\" \/>\n<meta property=\"og:title\" content=\"m2act@LeGr\u00fctli - M2ACT\" \/>\n<meta property=\"og:description\" content=\"Lundi, 05.10.2020 19:00 &#8211; 21:00&nbsp; Outils pour la co-cr\u00e9ation culturelle Introduction pratique \u00e0 la m\u00e9thode g3&nbsp;(gemeinsam gesellschaft gestalten \u2013 fa\u00e7onner ensemble la soci\u00e9t\u00e9) m2act propose, en collaboration avec Le Gr\u00fctli \u00e0 Gen\u00e8ve, une introduction \u00e0 la m\u00e9thode g3&nbsp;(gemeinsam gesellschaft gestalten \u2013 fa\u00e7onner ensemble la soci\u00e9t\u00e9). Inspir\u00e9e du design thinking, cette m\u00e9thode d\u2019innovation permet aux cr\u00e9ateurs [&hellip;]\" \/>\n<meta property=\"og:url\" content=\"https:\/\/www.m2act.ch\/fr\/m2actlegruetli\/\" \/>\n<meta property=\"og:site_name\" content=\"M2ACT\" \/>\n<meta property=\"article:modified_time\" content=\"2021-08-23T09:51:01+00:00\" \/>\n<meta property=\"og:image\" content=\"https:\/\/old.m2act.ch\/wp-content\/uploads\/2023\/03\/M2ACT_KEYVISUAL_2023_DAMPFZENTRALE_1800x800.jpg\" \/>\n\t<meta property=\"og:image:width\" content=\"1800\" \/>\n\t<meta property=\"og:image:height\" content=\"801\" \/>\n\t<meta property=\"og:image:type\" content=\"image\/jpeg\" \/>\n<meta name=\"twitter:card\" content=\"summary_large_image\" \/>\n<meta name=\"twitter:label1\" content=\"Dur\u00e9e de lecture estim\u00e9e\" \/>\n\t<meta name=\"twitter:data1\" content=\"1 minute\" \/>\n<script type=\"application\/ld+json\" class=\"yoast-schema-graph\">{\"@context\":\"https:\/\/schema.org\",\"@graph\":[{\"@type\":\"WebPage\",\"@id\":\"https:\/\/www.m2act.ch\/fr\/m2actlegruetli\/\",\"url\":\"https:\/\/www.m2act.ch\/fr\/m2actlegruetli\/\",\"name\":\"m2act@LeGr\u00fctli - M2ACT\",\"isPartOf\":{\"@id\":\"https:\/\/www.m2act.ch\/#website\"},\"datePublished\":\"2020-10-30T16:49:55+00:00\",\"dateModified\":\"2021-08-23T09:51:01+00:00\",\"breadcrumb\":{\"@id\":\"https:\/\/www.m2act.ch\/fr\/m2actlegruetli\/#breadcrumb\"},\"inLanguage\":\"fr-FR\",\"potentialAction\":[{\"@type\":\"ReadAction\",\"target\":[\"https:\/\/www.m2act.ch\/fr\/m2actlegruetli\/\"]}]},{\"@type\":\"BreadcrumbList\",\"@id\":\"https:\/\/www.m2act.ch\/fr\/m2actlegruetli\/#breadcrumb\",\"itemListElement\":[{\"@type\":\"ListItem\",\"position\":1,\"name\":\"Startseite\",\"item\":\"https:\/\/www.m2act.ch\/fr\/\"},{\"@type\":\"ListItem\",\"position\":2,\"name\":\"m2act@LeGr\u00fctli\"}]},{\"@type\":\"WebSite\",\"@id\":\"https:\/\/www.m2act.ch\/#website\",\"url\":\"https:\/\/www.m2act.ch\/\",\"name\":\"M2ACT\",\"description\":\"Ein Projekt von Migros Kulturprozent\",\"potentialAction\":[{\"@type\":\"SearchAction\",\"target\":{\"@type\":\"EntryPoint\",\"urlTemplate\":\"https:\/\/www.m2act.ch\/?s={search_term_string}\"},\"query-input\":\"required name=search_term_string\"}],\"inLanguage\":\"fr-FR\"}]}<\/script>\n<!-- \/ Yoast SEO plugin. -->","yoast_head_json":{"title":"m2act@LeGr\u00fctli - M2ACT","robots":{"index":"index","follow":"follow","max-snippet":"max-snippet:-1","max-image-preview":"max-image-preview:large","max-video-preview":"max-video-preview:-1"},"canonical":"https:\/\/www.m2act.ch\/fr\/m2actlegruetli\/","og_locale":"fr_FR","og_type":"article","og_title":"m2act@LeGr\u00fctli - M2ACT","og_description":"Lundi, 05.10.2020 19:00 &#8211; 21:00&nbsp; Outils pour la co-cr\u00e9ation culturelle Introduction pratique \u00e0 la m\u00e9thode g3&nbsp;(gemeinsam gesellschaft gestalten \u2013 fa\u00e7onner ensemble la soci\u00e9t\u00e9) m2act propose, en collaboration avec Le Gr\u00fctli \u00e0 Gen\u00e8ve, une introduction \u00e0 la m\u00e9thode g3&nbsp;(gemeinsam gesellschaft gestalten \u2013 fa\u00e7onner ensemble la soci\u00e9t\u00e9). Inspir\u00e9e du design thinking, cette m\u00e9thode d\u2019innovation permet aux cr\u00e9ateurs [&hellip;]","og_url":"https:\/\/www.m2act.ch\/fr\/m2actlegruetli\/","og_site_name":"M2ACT","article_modified_time":"2021-08-23T09:51:01+00:00","og_image":[{"width":1800,"height":801,"url":"https:\/\/old.m2act.ch\/wp-content\/uploads\/2023\/03\/M2ACT_KEYVISUAL_2023_DAMPFZENTRALE_1800x800.jpg","type":"image\/jpeg"}],"twitter_card":"summary_large_image","twitter_misc":{"Dur\u00e9e de lecture estim\u00e9e":"1 minute"},"schema":{"@context":"https:\/\/schema.org","@graph":[{"@type":"WebPage","@id":"https:\/\/www.m2act.ch\/fr\/m2actlegruetli\/","url":"https:\/\/www.m2act.ch\/fr\/m2actlegruetli\/","name":"m2act@LeGr\u00fctli - M2ACT","isPartOf":{"@id":"https:\/\/www.m2act.ch\/#website"},"datePublished":"2020-10-30T16:49:55+00:00","dateModified":"2021-08-23T09:51:01+00:00","breadcrumb":{"@id":"https:\/\/www.m2act.ch\/fr\/m2actlegruetli\/#breadcrumb"},"inLanguage":"fr-FR","potentialAction":[{"@type":"ReadAction","target":["https:\/\/www.m2act.ch\/fr\/m2actlegruetli\/"]}]},{"@type":"BreadcrumbList","@id":"https:\/\/www.m2act.ch\/fr\/m2actlegruetli\/#breadcrumb","itemListElement":[{"@type":"ListItem","position":1,"name":"Startseite","item":"https:\/\/www.m2act.ch\/fr\/"},{"@type":"ListItem","position":2,"name":"m2act@LeGr\u00fctli"}]},{"@type":"WebSite","@id":"https:\/\/www.m2act.ch\/#website","url":"https:\/\/www.m2act.ch\/","name":"M2ACT","description":"Ein Projekt von Migros Kulturprozent","potentialAction":[{"@type":"SearchAction","target":{"@type":"EntryPoint","urlTemplate":"https:\/\/www.m2act.ch\/?s={search_term_string}"},"query-input":"required name=search_term_string"}],"inLanguage":"fr-FR"}]}},"_links":{"self":[{"href":"https:\/\/old.m2act.ch\/fr\/wp-json\/wp\/v2\/pages\/1069"}],"collection":[{"href":"https:\/\/old.m2act.ch\/fr\/wp-json\/wp\/v2\/pages"}],"about":[{"href":"https:\/\/old.m2act.ch\/fr\/wp-json\/wp\/v2\/types\/page"}],"author":[{"embeddable":true,"href":"https:\/\/old.m2act.ch\/fr\/wp-json\/wp\/v2\/users\/2"}],"replies":[{"embeddable":true,"href":"https:\/\/old.m2act.ch\/fr\/wp-json\/wp\/v2\/comments?post=1069"}],"version-history":[{"count":3,"href":"https:\/\/old.m2act.ch\/fr\/wp-json\/wp\/v2\/pages\/1069\/revisions"}],"predecessor-version":[{"id":4067,"href":"https:\/\/old.m2act.ch\/fr\/wp-json\/wp\/v2\/pages\/1069\/revisions\/4067"}],"wp:attachment":[{"href":"https:\/\/old.m2act.ch\/fr\/wp-json\/wp\/v2\/media?parent=1069"}],"curies":[{"name":"wp","href":"https:\/\/api.w.org\/{rel}","templated":true}]}}