{"id":923,"date":"2020-09-30T09:40:52","date_gmt":"2020-09-30T07:40:52","guid":{"rendered":"https:\/\/old.m2act.ch\/team\/"},"modified":"2024-09-03T12:53:05","modified_gmt":"2024-09-03T10:53:05","slug":"team","status":"publish","type":"page","link":"https:\/\/old.m2act.ch\/en\/team\/","title":{"rendered":"Team"},"content":{"rendered":"<div id=\"bild-slider-block_f4596b79a6a0dd893d59f22d82246281\" class=\"mod-bild-slider\">\n\t\t\t\t\t            <div class=\"slider\">\n\t\t\t\t                        <div class=\"slide\">\n                            <img decoding=\"async\" class=\"slide-image\"\n                                 srcset=\"https:\/\/old.m2act.ch\/wp-content\/uploads\/2024\/06\/Teamfoto-m2act-4.6.24-2-e1717590281702-1580x920c.jpg 2x, https:\/\/old.m2act.ch\/wp-content\/uploads\/2024\/06\/Teamfoto-m2act-4.6.24-2-e1717590281702-790x460c.jpg 1x\"\n                                 src=\"https:\/\/old.m2act.ch\/wp-content\/uploads\/2024\/06\/Teamfoto-m2act-4.6.24-2-e1717590281702-150x150c.jpg\"\n                                 alt=\"\"\n                            >\n                        <\/div>\n\t\t\t\t\t            <\/div>\n\t\t\t<\/div>\n\n\n\n<p><\/p>\n\n\n\n<p>f.l.t.r.<\/p>\n\n\n\n<p><\/p>\n\n\n\n<p><\/p>\n\n\n\n<p><\/p>\n\n\n\n<p><strong>Belinda Schweizer<\/strong>, Communication m2act<br><br><strong>Lisa M\u00f6sli<\/strong>, Coordination &amp; funding operations m2act<br><br><strong>Regula Schr\u00f6ter<\/strong>, Co-project development and content consulting m2act<br><br><strong>Saima S\u00e4gesser<\/strong>, Director of m2act<br><br><strong>Dinod, Radoncic<\/strong>, Internship Migros Culture Percentage<br><br><strong>Anna Trombini<\/strong>, Production management m2act<\/p>\n\n\n\n<div style=\"height:100px\" aria-hidden=\"true\" class=\"wp-block-spacer\"><\/div>\n\n\n\n<h3 class=\"wp-block-heading\">CONTACT<\/h3>\n\n\n\n<p><a href=\"mailto:m2act@mgb.ch\" target=\"_blank\" rel=\"noreferrer noopener\">m2act@mgb.ch<\/a><\/p>\n\n\n\n<div style=\"height:100px\" aria-hidden=\"true\" class=\"wp-block-spacer\"><\/div>\n\n\n\n<div id=\"testimonial-block_31ff1140fb95d9b942c11083b0734b74\" class=\"mod-stoerer-button\">\n    <a href=\"https:\/\/teams.microsoft.com\/l\/meetup-join\/19:meeting_NDQyM2IyMjktMGIyZi00YTllLTg2MmEtOGE4MjJmZTJkOTg0@thread.v2\/0?context=%7B%22Tid%22:%2235aa8c5b-ac0a-4b15-9788-ff6dfa22901f%22,%22Oid%22:%22a4f05bec-f7f5-464f-91bc-453d86e84572%22%7D\" target=\"_blank\" class=\"inner\">\n        <span class=\"title\">\n            join the call        <\/span>\n        <span class=\"more\">\n                        <\/span>\n    <\/a>\n<\/div>\n\n\n    <div id=\"text-shadow-box-block_78b040d19d72e2ac2a9252a7a8cdffd5\" class=\"mod-text-shadow-box\" data-scheme=\"white\">\n\t\t<h3>m2act Permanence<\/h3>\n<p><span data-contrast=\"none\">Would you like to know what exactly we do? <\/span><span data-contrast=\"none\">Do you have questions about m2act funding? Do you have ideas about fair and sustainable processes that you would like to discuss? Or would you like to make an individual appointment? We are here for you!<\/span><br \/>\n<strong><br \/>\nEvery first Monday of the month from 11 am to 12 pm on MS Teams!<br \/>\n<\/strong><span class=\"TrackChangeTextInsertion TrackedChange SCXW92535188 BCX0\"><span class=\"TextRun SCXW92535188 BCX0\" lang=\"DE-DE\" xml:lang=\"DE-DE\" data-contrast=\"auto\"><span class=\"NormalTextRun SCXW92535188 BCX0\">Dates: <\/span><\/span><\/span><span class=\"TrackChangeTextInsertion TrackedChange SCXW92535188 BCX0\"><span class=\"TextRun SCXW92535188 BCX0\" lang=\"DE-DE\" xml:lang=\"DE-DE\" data-contrast=\"auto\"><span class=\"NormalTextRun SCXW92535188 BCX0\">02.09.2024, 07<\/span><\/span><\/span><span class=\"TrackChangeTextInsertion TrackedChange SCXW92535188 BCX0\"><span class=\"TextRun SCXW92535188 BCX0\" lang=\"DE-DE\" xml:lang=\"DE-DE\" data-contrast=\"auto\"><span class=\"NormalTextRun SCXW92535188 BCX0\">.10.2024, 04.11.2024, 02.12.2024<\/span><\/span><\/span><\/p>\n<ul>\n<li><span style=\"text-decoration: underline;\"><strong><a href=\"https:\/\/teams.microsoft.com\/l\/meetup-join\/19:meeting_NDQyM2IyMjktMGIyZi00YTllLTg2MmEtOGE4MjJmZTJkOTg0@thread.v2\/0?context=%7B%22Tid%22:%2235aa8c5b-ac0a-4b15-9788-ff6dfa22901f%22,%22Oid%22:%22a4f05bec-f7f5-464f-91bc-453d86e84572%22%7D\" target=\"_blank\" rel=\"noopener\">Join the MS Teams Call<\/a><\/strong><\/span><\/li>\n<\/ul>\n<p><span data-contrast=\"none\">We speak German, French, Italian, English and Finnish.<\/span><br \/>\n<span data-contrast=\"none\">If we are unavailable due to holiday or illness, you will be informed on <\/span><span style=\"text-decoration: underline;\"><strong><a href=\"https:\/\/www.instagram.com\/dev.m2act.ch\/\">Instagram<\/a><\/strong><\/span><span data-contrast=\"none\">.<\/span><\/p>\n    <\/div>\n","protected":false},"excerpt":{"rendered":"<p>f.l.t.r. Belinda Schweizer, Communication m2act Lisa M\u00f6sli, Coordination &amp; funding operations m2act Regula Schr\u00f6ter, Co-project development and content consulting m2act Saima S\u00e4gesser, Director of m2act Dinod, Radoncic, Internship Migros Culture Percentage Anna Trombini, Production management m2act CONTACT m2act@mgb.ch<\/p>\n","protected":false},"author":2,"featured_media":9530,"parent":0,"menu_order":47,"comment_status":"closed","ping_status":"closed","template":"index.php","meta":{"_acf_changed":false,"footnotes":""},"class_list":["post-923","page","type-page","status-publish","has-post-thumbnail","hentry"],"acf":[],"yoast_head":"<!-- This site is optimized with the Yoast SEO plugin v23.3 - https:\/\/yoast.com\/wordpress\/plugins\/seo\/ -->\n<title>Team - M2ACT<\/title>\n<meta name=\"robots\" content=\"index, follow, max-snippet:-1, max-image-preview:large, max-video-preview:-1\" \/>\n<link rel=\"canonical\" href=\"https:\/\/www.m2act.ch\/en\/team\/\" \/>\n<meta property=\"og:locale\" content=\"en_US\" \/>\n<meta property=\"og:type\" content=\"article\" \/>\n<meta property=\"og:title\" content=\"Team - M2ACT\" \/>\n<meta property=\"og:description\" content=\"f.l.t.r. Belinda Schweizer, Communication m2act Lisa M\u00f6sli, Coordination &amp; funding operations m2act Regula Schr\u00f6ter, Co-project development and content consulting m2act Saima S\u00e4gesser, Director of m2act Dinod, Radoncic, Internship Migros Culture Percentage Anna Trombini, Production management m2act CONTACT m2act@mgb.ch\" \/>\n<meta property=\"og:url\" content=\"https:\/\/www.m2act.ch\/en\/team\/\" \/>\n<meta property=\"og:site_name\" content=\"M2ACT\" \/>\n<meta property=\"article:modified_time\" content=\"2024-09-03T10:53:05+00:00\" \/>\n<meta property=\"og:image\" content=\"https:\/\/www.m2act.ch\/wp-content\/uploads\/2024\/06\/Teamfoto-m2act-4.6.24-1-scaled.jpg\" \/>\n\t<meta property=\"og:image:width\" content=\"2560\" \/>\n\t<meta property=\"og:image:height\" content=\"1707\" \/>\n\t<meta property=\"og:image:type\" content=\"image\/jpeg\" \/>\n<meta name=\"twitter:card\" content=\"summary_large_image\" \/>\n<meta name=\"twitter:label1\" content=\"Est. reading time\" \/>\n\t<meta name=\"twitter:data1\" content=\"1 minute\" \/>\n<script type=\"application\/ld+json\" class=\"yoast-schema-graph\">{\"@context\":\"https:\/\/schema.org\",\"@graph\":[{\"@type\":\"WebPage\",\"@id\":\"https:\/\/www.m2act.ch\/en\/team\/\",\"url\":\"https:\/\/www.m2act.ch\/en\/team\/\",\"name\":\"Team - M2ACT\",\"isPartOf\":{\"@id\":\"https:\/\/www.m2act.ch\/#website\"},\"primaryImageOfPage\":{\"@id\":\"https:\/\/www.m2act.ch\/en\/team\/#primaryimage\"},\"image\":{\"@id\":\"https:\/\/www.m2act.ch\/en\/team\/#primaryimage\"},\"thumbnailUrl\":\"https:\/\/old.m2act.ch\/wp-content\/uploads\/2024\/06\/Teamfoto-m2act-4.6.24-1-scaled.jpg\",\"datePublished\":\"2020-09-30T07:40:52+00:00\",\"dateModified\":\"2024-09-03T10:53:05+00:00\",\"breadcrumb\":{\"@id\":\"https:\/\/www.m2act.ch\/en\/team\/#breadcrumb\"},\"inLanguage\":\"en-US\",\"potentialAction\":[{\"@type\":\"ReadAction\",\"target\":[\"https:\/\/www.m2act.ch\/en\/team\/\"]}]},{\"@type\":\"ImageObject\",\"inLanguage\":\"en-US\",\"@id\":\"https:\/\/www.m2act.ch\/en\/team\/#primaryimage\",\"url\":\"https:\/\/old.m2act.ch\/wp-content\/uploads\/2024\/06\/Teamfoto-m2act-4.6.24-1-scaled.jpg\",\"contentUrl\":\"https:\/\/old.m2act.ch\/wp-content\/uploads\/2024\/06\/Teamfoto-m2act-4.6.24-1-scaled.jpg\",\"width\":2560,\"height\":1707},{\"@type\":\"BreadcrumbList\",\"@id\":\"https:\/\/www.m2act.ch\/en\/team\/#breadcrumb\",\"itemListElement\":[{\"@type\":\"ListItem\",\"position\":1,\"name\":\"Startseite\",\"item\":\"https:\/\/www.m2act.ch\/en\/\"},{\"@type\":\"ListItem\",\"position\":2,\"name\":\"Team\"}]},{\"@type\":\"WebSite\",\"@id\":\"https:\/\/www.m2act.ch\/#website\",\"url\":\"https:\/\/www.m2act.ch\/\",\"name\":\"M2ACT\",\"description\":\"Ein Projekt von Migros Kulturprozent\",\"potentialAction\":[{\"@type\":\"SearchAction\",\"target\":{\"@type\":\"EntryPoint\",\"urlTemplate\":\"https:\/\/www.m2act.ch\/?s={search_term_string}\"},\"query-input\":\"required name=search_term_string\"}],\"inLanguage\":\"en-US\"}]}<\/script>\n<!-- \/ Yoast SEO plugin. -->","yoast_head_json":{"title":"Team - M2ACT","robots":{"index":"index","follow":"follow","max-snippet":"max-snippet:-1","max-image-preview":"max-image-preview:large","max-video-preview":"max-video-preview:-1"},"canonical":"https:\/\/www.m2act.ch\/en\/team\/","og_locale":"en_US","og_type":"article","og_title":"Team - M2ACT","og_description":"f.l.t.r. Belinda Schweizer, Communication m2act Lisa M\u00f6sli, Coordination &amp; funding operations m2act Regula Schr\u00f6ter, Co-project development and content consulting m2act Saima S\u00e4gesser, Director of m2act Dinod, Radoncic, Internship Migros Culture Percentage Anna Trombini, Production management m2act CONTACT m2act@mgb.ch","og_url":"https:\/\/www.m2act.ch\/en\/team\/","og_site_name":"M2ACT","article_modified_time":"2024-09-03T10:53:05+00:00","og_image":[{"width":2560,"height":1707,"url":"https:\/\/www.m2act.ch\/wp-content\/uploads\/2024\/06\/Teamfoto-m2act-4.6.24-1-scaled.jpg","type":"image\/jpeg"}],"twitter_card":"summary_large_image","twitter_misc":{"Est. reading time":"1 minute"},"schema":{"@context":"https:\/\/schema.org","@graph":[{"@type":"WebPage","@id":"https:\/\/www.m2act.ch\/en\/team\/","url":"https:\/\/www.m2act.ch\/en\/team\/","name":"Team - M2ACT","isPartOf":{"@id":"https:\/\/www.m2act.ch\/#website"},"primaryImageOfPage":{"@id":"https:\/\/www.m2act.ch\/en\/team\/#primaryimage"},"image":{"@id":"https:\/\/www.m2act.ch\/en\/team\/#primaryimage"},"thumbnailUrl":"https:\/\/old.m2act.ch\/wp-content\/uploads\/2024\/06\/Teamfoto-m2act-4.6.24-1-scaled.jpg","datePublished":"2020-09-30T07:40:52+00:00","dateModified":"2024-09-03T10:53:05+00:00","breadcrumb":{"@id":"https:\/\/www.m2act.ch\/en\/team\/#breadcrumb"},"inLanguage":"en-US","potentialAction":[{"@type":"ReadAction","target":["https:\/\/www.m2act.ch\/en\/team\/"]}]},{"@type":"ImageObject","inLanguage":"en-US","@id":"https:\/\/www.m2act.ch\/en\/team\/#primaryimage","url":"https:\/\/old.m2act.ch\/wp-content\/uploads\/2024\/06\/Teamfoto-m2act-4.6.24-1-scaled.jpg","contentUrl":"https:\/\/old.m2act.ch\/wp-content\/uploads\/2024\/06\/Teamfoto-m2act-4.6.24-1-scaled.jpg","width":2560,"height":1707},{"@type":"BreadcrumbList","@id":"https:\/\/www.m2act.ch\/en\/team\/#breadcrumb","itemListElement":[{"@type":"ListItem","position":1,"name":"Startseite","item":"https:\/\/www.m2act.ch\/en\/"},{"@type":"ListItem","position":2,"name":"Team"}]},{"@type":"WebSite","@id":"https:\/\/www.m2act.ch\/#website","url":"https:\/\/www.m2act.ch\/","name":"M2ACT","description":"Ein Projekt von Migros Kulturprozent","potentialAction":[{"@type":"SearchAction","target":{"@type":"EntryPoint","urlTemplate":"https:\/\/www.m2act.ch\/?s={search_term_string}"},"query-input":"required name=search_term_string"}],"inLanguage":"en-US"}]}},"_links":{"self":[{"href":"https:\/\/old.m2act.ch\/en\/wp-json\/wp\/v2\/pages\/923"}],"collection":[{"href":"https:\/\/old.m2act.ch\/en\/wp-json\/wp\/v2\/pages"}],"about":[{"href":"https:\/\/old.m2act.ch\/en\/wp-json\/wp\/v2\/types\/page"}],"author":[{"embeddable":true,"href":"https:\/\/old.m2act.ch\/en\/wp-json\/wp\/v2\/users\/2"}],"replies":[{"embeddable":true,"href":"https:\/\/old.m2act.ch\/en\/wp-json\/wp\/v2\/comments?post=923"}],"version-history":[{"count":48,"href":"https:\/\/old.m2act.ch\/en\/wp-json\/wp\/v2\/pages\/923\/revisions"}],"predecessor-version":[{"id":9814,"href":"https:\/\/old.m2act.ch\/en\/wp-json\/wp\/v2\/pages\/923\/revisions\/9814"}],"wp:featuredmedia":[{"embeddable":true,"href":"https:\/\/old.m2act.ch\/en\/wp-json\/wp\/v2\/media\/9530"}],"wp:attachment":[{"href":"https:\/\/old.m2act.ch\/en\/wp-json\/wp\/v2\/media?parent=923"}],"curies":[{"name":"wp","href":"https:\/\/api.w.org\/{rel}","templated":true}]}}