{"id":9008,"date":"2024-01-30T11:11:30","date_gmt":"2024-01-30T10:11:30","guid":{"rendered":"https:\/\/old.m2act.ch\/?page_id=9008"},"modified":"2024-01-30T14:44:04","modified_gmt":"2024-01-30T13:44:04","slug":"interview","status":"publish","type":"page","link":"https:\/\/old.m2act.ch\/en\/interview\/","title":{"rendered":"Interview"},"content":{"rendered":"\n<h3 class=\"wp-block-heading\">Carnet Rose: cultural activism is also born at festivals<\/h3>\n\n\n\n<p class=\"has-text-align-left\">Lucrezia Perrig and Noemi Gr\u00fctter interviewed by Ana Isabel Mazon<\/p>\n\n\n<div class=\"wp-bootstrap-blocks-row row\">\n\t\n\n<div class=\"col-12 col-md-6\">\n\t\t\t\n\n<p><img decoding=\"async\" class=\"wp-image-9016\" style=\"width: 150px;\" src=\"https:\/\/old.m2act.ch\/wp-content\/uploads\/2024\/01\/Lucrezia-Perrig-e1706114356226.jpg\" alt=\"\"><br><strong>Lucrezia Perrig<br><\/strong>Doctoral student Gender studies<br>University of Lausanne<\/p>\n\n\t<\/div>\n\n\n\n<div class=\"col-12 col-md-6\">\n\t\t\t\n\n<p><img decoding=\"async\" class=\"wp-image-9012\" style=\"width: 150px;\" src=\"https:\/\/old.m2act.ch\/wp-content\/uploads\/2024\/01\/noemi_gruetter-e1706114390798.jpeg\" alt=\"\"><br><strong>Noemi Gr\u00fctter<br><\/strong>Feminist activist, DJ &amp;<br>Human rights expert<\/p>\n\n\t<\/div>\n\n<\/div>\n\n\n\n<p>In 2020, Lucrezia Perrig, Sidonie Atg\u00e9-Delbays and Noemi Gr\u00fctter co-wrote the <a href=\"https:\/\/lescreatives.ch\/le-carnet-rose\/\">Carnet Rose<\/a>. This handbook brings together the non-exhaustive conclusions of their research work carried out since 2018 as part of the Geneva <a href=\"https:\/\/lescreatives.ch\" target=\"_blank\" rel=\"noreferrer noopener\">festival Les Cr\u00e9atives<\/a>. It brings together testimonials, legal resources and tools devised by and for artists and institutions in French-speaking Switzerland to combat gender inequality on a practical, day-to-day basis.<\/p>\n\n\n\n<p>On 17 September 2023, Lucrezia Perrig and Noemi Gr\u00fctter co-hosted a workshop at the networking event organised jointly by m2act and Burning Issues on gender pay inequality and the difficult reconciliation of private and professional life \u2013 two structural problems in the contemporary working world that also apply to the cultural sector. They tell us about the birth of Carnet Rose, and remind us that activism stems also \u2013 and above all \u2013 from collective meetings.<\/p>\n\n\n\n<div style=\"height:100px\" aria-hidden=\"true\" class=\"wp-block-spacer\"><\/div>\n\n\n\n<div id=\"testimonial-block_a4d511bda9fdea2b780d0ecdfc0d72d2\" class=\"mod-stoerer-button\">\n    <a href=\"https:\/\/lescreatives.ch\/le-carnet-rose\/\" target=\"_blank\" class=\"inner\">\n        <span class=\"title\">\n            Le Carnet Rose        <\/span>\n        <span class=\"more\">\n                        <\/span>\n    <\/a>\n<\/div>\n\n\n    <div id=\"text-shadow-box-block_35e9382607dccbde2d6204faba5e5991\" class=\"mod-text-shadow-box\" data-scheme=\"white\">\n\t\t<p style=\"text-align: right;\">10 November 2023<\/p>\n<p style=\"text-align: left;\"><strong>How did the idea of creating the Carnet Rose come about, and how has the initiative developed since its inception?<\/strong><\/p>\n<p>Our initiative began following a roundtable discussion organised by the Les Cr\u00e9atives festival, in Geneva, in 2018 entitled \u00abWhere are the women?\u00bb. The aim was to start a serious conversation on the issue of gender inequality in the various artistic sectors, and to turn it into an umbrella discussion.<\/p>\n<p>This meeting proved to be an indispensable discussion forum for many women in the cultural milieu.<\/p>\n<p>The festival entrusted the organisation of a new round table in 2019 to one of us. It took place a few months after the historic Swiss feminist strike in June of the same year, and had an even wider echo.<\/p>\n<p>Around this second round table, workshops were organised around four central themes: sexual harassment, equality and diversity in programming and teams, equal pay, work-life balance. In each of these workshops, a legal expert answered questions based on concrete cases and suggested possible legal courses of action.<\/p>\n<p>The Carnet Rose was born of the desire to keep a record of what had been discussed in these workshops. We then sent out a questionnaire to all the cultural institutions in French-speaking Switzerland, asking how and to what extent they were attempting to overcome the various inequalities. Since then, we&#8217;ve been regularly invited to present the Carnet Rose and its approach, both in academic settings and at arts festivals.<\/p>\n    <\/div>\n\n\n\n    <div id=\"text-shadow-box-block_3c0724f5f644901e7c0a8c8edf7c020e\" class=\"mod-text-shadow-box\" data-scheme=\"white\">\n\t\t<p><strong>Has your process of collective consultation and gathering of different experiences, demands and proposals from the field had an impact in the cultural sector?<\/strong><\/p>\n<p>Since the first round table was held back in 2018, the city of Geneva has been requiring projects wishing to benefit from a contract to include confirmation that they are striving for parity. It&#8217;s a small step, but it&#8217;s something.<\/p>\n<p>Following the first workshop on work-life balance in 2019, the director of Geneva-based contemporary music ensemble Contrechamps has earmarked CHF 10,000 from the association&#8217;s annual budget to finance measures enabling its employees to reconcile their family life with their profession.But despite this offer, he told us that very little of the allocated sum had been spent.<\/p>\n<p>We are convinced that we need to raise awareness not only among those in decision-making positions, but also among employees, so that they feel eligible and able to apply for the measures and resources available, without feeling it will reflect badly on them.<\/p>\n    <\/div>\n\n\n\n    <div id=\"text-shadow-box-block_a887c2b7c001eb4ebb4f177d2b0d0af0\" class=\"mod-text-shadow-box\" data-scheme=\"black\">\n\t\t<h2 style=\"text-align: center;\">\u00abWe need to raise awareness among management teams as well as employees, who need to feel they have the right to use the measures available to them.\u00bb<\/h2>\n    <\/div>\n\n\n\n    <div id=\"text-shadow-box-block_bfb9040d8af0634c0e47c3a61ce34b3d\" class=\"mod-text-shadow-box\" data-scheme=\"white\">\n\t\t<p><strong>The Carnet Rose is a tool that came into being following round-table discussions organised as part of a festival, which helped identify a need, create a dynamic and even spawn spin-off initiatves \u2013 which is very encouraging! Your approach was also part of the M2ACT x BURNING ISSUES networking event, which brought together for the first time some 400 cultural players from all over Switzerland, Germany, Austria and Italy on 15, 16 and 17 September 2023 in Berne.<\/strong><\/p>\n<p><strong>How would you define your role today in these ephemeral events, whether festivals or networking meetings?<\/strong><\/p>\n<p>At these events, we position ourselves as reporters. We&#8217;ve collected the voices recorded in this notebook, and we&#8217;re addressing professionals in the sector who are facing new instances of discrimination that we haven&#8217;t necessarily encountered before, and that we might not even have imagined.<\/p>\n<p>We usually start our workshops by mentioning the figures relating to gender inequality in the cultural sector, to mobilise participants&#8217; legitimate sense of injustice and enable them to realise the scale of these inequalities.<\/p>\n<p>We then move on to a more qualitative assessment, asking participants about the measures they are taking to tackle these inequalities at their own level. We start with the premise that everyone does things in their own way, and together we try to create a platform to consolidate these initiatives.<\/p>\n    <\/div>\n\n\n\n    <div id=\"text-shadow-box-block_cd92407dd6a1a9ba310235741785eafc\" class=\"mod-text-shadow-box\" data-scheme=\"black\">\n\t\t<h2 style=\"text-align: center;\">\u00abWe&#8217;re trying to create a platform together that consolidates actions against inequality.\u00bb<\/h2>\n    <\/div>\n\n\n\n    <div id=\"text-shadow-box-block_1c5c118e941ae73db37712910286ca55\" class=\"mod-text-shadow-box\" data-scheme=\"white\">\n\t\t<p><strong>What can be done to make this kind of networking event even more effective?<\/strong><\/p>\n<p>These meetings often trigger great creativity and an impetus to act with strong resolve. The only thing missing is more involvement from politicians, a willingness by them to listen to this collective intelligence and seize the opportunity offered by these events to gather together the various proposals put forward by players on the ground, which have been synthesised by the workshop leaders. We should try to mobilise as many political lobbying professionals as possible.<\/p>\n<p>And we&#8217;re not forgetting our work with new generations of artists and cultural workers, by raising awareness in art schools and the different professional disciplines.<\/p>\n    <\/div>\n\n\n\n    <div id=\"text-shadow-box-block_ffe7592d03a29d223076fa7374314196\" class=\"mod-text-shadow-box\" data-scheme=\"black\">\n\t\t<h2 style=\"text-align: center;\">\u00abThe only thing missing is greater political involvement.\u00bb<\/h2>\n    <\/div>\n\n\n\n    <div id=\"text-shadow-box-block_1e7bff40994496f7dee57572377d5a93\" class=\"mod-text-shadow-box\" data-scheme=\"white\">\n\t\t<p><strong>Institutions are increasingly adopting charters of good practice, which seems to be a good thing. How can we ensure that they enable all workers to appropriate these tools and integrate them into their daily working lives?<\/strong><\/p>\n<p>Of course, we encourage each institution to draw up its own charters: inclusivity, diversity, anti-racism, feminism, sustainability etc. But we also encourage them to desacralise these written texts, which can be somewhat static, to bring them to life, adapting them to their realities and evolving circumstances. These charters often just gather dust once the people who implemented them in their institutions change job or leave the organisation. However, like most of the chapters in Carnet Rose, they would have to be rewritten almost every year to keep them up to date and reflect the complexity of each situation.<\/p>\n<p>Once again, these workshops and meetings must continue to act on several fronts, encouraging all participants to place ever greater trust in collective creativity and intelligence, and giving them the impetus they need to convey both their demands and their innovative solutions to all strata of the institutional, cultural and political ecosystem.<\/p>\n    <\/div>\n\n\n\n    <div id=\"text-shadow-box-block_df3b902809d236b5a15d70fc065541e8\" class=\"mod-text-shadow-box\" data-scheme=\"yellow\">\n\t\t<p><strong>Noemi Gr\u00fctter<\/strong> is a feminist activist and human rights expert. Her feminist work is a source of inspiration for local, national and international institutions, as well as in clubs and on the street. With Festival Les Cr\u00e9atives, she co-designed and co-wrote the Carnet Rose for greater equality in the arts and culture scene. She is a DJ (DJ AL\u00c9L\u00c9FI) and part of the \u00abCats Calling Back\u00bb collective.<\/p>\n<p><strong>Lucrezia Perrig<\/strong> studied philosophy and political science. She is currently completing her doctorate on queer marriage in Switzerland at the Centre for Gender Studies at the University of Lausanne, under the supervision of Marta Roca i Escoda. She is co-author of Carnet Rose, the Swiss guide for gender equality in the arts, which emerged from the feminist Festival Les Cr\u00e9atives in Geneva.<\/p>\n    <\/div>\n","protected":false},"excerpt":{"rendered":"<p>Carnet Rose: cultural activism is also born at festivals Lucrezia Perrig and Noemi Gr\u00fctter interviewed by Ana Isabel Mazon In 2020, Lucrezia Perrig, Sidonie Atg\u00e9-Delbays and Noemi Gr\u00fctter co-wrote the Carnet Rose. This handbook brings together the non-exhaustive conclusions of their research work carried out since 2018 as part of the Geneva festival Les Cr\u00e9atives. [&hellip;]<\/p>\n","protected":false},"author":2,"featured_media":0,"parent":0,"menu_order":74,"comment_status":"closed","ping_status":"closed","template":"","meta":{"_acf_changed":false,"footnotes":""},"class_list":["post-9008","page","type-page","status-publish","hentry"],"acf":[],"yoast_head":"<!-- This site is optimized with the Yoast SEO plugin v23.3 - https:\/\/yoast.com\/wordpress\/plugins\/seo\/ -->\n<title>Interview - M2ACT<\/title>\n<meta name=\"robots\" content=\"index, follow, max-snippet:-1, max-image-preview:large, max-video-preview:-1\" \/>\n<link rel=\"canonical\" href=\"https:\/\/www.m2act.ch\/en\/interview\/\" \/>\n<meta property=\"og:locale\" content=\"en_US\" \/>\n<meta property=\"og:type\" content=\"article\" \/>\n<meta property=\"og:title\" content=\"Interview - M2ACT\" \/>\n<meta property=\"og:description\" content=\"Carnet Rose: cultural activism is also born at festivals Lucrezia Perrig and Noemi Gr\u00fctter interviewed by Ana Isabel Mazon In 2020, Lucrezia Perrig, Sidonie Atg\u00e9-Delbays and Noemi Gr\u00fctter co-wrote the Carnet Rose. This handbook brings together the non-exhaustive conclusions of their research work carried out since 2018 as part of the Geneva festival Les Cr\u00e9atives. [&hellip;]\" \/>\n<meta property=\"og:url\" content=\"https:\/\/www.m2act.ch\/en\/interview\/\" \/>\n<meta property=\"og:site_name\" content=\"M2ACT\" \/>\n<meta property=\"article:modified_time\" content=\"2024-01-30T13:44:04+00:00\" \/>\n<meta property=\"og:image\" content=\"https:\/\/www.m2act.ch\/wp-content\/uploads\/2024\/01\/Lucrezia-Perrig-e1706114356226.jpg\" \/>\n<meta name=\"twitter:card\" content=\"summary_large_image\" \/>\n<meta name=\"twitter:label1\" content=\"Est. reading time\" \/>\n\t<meta name=\"twitter:data1\" content=\"2 minutes\" \/>\n<script type=\"application\/ld+json\" class=\"yoast-schema-graph\">{\"@context\":\"https:\/\/schema.org\",\"@graph\":[{\"@type\":\"WebPage\",\"@id\":\"https:\/\/www.m2act.ch\/en\/interview\/\",\"url\":\"https:\/\/www.m2act.ch\/en\/interview\/\",\"name\":\"Interview - M2ACT\",\"isPartOf\":{\"@id\":\"https:\/\/www.m2act.ch\/#website\"},\"primaryImageOfPage\":{\"@id\":\"https:\/\/www.m2act.ch\/en\/interview\/#primaryimage\"},\"image\":{\"@id\":\"https:\/\/www.m2act.ch\/en\/interview\/#primaryimage\"},\"thumbnailUrl\":\"https:\/\/old.m2act.ch\/wp-content\/uploads\/2024\/01\/Lucrezia-Perrig-e1706114356226.jpg\",\"datePublished\":\"2024-01-30T10:11:30+00:00\",\"dateModified\":\"2024-01-30T13:44:04+00:00\",\"breadcrumb\":{\"@id\":\"https:\/\/www.m2act.ch\/en\/interview\/#breadcrumb\"},\"inLanguage\":\"en-US\",\"potentialAction\":[{\"@type\":\"ReadAction\",\"target\":[\"https:\/\/www.m2act.ch\/en\/interview\/\"]}]},{\"@type\":\"ImageObject\",\"inLanguage\":\"en-US\",\"@id\":\"https:\/\/www.m2act.ch\/en\/interview\/#primaryimage\",\"url\":\"https:\/\/old.m2act.ch\/wp-content\/uploads\/2024\/01\/Lucrezia-Perrig-e1706114356226.jpg\",\"contentUrl\":\"https:\/\/old.m2act.ch\/wp-content\/uploads\/2024\/01\/Lucrezia-Perrig-e1706114356226.jpg\"},{\"@type\":\"BreadcrumbList\",\"@id\":\"https:\/\/www.m2act.ch\/en\/interview\/#breadcrumb\",\"itemListElement\":[{\"@type\":\"ListItem\",\"position\":1,\"name\":\"Startseite\",\"item\":\"https:\/\/www.m2act.ch\/en\/\"},{\"@type\":\"ListItem\",\"position\":2,\"name\":\"Interview\"}]},{\"@type\":\"WebSite\",\"@id\":\"https:\/\/www.m2act.ch\/#website\",\"url\":\"https:\/\/www.m2act.ch\/\",\"name\":\"M2ACT\",\"description\":\"Ein Projekt von Migros Kulturprozent\",\"potentialAction\":[{\"@type\":\"SearchAction\",\"target\":{\"@type\":\"EntryPoint\",\"urlTemplate\":\"https:\/\/www.m2act.ch\/?s={search_term_string}\"},\"query-input\":\"required name=search_term_string\"}],\"inLanguage\":\"en-US\"}]}<\/script>\n<!-- \/ Yoast SEO plugin. -->","yoast_head_json":{"title":"Interview - M2ACT","robots":{"index":"index","follow":"follow","max-snippet":"max-snippet:-1","max-image-preview":"max-image-preview:large","max-video-preview":"max-video-preview:-1"},"canonical":"https:\/\/www.m2act.ch\/en\/interview\/","og_locale":"en_US","og_type":"article","og_title":"Interview - M2ACT","og_description":"Carnet Rose: cultural activism is also born at festivals Lucrezia Perrig and Noemi Gr\u00fctter interviewed by Ana Isabel Mazon In 2020, Lucrezia Perrig, Sidonie Atg\u00e9-Delbays and Noemi Gr\u00fctter co-wrote the Carnet Rose. This handbook brings together the non-exhaustive conclusions of their research work carried out since 2018 as part of the Geneva festival Les Cr\u00e9atives. [&hellip;]","og_url":"https:\/\/www.m2act.ch\/en\/interview\/","og_site_name":"M2ACT","article_modified_time":"2024-01-30T13:44:04+00:00","og_image":[{"url":"https:\/\/www.m2act.ch\/wp-content\/uploads\/2024\/01\/Lucrezia-Perrig-e1706114356226.jpg"}],"twitter_card":"summary_large_image","twitter_misc":{"Est. reading time":"2 minutes"},"schema":{"@context":"https:\/\/schema.org","@graph":[{"@type":"WebPage","@id":"https:\/\/www.m2act.ch\/en\/interview\/","url":"https:\/\/www.m2act.ch\/en\/interview\/","name":"Interview - M2ACT","isPartOf":{"@id":"https:\/\/www.m2act.ch\/#website"},"primaryImageOfPage":{"@id":"https:\/\/www.m2act.ch\/en\/interview\/#primaryimage"},"image":{"@id":"https:\/\/www.m2act.ch\/en\/interview\/#primaryimage"},"thumbnailUrl":"https:\/\/old.m2act.ch\/wp-content\/uploads\/2024\/01\/Lucrezia-Perrig-e1706114356226.jpg","datePublished":"2024-01-30T10:11:30+00:00","dateModified":"2024-01-30T13:44:04+00:00","breadcrumb":{"@id":"https:\/\/www.m2act.ch\/en\/interview\/#breadcrumb"},"inLanguage":"en-US","potentialAction":[{"@type":"ReadAction","target":["https:\/\/www.m2act.ch\/en\/interview\/"]}]},{"@type":"ImageObject","inLanguage":"en-US","@id":"https:\/\/www.m2act.ch\/en\/interview\/#primaryimage","url":"https:\/\/old.m2act.ch\/wp-content\/uploads\/2024\/01\/Lucrezia-Perrig-e1706114356226.jpg","contentUrl":"https:\/\/old.m2act.ch\/wp-content\/uploads\/2024\/01\/Lucrezia-Perrig-e1706114356226.jpg"},{"@type":"BreadcrumbList","@id":"https:\/\/www.m2act.ch\/en\/interview\/#breadcrumb","itemListElement":[{"@type":"ListItem","position":1,"name":"Startseite","item":"https:\/\/www.m2act.ch\/en\/"},{"@type":"ListItem","position":2,"name":"Interview"}]},{"@type":"WebSite","@id":"https:\/\/www.m2act.ch\/#website","url":"https:\/\/www.m2act.ch\/","name":"M2ACT","description":"Ein Projekt von Migros Kulturprozent","potentialAction":[{"@type":"SearchAction","target":{"@type":"EntryPoint","urlTemplate":"https:\/\/www.m2act.ch\/?s={search_term_string}"},"query-input":"required name=search_term_string"}],"inLanguage":"en-US"}]}},"_links":{"self":[{"href":"https:\/\/old.m2act.ch\/en\/wp-json\/wp\/v2\/pages\/9008"}],"collection":[{"href":"https:\/\/old.m2act.ch\/en\/wp-json\/wp\/v2\/pages"}],"about":[{"href":"https:\/\/old.m2act.ch\/en\/wp-json\/wp\/v2\/types\/page"}],"author":[{"embeddable":true,"href":"https:\/\/old.m2act.ch\/en\/wp-json\/wp\/v2\/users\/2"}],"replies":[{"embeddable":true,"href":"https:\/\/old.m2act.ch\/en\/wp-json\/wp\/v2\/comments?post=9008"}],"version-history":[{"count":9,"href":"https:\/\/old.m2act.ch\/en\/wp-json\/wp\/v2\/pages\/9008\/revisions"}],"predecessor-version":[{"id":9167,"href":"https:\/\/old.m2act.ch\/en\/wp-json\/wp\/v2\/pages\/9008\/revisions\/9167"}],"wp:attachment":[{"href":"https:\/\/old.m2act.ch\/en\/wp-json\/wp\/v2\/media?parent=9008"}],"curies":[{"name":"wp","href":"https:\/\/api.w.org\/{rel}","templated":true}]}}