{"id":1071,"date":"2020-10-30T17:40:56","date_gmt":"2020-10-30T16:40:56","guid":{"rendered":"https:\/\/old.m2act.ch\/m2actsuedpol\/"},"modified":"2020-11-20T18:03:42","modified_gmt":"2020-11-20T17:03:42","slug":"m2actsuedpol","status":"publish","type":"page","link":"https:\/\/old.m2act.ch\/en\/m2actsuedpol\/","title":{"rendered":"m2act@S\u00fcdpol"},"content":{"rendered":"\n<h2 class=\"wp-block-heading\">Donnerstag, 08.10.2020<\/h2>\n\n\n\n<p><\/p>\n\n\n\n<h6 class=\"wp-block-heading\">13:30 &#8211; 18:30&nbsp;<\/h6>\n\n\n\n<h3 class=\"wp-block-heading\">Werkzeuge f\u00fcr kulturelle Ko-Kreation Teil 1<\/h3>\n\n\n\n<h6 class=\"wp-block-heading\">Praxisworkshop zur g3-Methode (gemeinsam gesellschaft gestalten)<\/h6>\n\n\n\n<p>Im Kulturbetrieb wird intensiv an der Frage gearbeitet, wie die Bev\u00f6lkerung besser erreicht und st\u00e4rker in die inhaltliche Auseinandersetzung miteinbezogen werden kann. Die von Design Thinking inspirierte Innovationsmethode g3 erm\u00f6glicht es, aktuelle Herausforderungen wie Teilhabe und Zug\u00e4nglichkeit ko-kreativ anzugehen. Der eineinhalb Tage dauernde Workshop unter der Leitung des Dramaturgen und Initiators der g3-Methode, Moritz von Rappard, richtet sich an alle, die mit kulturellen Institutionen oder Projekten zu tun haben und Lust mitbringen, gemeinsam konkrete Antworten auf konkrete Fragen zu entwickeln. Weitere Informationen zur g3-Methode finden sich <a rel=\"noreferrer noopener\" href=\"https:\/\/old.m2act.ch\/toolbox\/g3\/\" target=\"_blank\">hier<\/a>. Der detaillierte Ablauf zum g3-Workshop findet sich <a href=\"https:\/\/old.m2act.ch\/wp-content\/uploads\/2020\/11\/m2act@Suedpol_Informationen-zum-g3-Workshop.pdf\">hier<\/a>.<\/p>\n\n\n\n<p>Die Teilnahme am Workshop ist kostenlos. Der Workshop wird auf Deutsch durchgef\u00fchrt. Die Teilnehmer*innenzahl ist beschr\u00e4nkt. Im Anschluss an den ersten Workshoptag sind die Teilnehmenden zu einem gemeinsamen Abendessen \/ Ap\u00e9ro Riche eingeladen.<\/p>\n\n\n\n<p><\/p>\n\n\n\n<h6 class=\"wp-block-heading\">Ab 20:00&nbsp;&nbsp;&nbsp;&nbsp;&nbsp;&nbsp;&nbsp;&nbsp;<\/h6>\n\n\n\n<h3 class=\"wp-block-heading\">NoNameCompany \u2013 Autres<\/h3>\n\n\n\n<h6 class=\"wp-block-heading\">Vernissage und F\u00fchrung<\/h6>\n\n\n\n<p>Jugendliche mit bewegtem Werdegang erforschen und inszenieren in <a href=\"https:\/\/nonamecompany.weebly.com\/autres.html\" target=\"_blank\" rel=\"noreferrer noopener\">\u00abAutres\u00bb<\/a> ihre potentiellen Identit\u00e4ten: Zusammen mit der K\u00fcnstlerin Audrey Cavelius und dem Bildenden K\u00fcnstler Fran\u00e7ois Burland erschaffen sie in diesem ko-kreativen Projekt eine originelle Mischung aus Fotografie, Szenografie und Theater.<\/p>\n\n\n\n<p>Die Teilnahme an den m2act@S\u00fcdpol Abendveranstaltungen ist kostenlos. Die Teilnehmer*innenzahl ist beschr\u00e4nkt, eine Anmeldung ist erforderlich.<\/p>\n\n\n\n<p><\/p>\n\n\n\n<h2 class=\"wp-block-heading\">Freitag, 09.10.2020<\/h2>\n\n\n\n<p><\/p>\n\n\n\n<h6 class=\"wp-block-heading\">10:30 &#8211; 17:30&nbsp;<\/h6>\n\n\n\n<h3 class=\"wp-block-heading\">Werkzeuge f\u00fcr kulturelle Ko-Kreation Teil 2<\/h3>\n\n\n\n<h6 class=\"wp-block-heading\">Praxisworkshop zur g3-Methode (gemeinsam gesellschaft gestalten)<\/h6>\n\n\n\n<p>Im Kulturbetrieb wird intensiv an der Frage gearbeitet, wie die Bev\u00f6lkerung besser erreicht und st\u00e4rker in die inhaltliche Auseinandersetzung miteinbezogen werden kann. Die von Design Thinking inspirierte Innovationsmethode g3 erm\u00f6glicht es, aktuelle Herausforderungen wie Teilhabe und Zug\u00e4nglichkeit ko-kreativ anzugehen. Der eineinhalb Tage dauernde Workshop unter der Leitung des Dramaturgen und Initiators der g3-Methode, Moritz von Rappard, richtet sich an alle, die mit kulturellen Institutionen oder Projekten zu tun haben und Lust mitbringen, gemeinsam konkrete Antworten auf konkrete Fragen zu entwickeln. Weitere Informationen zur g3-Methode finden sich <a rel=\"noreferrer noopener\" href=\"https:\/\/old.m2act.ch\/toolbox\/g3\/\" target=\"_blank\">hier<\/a>. Der detaillierte Ablauf zum g3-Workshop findet sich <a href=\"https:\/\/old.m2act.ch\/wp-content\/uploads\/2020\/11\/m2act@Suedpol_Informationen-zum-g3-Workshop.pdf\">hier<\/a>.<\/p>\n\n\n\n<p>Die Teilnahme am Workshop ist kostenlos. Der Workshop wird auf Deutsch durchgef\u00fchrt. Die Teilnehmer*innenzahl ist beschr\u00e4nkt. Im Anschluss an den ersten Workshoptag sind die Teilnehmenden zu einem gemeinsamen Abendessen \/ Ap\u00e9ro Riche eingeladen.<\/p>\n\n\n\r\n    <div>        \r\n    <video id=\"plyr69e17ed19c31a\" autoplay controls class=\"easy-video-player\">\r\n       <source src=\"https:\/\/old.m2act.ch\/wp-content\/uploads\/2020\/11\/Kokon_Suedpol_V10_lowerbitrate.mp4\" type=\"video\/mp4\" \/>\r\n    <\/video>\r\n    <\/div>    <script>\r\n        const evplayerplyr69e17ed19c31a = new Plyr(document.getElementById('plyr69e17ed19c31a'));\r\n        evplayerplyr69e17ed19c31a.ratio = '16:9';\r\n        evplayerplyr69e17ed19c31a.iconUrl = 'https:\/\/old.m2act.ch\/wp-content\/plugins\/easy-video-player\/lib\/plyr.svg';\r\n        evplayerplyr69e17ed19c31a.blankVideo = 'https:\/\/old.m2act.ch\/wp-content\/plugins\/easy-video-player\/lib\/blank.mp4';  \r\n    <\/script>\n\n\n\n<h6 class=\"wp-block-heading\">19:00 &#8211; 21:00&nbsp;<\/h6>\n\n\n\n<h3 class=\"wp-block-heading\">Seraina D\u00fcr und Jonas Gillmann \u2013 Theater als Taubenschlag<\/h3>\n\n\n\n<h3 class=\"wp-block-heading\">Trop cher to share \u2013 Wallmapu ex situ<\/h3>\n\n\n\n<h6 class=\"wp-block-heading\">Theater-Performance: Zwei ko-kreative Versuchsanordnungen, ein Abend:<\/h6>\n\n\n\n<p>In ihrem Langzeitprojekt <a href=\"https:\/\/www.goldproduktionen.ch\/parlament-der-dinge\/\" target=\"_blank\" rel=\"noreferrer noopener\">\u00abParlament der Dinge, Tiere, Pflanzen und Algorithmen\u00bb<\/a> wollen die beiden K\u00fcnstler*innen Seraina D\u00fcr und Jonas Gillmann zusammen mit vier Tauben zur arten-\u00fcbergreifenden Companie werden. Zu sechst kommen sie nach Luzern und machen den S\u00fcdpol Luzern zum \u00dcbungsfeld, um mehr-als-menschliche Erz\u00e4hlungen auszuprobieren.<\/p>\n\n\n\n<p>\u00abWallmapu ex situ\u00bb geht der Geschichte eines Territoriums in Chile nach, das mit der Schweiz historisch eng verstrickt ist. Das St\u00fcck ist eine Suche nach multiperspektivischen, nicht-linearen Erz\u00e4hlweisen. <a href=\"https:\/\/www.tropchertoshare.ch\/\" target=\"_blank\" rel=\"noreferrer noopener\">Trop cher to share<\/a> versammelt Repr\u00e4sentant*innen nichtmenschlicher Wesen in einem virtuellen Konferenzraum, in dem tradierte Grenzen und Hierarchien in spekulativer Weise \u00fcberschritten werden k\u00f6nnen.<\/p>\n\n\n\n<p>Die Teilnahme an den m2act@S\u00fcdpol Abendveranstaltungen ist kostenlos. Die Teilnehmer*innenzahl ist beschr\u00e4nkt, eine Anmeldung ist erforderlich.<\/p>\n\n\n\n<p><\/p>\n\n\n\n<h2 class=\"wp-block-heading\">Samstag, 10.10.2020<\/h2>\n\n\n\n<p><\/p>\n\n\n\n<h6 class=\"wp-block-heading\">10:00 &#8211; 18:00&nbsp;<\/h6>\n\n\n\n<h3 class=\"wp-block-heading\">m2act &amp; KOKON \u2013 Ko-Kreation in den Darstellenden K\u00fcnsten<\/h3>\n\n\n\n<h6 class=\"wp-block-heading\">Partizipativer m2act-Kickoff<\/h6>\n\n\n\n<p>Deine Erfahrungen, Erkenntnisse und Ideen zu Ko-Kreation sind gefragt! Den m2act-Kickoff veranstalten wir zusammen mit den Macher*innen der \u00abKOKON \u2013 digitale Fachkonferenz f\u00fcr Ko-Kreation im Theaterbetrieb\u00bb. Gemeinsam wollen wir mit dir Praxiswissen teilen und ko-kreative Ans\u00e4tze in den Darstellenden K\u00fcnsten ausprobieren. Neben Inputs von Kulturschaffenden \u2013 Sibylle Heiniger (Theatermacherin, Bern), Julia Wissert (Intendantin am Theater Dortmund), Delia Dahinden (Spielerin, Puppenbauerin und Regisseurin, Z\u00fcrich), Bianca Vienni Baptista (Kulturwissenschaftlerin, Z\u00fcrich), Alexander Giesche (Theatermacher, Z\u00fcrich) und Yan Duyvendak (K\u00fcnstler, Genf) \u2013 erwarten dich unterschiedliche partizipative Austauschformate. Als besonderes Extra \u00abprotokolliert\u00bb die B\u00fchnenpoetin Patti Basler die Erkenntnisse auf ihre ganz eigene Art. Der m2act-Kickoff richtet sich an Akteur*innen im Bereich der Darstellenden K\u00fcnste \u2013 Kleinkunst, Performance, Theater und Tanz \u2013 und insbesondere auch an (Ko-Kreations-)Spezialist*innen aus anderen Sparten und Bereichen.<\/p>\n\n\n\n<p>Hier findest du <a href=\"https:\/\/padlet.com\/m2act\/kokon\" target=\"_blank\" rel=\"noreferrer noopener\">das detaillierte Programm und weitere Informationen<\/a>. Die Teilnahme am m2act-Kickoff ist kostenlos. Die Teilnehmer*innenzahl ist beschr\u00e4nkt, eine Anmeldung ist erforderlich. Die Teilnahme ist digital oder vor Ort m\u00f6glich (bitte im Anmeldeformular entsprechend ausw\u00e4hlen). Du bist angemeldet f\u00fcr die digitale Teilnahme, hast aber den Link zur Zoom-Konferenz nicht erhalten? Dann melde dich bitte bei: ramona.sprenger@dezentrum.ch<\/p>\n\n\n\n<p><\/p>\n\n\n\n<h6 class=\"wp-block-heading\">19:00 &#8211; 20:00&nbsp;<\/h6>\n\n\n\n<h3 class=\"wp-block-heading\">Simon Senn \u2013 Be Arielle F.<\/h3>\n\n\n\n<h6 class=\"wp-block-heading\">Theater-Performance (digital \/ Livestream vom Festival FIT in Lugano)<\/h6>\n\n\n\n<p>Der Bildende K\u00fcnstler und Videok\u00fcnstler Simon Senn kauft online eine digitale Replik eines weiblichen K\u00f6rpers und schl\u00fcpft dank Virtual Reality in diesen hinein. Neugierig darauf, wer die reale Frau hinter dem virtuellen K\u00f6rper ist, macht er sich auf die Suche nach ihr. In seiner Theater-Performance <a href=\"http:\/\/www.simonsenn.com\/be-arielle-f\/\" target=\"_blank\" rel=\"noreferrer noopener\">\u00abBe Arielle F.\u00bb<\/a> stellt er diese beunruhigende Erfahrung mit reichlich Charme und technischer Raffinesse nach.<\/p>\n\n\n\n<p>Die Teilnahme an den m2act@S\u00fcdpol Abendveranstaltungen ist kostenlos. Eine Anmeldung ist erforderlich. Du bist angemeldet f\u00fcr die digitale Teilnahme, hast aber den Link zur Zoom-Konferenz nicht erhalten? Dann melde dich bitte bei: m2act@mgb.ch<\/p>\n\n\n\n<p><\/p>\n\n\n\n<h6 class=\"wp-block-heading\">20:30 &#8211; 22:00&nbsp;<\/h6>\n\n\n\n<h3 class=\"wp-block-heading\">Slam Poetry and The Hot 3<\/h3>\n\n\n\n<h6 class=\"wp-block-heading\">Ko-Kreations-Session mit Wort und Musik<\/h6>\n\n\n\n<p>Bekannte Protagonist*innen der Slam Poetry Szene, darunter Renato Kaiser, Marguerite Meyer, Rebekka Lindauer, Dominik Muheim und Remo Rickenbacher, treffen auf den wuchtigen Sound von <a href=\"https:\/\/www.romannowka.com\/#muisc\" target=\"_blank\" rel=\"noreferrer noopener\">Roman Nowka\u2019s The Hot 3<\/a>. Wort- und Klangakrobatik verm\u00e4hlen sich zu einer einzigartigen \u00abSlam Poetry meets Music Session\u00bb. Where co-creation happens!<\/p>\n\n\n\n<p>Die Teilnahme an den m2act@S\u00fcdpol Abendveranstaltungen ist kostenlos. Die Teilnehmer*innenzahl ist beschr\u00e4nkt, eine Anmeldung ist erforderlich.<\/p>\n","protected":false},"excerpt":{"rendered":"<p>Donnerstag, 08.10.2020 13:30 &#8211; 18:30&nbsp; Werkzeuge f\u00fcr kulturelle Ko-Kreation Teil 1 Praxisworkshop zur g3-Methode (gemeinsam gesellschaft gestalten) Im Kulturbetrieb wird intensiv an der Frage gearbeitet, wie die Bev\u00f6lkerung besser erreicht und st\u00e4rker in die inhaltliche Auseinandersetzung miteinbezogen werden kann. Die von Design Thinking inspirierte Innovationsmethode g3 erm\u00f6glicht es, aktuelle Herausforderungen wie Teilhabe und Zug\u00e4nglichkeit ko-kreativ [&hellip;]<\/p>\n","protected":false},"author":2,"featured_media":0,"parent":0,"menu_order":62,"comment_status":"closed","ping_status":"closed","template":"","meta":{"_acf_changed":false,"footnotes":""},"class_list":["post-1071","page","type-page","status-publish","hentry"],"acf":[],"yoast_head":"<!-- This site is optimized with the Yoast SEO plugin v23.3 - https:\/\/yoast.com\/wordpress\/plugins\/seo\/ -->\n<title>m2act@S\u00fcdpol - M2ACT<\/title>\n<meta name=\"robots\" content=\"index, follow, max-snippet:-1, max-image-preview:large, max-video-preview:-1\" \/>\n<link rel=\"canonical\" href=\"https:\/\/www.m2act.ch\/en\/m2actsuedpol\/\" \/>\n<meta property=\"og:locale\" content=\"en_US\" \/>\n<meta property=\"og:type\" content=\"article\" \/>\n<meta property=\"og:title\" content=\"m2act@S\u00fcdpol - M2ACT\" \/>\n<meta property=\"og:description\" content=\"Donnerstag, 08.10.2020 13:30 &#8211; 18:30&nbsp; Werkzeuge f\u00fcr kulturelle Ko-Kreation Teil 1 Praxisworkshop zur g3-Methode (gemeinsam gesellschaft gestalten) Im Kulturbetrieb wird intensiv an der Frage gearbeitet, wie die Bev\u00f6lkerung besser erreicht und st\u00e4rker in die inhaltliche Auseinandersetzung miteinbezogen werden kann. Die von Design Thinking inspirierte Innovationsmethode g3 erm\u00f6glicht es, aktuelle Herausforderungen wie Teilhabe und Zug\u00e4nglichkeit ko-kreativ [&hellip;]\" \/>\n<meta property=\"og:url\" content=\"https:\/\/www.m2act.ch\/en\/m2actsuedpol\/\" \/>\n<meta property=\"og:site_name\" content=\"M2ACT\" \/>\n<meta property=\"article:modified_time\" content=\"2020-11-20T17:03:42+00:00\" \/>\n<meta property=\"og:image\" content=\"https:\/\/old.m2act.ch\/wp-content\/uploads\/2023\/03\/M2ACT_KEYVISUAL_2023_DAMPFZENTRALE_1800x800.jpg\" \/>\n\t<meta property=\"og:image:width\" content=\"1800\" \/>\n\t<meta property=\"og:image:height\" content=\"801\" \/>\n\t<meta property=\"og:image:type\" content=\"image\/jpeg\" \/>\n<meta name=\"twitter:card\" content=\"summary_large_image\" \/>\n<meta name=\"twitter:label1\" content=\"Est. reading time\" \/>\n\t<meta name=\"twitter:data1\" content=\"5 minutes\" \/>\n<script type=\"application\/ld+json\" class=\"yoast-schema-graph\">{\"@context\":\"https:\/\/schema.org\",\"@graph\":[{\"@type\":\"WebPage\",\"@id\":\"https:\/\/www.m2act.ch\/en\/m2actsuedpol\/\",\"url\":\"https:\/\/www.m2act.ch\/en\/m2actsuedpol\/\",\"name\":\"m2act@S\u00fcdpol - M2ACT\",\"isPartOf\":{\"@id\":\"https:\/\/www.m2act.ch\/#website\"},\"datePublished\":\"2020-10-30T16:40:56+00:00\",\"dateModified\":\"2020-11-20T17:03:42+00:00\",\"breadcrumb\":{\"@id\":\"https:\/\/www.m2act.ch\/en\/m2actsuedpol\/#breadcrumb\"},\"inLanguage\":\"en-US\",\"potentialAction\":[{\"@type\":\"ReadAction\",\"target\":[\"https:\/\/www.m2act.ch\/en\/m2actsuedpol\/\"]}]},{\"@type\":\"BreadcrumbList\",\"@id\":\"https:\/\/www.m2act.ch\/en\/m2actsuedpol\/#breadcrumb\",\"itemListElement\":[{\"@type\":\"ListItem\",\"position\":1,\"name\":\"Startseite\",\"item\":\"https:\/\/www.m2act.ch\/en\/\"},{\"@type\":\"ListItem\",\"position\":2,\"name\":\"m2act@S\u00fcdpol\"}]},{\"@type\":\"WebSite\",\"@id\":\"https:\/\/www.m2act.ch\/#website\",\"url\":\"https:\/\/www.m2act.ch\/\",\"name\":\"M2ACT\",\"description\":\"Ein Projekt von Migros Kulturprozent\",\"potentialAction\":[{\"@type\":\"SearchAction\",\"target\":{\"@type\":\"EntryPoint\",\"urlTemplate\":\"https:\/\/www.m2act.ch\/?s={search_term_string}\"},\"query-input\":\"required name=search_term_string\"}],\"inLanguage\":\"en-US\"}]}<\/script>\n<!-- \/ Yoast SEO plugin. -->","yoast_head_json":{"title":"m2act@S\u00fcdpol - M2ACT","robots":{"index":"index","follow":"follow","max-snippet":"max-snippet:-1","max-image-preview":"max-image-preview:large","max-video-preview":"max-video-preview:-1"},"canonical":"https:\/\/www.m2act.ch\/en\/m2actsuedpol\/","og_locale":"en_US","og_type":"article","og_title":"m2act@S\u00fcdpol - M2ACT","og_description":"Donnerstag, 08.10.2020 13:30 &#8211; 18:30&nbsp; Werkzeuge f\u00fcr kulturelle Ko-Kreation Teil 1 Praxisworkshop zur g3-Methode (gemeinsam gesellschaft gestalten) Im Kulturbetrieb wird intensiv an der Frage gearbeitet, wie die Bev\u00f6lkerung besser erreicht und st\u00e4rker in die inhaltliche Auseinandersetzung miteinbezogen werden kann. Die von Design Thinking inspirierte Innovationsmethode g3 erm\u00f6glicht es, aktuelle Herausforderungen wie Teilhabe und Zug\u00e4nglichkeit ko-kreativ [&hellip;]","og_url":"https:\/\/www.m2act.ch\/en\/m2actsuedpol\/","og_site_name":"M2ACT","article_modified_time":"2020-11-20T17:03:42+00:00","og_image":[{"width":1800,"height":801,"url":"https:\/\/old.m2act.ch\/wp-content\/uploads\/2023\/03\/M2ACT_KEYVISUAL_2023_DAMPFZENTRALE_1800x800.jpg","type":"image\/jpeg"}],"twitter_card":"summary_large_image","twitter_misc":{"Est. reading time":"5 minutes"},"schema":{"@context":"https:\/\/schema.org","@graph":[{"@type":"WebPage","@id":"https:\/\/www.m2act.ch\/en\/m2actsuedpol\/","url":"https:\/\/www.m2act.ch\/en\/m2actsuedpol\/","name":"m2act@S\u00fcdpol - M2ACT","isPartOf":{"@id":"https:\/\/www.m2act.ch\/#website"},"datePublished":"2020-10-30T16:40:56+00:00","dateModified":"2020-11-20T17:03:42+00:00","breadcrumb":{"@id":"https:\/\/www.m2act.ch\/en\/m2actsuedpol\/#breadcrumb"},"inLanguage":"en-US","potentialAction":[{"@type":"ReadAction","target":["https:\/\/www.m2act.ch\/en\/m2actsuedpol\/"]}]},{"@type":"BreadcrumbList","@id":"https:\/\/www.m2act.ch\/en\/m2actsuedpol\/#breadcrumb","itemListElement":[{"@type":"ListItem","position":1,"name":"Startseite","item":"https:\/\/www.m2act.ch\/en\/"},{"@type":"ListItem","position":2,"name":"m2act@S\u00fcdpol"}]},{"@type":"WebSite","@id":"https:\/\/www.m2act.ch\/#website","url":"https:\/\/www.m2act.ch\/","name":"M2ACT","description":"Ein Projekt von Migros Kulturprozent","potentialAction":[{"@type":"SearchAction","target":{"@type":"EntryPoint","urlTemplate":"https:\/\/www.m2act.ch\/?s={search_term_string}"},"query-input":"required name=search_term_string"}],"inLanguage":"en-US"}]}},"_links":{"self":[{"href":"https:\/\/old.m2act.ch\/en\/wp-json\/wp\/v2\/pages\/1071"}],"collection":[{"href":"https:\/\/old.m2act.ch\/en\/wp-json\/wp\/v2\/pages"}],"about":[{"href":"https:\/\/old.m2act.ch\/en\/wp-json\/wp\/v2\/types\/page"}],"author":[{"embeddable":true,"href":"https:\/\/old.m2act.ch\/en\/wp-json\/wp\/v2\/users\/2"}],"replies":[{"embeddable":true,"href":"https:\/\/old.m2act.ch\/en\/wp-json\/wp\/v2\/comments?post=1071"}],"version-history":[{"count":1,"href":"https:\/\/old.m2act.ch\/en\/wp-json\/wp\/v2\/pages\/1071\/revisions"}],"predecessor-version":[{"id":1221,"href":"https:\/\/old.m2act.ch\/en\/wp-json\/wp\/v2\/pages\/1071\/revisions\/1221"}],"wp:attachment":[{"href":"https:\/\/old.m2act.ch\/en\/wp-json\/wp\/v2\/media?parent=1071"}],"curies":[{"name":"wp","href":"https:\/\/api.w.org\/{rel}","templated":true}]}}