{"id":1068,"date":"2020-10-30T17:49:55","date_gmt":"2020-10-30T16:49:55","guid":{"rendered":"https:\/\/old.m2act.ch\/m2actlegruetli\/"},"modified":"2020-10-30T17:49:55","modified_gmt":"2020-10-30T16:49:55","slug":"m2actlegruetli","status":"publish","type":"page","link":"https:\/\/old.m2act.ch\/en\/m2actlegruetli\/","title":{"rendered":"m2act@LeGr\u00fctli"},"content":{"rendered":"\n<h2 class=\"wp-block-heading\">Montag, 05.10.2020<\/h2>\n\n\n\n<p><\/p>\n\n\n\n<h6 class=\"wp-block-heading\">19:00 &#8211; 21:00&nbsp;<\/h6>\n\n\n\n<h3 class=\"wp-block-heading\">Werkzeuge f\u00fcr kulturelle Ko-Kreation<\/h3>\n\n\n\n<h6 class=\"wp-block-heading\">Praktische Einf\u00fchrung in die g3-Methode (gemeinsam gesellschaft gestalten)<\/h6>\n\n\n\n<p>m2act bietet in Zusammenarbeit mit Le Gr\u00fctli in Genf eine praktische Einf\u00fchrung in die g3-Methode (gemeinsam gesellschaft gestalten) an. Diese von Design Thinking inspirierte Innovationsmethode erm\u00f6glicht es Kulturschaffenden, konkret und praxisnah L\u00f6sungsans\u00e4tze f\u00fcr aktuelle Herausforderungen (wie z.B. Teilhabe und faire Arbeitsbedingungen) in den Darstellenden K\u00fcnsten zu entwickeln. Unter der Leitung des Dramaturgen und Initiators der g3-Methode, Moritz von Rappard, wird in nur zwei Stunden an Ideen gearbeitet, die sofort in die Praxis umgesetzt werden k\u00f6nnen. Weitere Informationen zur g3-Methode finden sich <a href=\"https:\/\/old.m2act.ch\/toolbox\/g3\/\" target=\"_blank\" rel=\"noreferrer noopener\">hier<\/a>.<\/p>\n\n\n\n<p>Die Teilnahme am Workshop ist kostenlos. Der Workshop wird auf Franz\u00f6sisch und Englisch durchgef\u00fchrt. Die Teilnehmer*innenzahl ist beschr\u00e4nkt.<\/p>\n","protected":false},"excerpt":{"rendered":"<p>Montag, 05.10.2020 19:00 &#8211; 21:00&nbsp; Werkzeuge f\u00fcr kulturelle Ko-Kreation Praktische Einf\u00fchrung in die g3-Methode (gemeinsam gesellschaft gestalten) m2act bietet in Zusammenarbeit mit Le Gr\u00fctli in Genf eine praktische Einf\u00fchrung in die g3-Methode (gemeinsam gesellschaft gestalten) an. Diese von Design Thinking inspirierte Innovationsmethode erm\u00f6glicht es Kulturschaffenden, konkret und praxisnah L\u00f6sungsans\u00e4tze f\u00fcr aktuelle Herausforderungen (wie z.B. Teilhabe [&hellip;]<\/p>\n","protected":false},"author":2,"featured_media":0,"parent":0,"menu_order":68,"comment_status":"closed","ping_status":"closed","template":"","meta":{"_acf_changed":false,"footnotes":""},"class_list":["post-1068","page","type-page","status-publish","hentry"],"acf":[],"yoast_head":"<!-- This site is optimized with the Yoast SEO plugin v23.3 - https:\/\/yoast.com\/wordpress\/plugins\/seo\/ -->\n<title>m2act@LeGr\u00fctli - M2ACT<\/title>\n<meta name=\"robots\" content=\"index, follow, max-snippet:-1, max-image-preview:large, max-video-preview:-1\" \/>\n<link rel=\"canonical\" href=\"https:\/\/www.m2act.ch\/en\/m2actlegruetli\/\" \/>\n<meta property=\"og:locale\" content=\"en_US\" \/>\n<meta property=\"og:type\" content=\"article\" \/>\n<meta property=\"og:title\" content=\"m2act@LeGr\u00fctli - M2ACT\" \/>\n<meta property=\"og:description\" content=\"Montag, 05.10.2020 19:00 &#8211; 21:00&nbsp; Werkzeuge f\u00fcr kulturelle Ko-Kreation Praktische Einf\u00fchrung in die g3-Methode (gemeinsam gesellschaft gestalten) m2act bietet in Zusammenarbeit mit Le Gr\u00fctli in Genf eine praktische Einf\u00fchrung in die g3-Methode (gemeinsam gesellschaft gestalten) an. Diese von Design Thinking inspirierte Innovationsmethode erm\u00f6glicht es Kulturschaffenden, konkret und praxisnah L\u00f6sungsans\u00e4tze f\u00fcr aktuelle Herausforderungen (wie z.B. Teilhabe [&hellip;]\" \/>\n<meta property=\"og:url\" content=\"https:\/\/www.m2act.ch\/en\/m2actlegruetli\/\" \/>\n<meta property=\"og:site_name\" content=\"M2ACT\" \/>\n<meta property=\"og:image\" content=\"https:\/\/old.m2act.ch\/wp-content\/uploads\/2023\/03\/M2ACT_KEYVISUAL_2023_DAMPFZENTRALE_1800x800.jpg\" \/>\n\t<meta property=\"og:image:width\" content=\"1800\" \/>\n\t<meta property=\"og:image:height\" content=\"801\" \/>\n\t<meta property=\"og:image:type\" content=\"image\/jpeg\" \/>\n<meta name=\"twitter:card\" content=\"summary_large_image\" \/>\n<meta name=\"twitter:label1\" content=\"Est. reading time\" \/>\n\t<meta name=\"twitter:data1\" content=\"1 minute\" \/>\n<script type=\"application\/ld+json\" class=\"yoast-schema-graph\">{\"@context\":\"https:\/\/schema.org\",\"@graph\":[{\"@type\":\"WebPage\",\"@id\":\"https:\/\/www.m2act.ch\/en\/m2actlegruetli\/\",\"url\":\"https:\/\/www.m2act.ch\/en\/m2actlegruetli\/\",\"name\":\"m2act@LeGr\u00fctli - M2ACT\",\"isPartOf\":{\"@id\":\"https:\/\/www.m2act.ch\/#website\"},\"datePublished\":\"2020-10-30T16:49:55+00:00\",\"dateModified\":\"2020-10-30T16:49:55+00:00\",\"breadcrumb\":{\"@id\":\"https:\/\/www.m2act.ch\/en\/m2actlegruetli\/#breadcrumb\"},\"inLanguage\":\"en-US\",\"potentialAction\":[{\"@type\":\"ReadAction\",\"target\":[\"https:\/\/www.m2act.ch\/en\/m2actlegruetli\/\"]}]},{\"@type\":\"BreadcrumbList\",\"@id\":\"https:\/\/www.m2act.ch\/en\/m2actlegruetli\/#breadcrumb\",\"itemListElement\":[{\"@type\":\"ListItem\",\"position\":1,\"name\":\"Startseite\",\"item\":\"https:\/\/www.m2act.ch\/en\/\"},{\"@type\":\"ListItem\",\"position\":2,\"name\":\"m2act@LeGr\u00fctli\"}]},{\"@type\":\"WebSite\",\"@id\":\"https:\/\/www.m2act.ch\/#website\",\"url\":\"https:\/\/www.m2act.ch\/\",\"name\":\"M2ACT\",\"description\":\"Ein Projekt von Migros Kulturprozent\",\"potentialAction\":[{\"@type\":\"SearchAction\",\"target\":{\"@type\":\"EntryPoint\",\"urlTemplate\":\"https:\/\/www.m2act.ch\/?s={search_term_string}\"},\"query-input\":\"required name=search_term_string\"}],\"inLanguage\":\"en-US\"}]}<\/script>\n<!-- \/ Yoast SEO plugin. -->","yoast_head_json":{"title":"m2act@LeGr\u00fctli - M2ACT","robots":{"index":"index","follow":"follow","max-snippet":"max-snippet:-1","max-image-preview":"max-image-preview:large","max-video-preview":"max-video-preview:-1"},"canonical":"https:\/\/www.m2act.ch\/en\/m2actlegruetli\/","og_locale":"en_US","og_type":"article","og_title":"m2act@LeGr\u00fctli - M2ACT","og_description":"Montag, 05.10.2020 19:00 &#8211; 21:00&nbsp; Werkzeuge f\u00fcr kulturelle Ko-Kreation Praktische Einf\u00fchrung in die g3-Methode (gemeinsam gesellschaft gestalten) m2act bietet in Zusammenarbeit mit Le Gr\u00fctli in Genf eine praktische Einf\u00fchrung in die g3-Methode (gemeinsam gesellschaft gestalten) an. Diese von Design Thinking inspirierte Innovationsmethode erm\u00f6glicht es Kulturschaffenden, konkret und praxisnah L\u00f6sungsans\u00e4tze f\u00fcr aktuelle Herausforderungen (wie z.B. Teilhabe [&hellip;]","og_url":"https:\/\/www.m2act.ch\/en\/m2actlegruetli\/","og_site_name":"M2ACT","og_image":[{"width":1800,"height":801,"url":"https:\/\/old.m2act.ch\/wp-content\/uploads\/2023\/03\/M2ACT_KEYVISUAL_2023_DAMPFZENTRALE_1800x800.jpg","type":"image\/jpeg"}],"twitter_card":"summary_large_image","twitter_misc":{"Est. reading time":"1 minute"},"schema":{"@context":"https:\/\/schema.org","@graph":[{"@type":"WebPage","@id":"https:\/\/www.m2act.ch\/en\/m2actlegruetli\/","url":"https:\/\/www.m2act.ch\/en\/m2actlegruetli\/","name":"m2act@LeGr\u00fctli - M2ACT","isPartOf":{"@id":"https:\/\/www.m2act.ch\/#website"},"datePublished":"2020-10-30T16:49:55+00:00","dateModified":"2020-10-30T16:49:55+00:00","breadcrumb":{"@id":"https:\/\/www.m2act.ch\/en\/m2actlegruetli\/#breadcrumb"},"inLanguage":"en-US","potentialAction":[{"@type":"ReadAction","target":["https:\/\/www.m2act.ch\/en\/m2actlegruetli\/"]}]},{"@type":"BreadcrumbList","@id":"https:\/\/www.m2act.ch\/en\/m2actlegruetli\/#breadcrumb","itemListElement":[{"@type":"ListItem","position":1,"name":"Startseite","item":"https:\/\/www.m2act.ch\/en\/"},{"@type":"ListItem","position":2,"name":"m2act@LeGr\u00fctli"}]},{"@type":"WebSite","@id":"https:\/\/www.m2act.ch\/#website","url":"https:\/\/www.m2act.ch\/","name":"M2ACT","description":"Ein Projekt von Migros Kulturprozent","potentialAction":[{"@type":"SearchAction","target":{"@type":"EntryPoint","urlTemplate":"https:\/\/www.m2act.ch\/?s={search_term_string}"},"query-input":"required name=search_term_string"}],"inLanguage":"en-US"}]}},"_links":{"self":[{"href":"https:\/\/old.m2act.ch\/en\/wp-json\/wp\/v2\/pages\/1068"}],"collection":[{"href":"https:\/\/old.m2act.ch\/en\/wp-json\/wp\/v2\/pages"}],"about":[{"href":"https:\/\/old.m2act.ch\/en\/wp-json\/wp\/v2\/types\/page"}],"author":[{"embeddable":true,"href":"https:\/\/old.m2act.ch\/en\/wp-json\/wp\/v2\/users\/2"}],"replies":[{"embeddable":true,"href":"https:\/\/old.m2act.ch\/en\/wp-json\/wp\/v2\/comments?post=1068"}],"version-history":[{"count":1,"href":"https:\/\/old.m2act.ch\/en\/wp-json\/wp\/v2\/pages\/1068\/revisions"}],"predecessor-version":[{"id":1074,"href":"https:\/\/old.m2act.ch\/en\/wp-json\/wp\/v2\/pages\/1068\/revisions\/1074"}],"wp:attachment":[{"href":"https:\/\/old.m2act.ch\/en\/wp-json\/wp\/v2\/media?parent=1068"}],"curies":[{"name":"wp","href":"https:\/\/api.w.org\/{rel}","templated":true}]}}